{"id":31379,"date":"2023-12-19T22:19:45","date_gmt":"2023-12-19T22:19:45","guid":{"rendered":"https:\/\/e.kosmolat.eu\/product\/plant-adv-aloe-vera-mitrin-un-nomierin-kerm-zel-490-g\/"},"modified":"2025-09-20T01:38:34","modified_gmt":"2025-09-20T01:38:34","slug":"plant-adv-aloe-vera-mitrin-un-nomierin-kerm-zel-490-g","status":"publish","type":"product","link":"https:\/\/e.kosmolat.eu\/lt\/produktas\/plant-adv-aloe-vera-mitrin-un-nomierin-kerm-zel-490-g\/","title":{"rendered":"BELKOSMEX Plant Advanced Aloe Vera dr\u0117kinamasis raminamasis k\u016bno gelis, 490 g"},"content":{"rendered":"<p>Aktyv\u016bs gelio komponentai giliai prisotina dr\u0117gm\u0117s, ramina, mink&scaron;tina ir i&scaron;lygina odos mikroreljef\u0105.<\/p>\n<ul>\n<li>Betainas yra augalinis komponentas, gaunamas i&scaron; cukrini\u0173 runkeli\u0173 sul\u010di\u0173. Turi dr\u0117kinan\u010di\u0173, mink&scaron;tinan\u010di\u0173 ir raminan\u010di\u0173 savybi\u0173. R\u016bpestingai pri\u017ei\u016bri veido od\u0105, pastebimai, gerina jos i&scaron;vaizd\u0105.<\/li>\n<li>Alantoinas &ndash; pasi\u017eymi mink&scaron;tinamuoju ir &scaron;vei\u010diamuoju poveikiu, skatina odos l\u0105steli\u0173 atsinaujinim\u0105, apsaugo nuo por\u0173 u\u017esikim&scaron;imo.<\/li>\n<\/ul>\n<p><strong>Naudojimas:<\/strong> tepkite ant &scaron;varios,&nbsp;sausa oda lygiu plonu sluoksniu. Tinka kasdieniam naudojimui. Tinka visiems odos tipams.<\/p>\n<p>Laikyti nuo +5 &deg;C iki +25 &deg;C temperat\u016broje, saugoti nuo tiesiogini\u0173 saul\u0117s spinduli\u0173.<br \/>\n&nbsp;<\/p>\n","protected":false},"excerpt":{"rendered":"<p>Aktyv\u016bs gelio komponentai giliai prisotina dr\u0117gm\u0117s, ramina, mink&scaron;tina ir i&scaron;lygina odos mikroreljef\u0105. Betainas yra augalinis komponentas, gaunamas i&scaron; cukrini\u0173 runkeli\u0173 sul\u010di\u0173. Turi dr\u0117kinan\u010di\u0173, mink&scaron;tinan\u010di\u0173 ir raminan\u010di\u0173 savybi\u0173. R\u016bpestingai pri\u017ei\u016bri veido od\u0105, pastebimai, gerina jos i&scaron;vaizd\u0105. Alantoinas &ndash; pasi\u017eymi mink&scaron;tinamuoju ir &scaron;vei\u010diamuoju poveikiu, skatina odos l\u0105steli\u0173 atsinaujinim\u0105, apsaugo nuo por\u0173 u\u017esikim&scaron;imo. Naudojimas: tepkite ant &scaron;varios,&nbsp;sausa oda [&#8230;]\n","protected":false},"featured_media":89186,"template":"","meta":[],"product_cat":[1390],"product_tag":[],"class_list":{"0":"post-31379","1":"product","2":"type-product","3":"status-publish","4":"has-post-thumbnail","6":"product_brand-belkosmex_by-lt","7":"product_cat-kremai-aliejai-kuno-pienelis","9":"first","10":"outofstock","11":"taxable","12":"shipping-taxable","13":"product-type-simple"},"_links":{"self":[{"href":"https:\/\/e.kosmolat.eu\/lt\/wp-json\/wp\/v2\/product\/31379","targetHints":{"allow":["GET"]}}],"collection":[{"href":"https:\/\/e.kosmolat.eu\/lt\/wp-json\/wp\/v2\/product"}],"about":[{"href":"https:\/\/e.kosmolat.eu\/lt\/wp-json\/wp\/v2\/types\/product"}],"wp:featuredmedia":[{"embeddable":true,"href":"https:\/\/e.kosmolat.eu\/lt\/wp-json\/wp\/v2\/media\/89186"}],"wp:attachment":[{"href":"https:\/\/e.kosmolat.eu\/lt\/wp-json\/wp\/v2\/media?parent=31379"}],"wp:term":[{"taxonomy":"product_cat","embeddable":true,"href":"https:\/\/e.kosmolat.eu\/lt\/wp-json\/wp\/v2\/product_cat?post=31379"},{"taxonomy":"product_tag","embeddable":true,"href":"https:\/\/e.kosmolat.eu\/lt\/wp-json\/wp\/v2\/product_tag?post=31379"}],"curies":[{"name":"wp","href":"https:\/\/api.w.org\/{rel}","templated":true}]}}