{"id":31375,"date":"2023-12-19T22:19:17","date_gmt":"2023-12-19T22:19:17","guid":{"rendered":"https:\/\/e.kosmolat.eu\/product\/plant-adv-aloe-zelejveida-burbulmaska-sejai-ar-attirosu-efektu-110-g\/"},"modified":"2025-09-20T01:38:17","modified_gmt":"2025-09-20T01:38:17","slug":"plant-adv-aloe-zelejveida-burbulmaska-sejai-ar-attirosu-efektu-110-g","status":"publish","type":"product","link":"https:\/\/e.kosmolat.eu\/lt\/produktas\/plant-adv-aloe-zelejveida-burbulmaska-sejai-ar-attirosu-efektu-110-g\/","title":{"rendered":"BELKOSMEX Plant Advanced Aloe Vera Burbulin\u0117 gelin\u0117o kauk\u0117 veidui su valan\u010diu poveikiu, 110 g"},"content":{"rendered":"<p>Gelin\u0117s kauk\u0117s burbuliukai efektyviai valo, suteikia lengvo masa\u017eo atpalaidavimo efekt\u0105 ir transformuoja od\u0105, suteikdami jai pails\u0117jusi\u0105 i&scaron;vaizd\u0105. Hialurono r\u016bg&scaron;tis &ndash; aktyvus komponentas, reguliuojantis odos vandens balans\u0105, u\u017ekertantis keli\u0105 tempimo &nbsp;jausmui ir elastingumo praradimui, suteikiantis odai &scaron;velnumo, glotnumo ir jaunyst\u0117s, sukuriantis nat\u016bralaus odos &scaron;vyt\u0117jimo efekt\u0105. Betainas &ndash; augalinis ingredientas, gaunamas i&scaron; cukrini\u0173 runkeli\u0173 sul\u010di\u0173, pasi\u017eymi dr\u0117kinan\u010diomis, mink&scaron;tinan\u010diomis ir raminan\u010diomis savyb\u0117mis, &scaron;velniai r\u016bpinasi veido oda, \u017eenkliai pagerina jos i&scaron;vaizd\u0105.<\/p>\n<p><strong>Naudojimas: <\/strong>Tepkite masa\u017euojamaisiais judesiais ant dr\u0117gnos veido odos, paskirstydami tolygiai plonu sluoksniu. Po 10-15 minu\u010di\u0173 susidariusias putas nuplaukite &scaron;iltu vandeniu. Netinka aki\u0173 makia\u017eui nuvalyti. Patekus \u012f akis, praplauti vandeniu.<br \/>\nPo naudojimo sandariai u\u017edarykite t\u016bbel\u0119, kad i&scaron;vengtum\u0117te gaminio oksidacijos. Rekomenduojama naudoti 1-2 kartus per savait\u0119. Tinka visiems odos tipams.<\/p>\n<p>Laikyti nuo +5 &deg;C iki +25 &deg;C temperat\u016broje, saugoti nuo tiesiogini\u0173 saul\u0117s spinduli\u0173.<br \/>\n&nbsp;<\/p>\n","protected":false},"excerpt":{"rendered":"<p>Gelin\u0117s kauk\u0117s burbuliukai efektyviai valo, suteikia lengvo masa\u017eo atpalaidavimo efekt\u0105 ir transformuoja od\u0105, suteikdami jai pails\u0117jusi\u0105 i&scaron;vaizd\u0105. Hialurono r\u016bg&scaron;tis &ndash; aktyvus komponentas, reguliuojantis odos vandens balans\u0105, u\u017ekertantis keli\u0105 tempimo &nbsp;jausmui ir elastingumo praradimui, suteikiantis odai &scaron;velnumo, glotnumo ir jaunyst\u0117s, sukuriantis nat\u016bralaus odos &scaron;vyt\u0117jimo efekt\u0105. Betainas &ndash; augalinis ingredientas, gaunamas i&scaron; cukrini\u0173 runkeli\u0173 sul\u010di\u0173, pasi\u017eymi dr\u0117kinan\u010diomis, [&#8230;]\n","protected":false},"featured_media":89182,"template":"","meta":[],"product_cat":[1369],"product_tag":[],"class_list":{"0":"post-31375","1":"product","2":"type-product","3":"status-publish","4":"has-post-thumbnail","6":"product_brand-belkosmex_by-lt","7":"product_cat-veido-kaukes","9":"first","10":"outofstock","11":"taxable","12":"shipping-taxable","13":"product-type-simple"},"_links":{"self":[{"href":"https:\/\/e.kosmolat.eu\/lt\/wp-json\/wp\/v2\/product\/31375","targetHints":{"allow":["GET"]}}],"collection":[{"href":"https:\/\/e.kosmolat.eu\/lt\/wp-json\/wp\/v2\/product"}],"about":[{"href":"https:\/\/e.kosmolat.eu\/lt\/wp-json\/wp\/v2\/types\/product"}],"wp:featuredmedia":[{"embeddable":true,"href":"https:\/\/e.kosmolat.eu\/lt\/wp-json\/wp\/v2\/media\/89182"}],"wp:attachment":[{"href":"https:\/\/e.kosmolat.eu\/lt\/wp-json\/wp\/v2\/media?parent=31375"}],"wp:term":[{"taxonomy":"product_cat","embeddable":true,"href":"https:\/\/e.kosmolat.eu\/lt\/wp-json\/wp\/v2\/product_cat?post=31375"},{"taxonomy":"product_tag","embeddable":true,"href":"https:\/\/e.kosmolat.eu\/lt\/wp-json\/wp\/v2\/product_tag?post=31375"}],"curies":[{"name":"wp","href":"https:\/\/api.w.org\/{rel}","templated":true}]}}