{"id":31367,"date":"2023-12-19T22:17:07","date_gmt":"2023-12-19T22:17:07","guid":{"rendered":"https:\/\/e.kosmolat.eu\/product\/sh-diena-un-nakts-dav-kompl-roku-kr-72-ml-nakts-roku-kr-72-ml\/"},"modified":"2025-09-20T02:09:27","modified_gmt":"2025-09-20T02:09:27","slug":"sh-diena-un-nakts-dav-kompl-roku-kr-72-ml-nakts-roku-kr-72-ml","status":"publish","type":"product","link":"https:\/\/e.kosmolat.eu\/lt\/produktas\/sh-diena-un-nakts-dav-kompl-roku-kr-72-ml-nakts-roku-kr-72-ml\/","title":{"rendered":"SILKY HANDS Diena\/Naktis dovan\u0173 rinkinys (Rank\u0173 kremas, 72 ml + Naktinis rank\u0173 kremas, 72 ml)"},"content":{"rendered":"<p><strong>Rinkinio turinys:<\/strong><br \/>\n1) Rank\u0173 kremas &bdquo;Maitinantis&ldquo; &#8211; 72 ml.<br \/>\nIntensyviai lygina od\u0105, padaro j\u0105 lygi\u0105 ir &scaron;velni\u0105, suteikia rank\u0173 odai i&scaron;puosel\u0117t\u0105 i&scaron;vaizd\u0105.<\/p>\n<p>2) Naktinis rank\u0173 kremas &quot;Regeneruojantis&quot; &#8211; 72 ml.<br \/>\nU\u017etikrina visi&scaron;k\u0105 rank\u0173 odos atsinaujinim\u0105 po streso veiksni\u0173 poveikio.<\/p>\n<p><strong>Naudojimas: <\/strong>Tepkite krem\u0105 ant &scaron;vari\u0173, saus\u0173 rank\u0173, &scaron;velniai masa\u017euokite, kol visi&scaron;kai \u012fsigers. Naudokite pagal poreik\u012f.<\/p>\n<p>Laikyti nuo +5&deg;C iki +25&deg;C temperat\u016broje, sausoje vietoje, toliau nuo &scaron;ildymo prietais\u0173, atokiau nuo tiesiogini\u0173 saul\u0117s spinduli\u0173.<\/p>\n<p><strong>Geriausias: <\/strong>36 m\u0117nesiai nuo pagaminimo datos. Atidarius, sunaudoti per 6 m\u0117nesius.<br \/>\n&nbsp;<\/p>\n","protected":false},"excerpt":{"rendered":"<p>Rinkinio turinys: 1) Rank\u0173 kremas &bdquo;Maitinantis&ldquo; &#8211; 72 ml. Intensyviai lygina od\u0105, padaro j\u0105 lygi\u0105 ir &scaron;velni\u0105, suteikia rank\u0173 odai i&scaron;puosel\u0117t\u0105 i&scaron;vaizd\u0105. 2) Naktinis rank\u0173 kremas &quot;Regeneruojantis&quot; &#8211; 72 ml. U\u017etikrina visi&scaron;k\u0105 rank\u0173 odos atsinaujinim\u0105 po streso veiksni\u0173 poveikio. Naudojimas: Tepkite krem\u0105 ant &scaron;vari\u0173, saus\u0173 rank\u0173, &scaron;velniai masa\u017euokite, kol visi&scaron;kai \u012fsigers. Naudokite pagal poreik\u012f. Laikyti [&#8230;]\n","protected":false},"featured_media":89690,"template":"","meta":[],"product_cat":[1304],"product_tag":[],"class_list":{"0":"post-31367","1":"product","2":"type-product","3":"status-publish","4":"has-post-thumbnail","6":"product_brand-unilever-ua-lt","7":"product_cat-ranku-prieziuros-kosmetika","9":"first","10":"outofstock","11":"taxable","12":"shipping-taxable","13":"product-type-simple"},"_links":{"self":[{"href":"https:\/\/e.kosmolat.eu\/lt\/wp-json\/wp\/v2\/product\/31367","targetHints":{"allow":["GET"]}}],"collection":[{"href":"https:\/\/e.kosmolat.eu\/lt\/wp-json\/wp\/v2\/product"}],"about":[{"href":"https:\/\/e.kosmolat.eu\/lt\/wp-json\/wp\/v2\/types\/product"}],"wp:featuredmedia":[{"embeddable":true,"href":"https:\/\/e.kosmolat.eu\/lt\/wp-json\/wp\/v2\/media\/89690"}],"wp:attachment":[{"href":"https:\/\/e.kosmolat.eu\/lt\/wp-json\/wp\/v2\/media?parent=31367"}],"wp:term":[{"taxonomy":"product_cat","embeddable":true,"href":"https:\/\/e.kosmolat.eu\/lt\/wp-json\/wp\/v2\/product_cat?post=31367"},{"taxonomy":"product_tag","embeddable":true,"href":"https:\/\/e.kosmolat.eu\/lt\/wp-json\/wp\/v2\/product_tag?post=31367"}],"curies":[{"name":"wp","href":"https:\/\/api.w.org\/{rel}","templated":true}]}}