{"id":31363,"date":"2023-12-19T22:16:41","date_gmt":"2023-12-19T22:16:41","guid":{"rendered":"https:\/\/e.kosmolat.eu\/product\/sh-davanu-kompl-luxury-collection-roku-kr-gels-72-ml-roku-kr-72-ml\/"},"modified":"2025-09-20T02:09:13","modified_gmt":"2025-09-20T02:09:13","slug":"sh-davanu-kompl-luxury-collection-roku-kr-gels-72-ml-roku-kr-72-ml","status":"publish","type":"product","link":"https:\/\/e.kosmolat.eu\/lt\/produktas\/sh-davanu-kompl-luxury-collection-roku-kr-gels-72-ml-roku-kr-72-ml\/","title":{"rendered":"SILKY HANDS dovan\u0173 rinkinys Luxury Collection (Rank\u0173 kremas-gelis, 72 ml + Rank\u0173 kremas, 72 ml)"},"content":{"rendered":"<p><strong>Rinkinio turinys:<\/strong><br \/>\n1) Rank\u0173 kremas-gelis &quot;Gaivumas&quot; &#8211; 72 ml.<br \/>\nJis turi lengv\u0105 ir maloni\u0105 tekst\u016br\u0105. Subalansuotas veikli\u0173j\u0173 med\u017eiag\u0173 kompleksas u\u017etikrina visi&scaron;k\u0105 rank\u0173 odos prie\u017ei\u016br\u0105.<\/p>\n<p>2) Rank\u0173 kremas &quot;Karali&scaron;kas arganas&quot; &#8211; 72 ml.<br \/>\nPraturtintas nat\u016braliu argan\u0173 aliejumi, nepakei\u010diamomis omega r\u016bg&scaron;timis, kurios prisotina od\u0105 vertingais mikroelementais, tod\u0117l oda tampa &scaron;velni ir &scaron;ilkin\u0117.<\/p>\n<p><strong>Naudojimas:<\/strong> Tepkite krem\u0105 ant &scaron;vari\u0173, saus\u0173 rank\u0173, &scaron;velniai masa\u017euokite, kol visi&scaron;kai \u012fsigers. Naudokite pagal poreik\u012f.<\/p>\n<p>Laikyti nuo +5&deg;C iki +25&deg;C temperat\u016broje, sausoje vietoje, toliau nuo &scaron;ildymo prietais\u0173, atokiau nuo tiesiogini\u0173 saul\u0117s spinduli\u0173.<\/p>\n<p><strong>Geriausias:<\/strong> 36 m\u0117nesiai nuo pagaminimo datos. Atidarius, sunaudoti per 6 m\u0117nesius.<br \/>\n&nbsp;<\/p>\n","protected":false},"excerpt":{"rendered":"<p>Rinkinio turinys: 1) Rank\u0173 kremas-gelis &quot;Gaivumas&quot; &#8211; 72 ml. Jis turi lengv\u0105 ir maloni\u0105 tekst\u016br\u0105. Subalansuotas veikli\u0173j\u0173 med\u017eiag\u0173 kompleksas u\u017etikrina visi&scaron;k\u0105 rank\u0173 odos prie\u017ei\u016br\u0105. 2) Rank\u0173 kremas &quot;Karali&scaron;kas arganas&quot; &#8211; 72 ml. Praturtintas nat\u016braliu argan\u0173 aliejumi, nepakei\u010diamomis omega r\u016bg&scaron;timis, kurios prisotina od\u0105 vertingais mikroelementais, tod\u0117l oda tampa &scaron;velni ir &scaron;ilkin\u0117. Naudojimas: Tepkite krem\u0105 ant &scaron;vari\u0173, [&#8230;]\n","protected":false},"featured_media":89686,"template":"","meta":[],"product_cat":[1855],"product_tag":[],"class_list":{"0":"post-31363","1":"product","2":"type-product","3":"status-publish","4":"has-post-thumbnail","6":"product_brand-unilever-ua-lt","7":"product_cat-dovanu-rinkiniai-moterim","9":"first","10":"outofstock","11":"taxable","12":"shipping-taxable","13":"product-type-simple"},"_links":{"self":[{"href":"https:\/\/e.kosmolat.eu\/lt\/wp-json\/wp\/v2\/product\/31363","targetHints":{"allow":["GET"]}}],"collection":[{"href":"https:\/\/e.kosmolat.eu\/lt\/wp-json\/wp\/v2\/product"}],"about":[{"href":"https:\/\/e.kosmolat.eu\/lt\/wp-json\/wp\/v2\/types\/product"}],"wp:featuredmedia":[{"embeddable":true,"href":"https:\/\/e.kosmolat.eu\/lt\/wp-json\/wp\/v2\/media\/89686"}],"wp:attachment":[{"href":"https:\/\/e.kosmolat.eu\/lt\/wp-json\/wp\/v2\/media?parent=31363"}],"wp:term":[{"taxonomy":"product_cat","embeddable":true,"href":"https:\/\/e.kosmolat.eu\/lt\/wp-json\/wp\/v2\/product_cat?post=31363"},{"taxonomy":"product_tag","embeddable":true,"href":"https:\/\/e.kosmolat.eu\/lt\/wp-json\/wp\/v2\/product_tag?post=31363"}],"curies":[{"name":"wp","href":"https:\/\/api.w.org\/{rel}","templated":true}]}}