{"id":31359,"date":"2023-12-19T22:16:16","date_gmt":"2023-12-19T22:16:16","guid":{"rendered":"https:\/\/e.kosmolat.eu\/product\/sh-dav-kompl-maiga-mitrin-kremziep-230-ml-roku-kr-72-ml\/"},"modified":"2025-09-20T02:08:59","modified_gmt":"2025-09-20T02:08:59","slug":"sh-dav-kompl-maiga-mitrin-kremziep-230-ml-roku-kr-72-ml","status":"publish","type":"product","link":"https:\/\/e.kosmolat.eu\/lt\/produktas\/sh-dav-kompl-maiga-mitrin-kremziep-230-ml-roku-kr-72-ml\/","title":{"rendered":"SILKY HANDS Dovan\u0173 rinkinys \u0160velniai dr\u0117kinantis (Kreminis muilas, 230 ml + Rank\u0173 kremas, 72 ml)"},"content":{"rendered":"<p><strong>Rinkinio turinys:<\/strong><br \/>\n1) Kreminis muilas &bdquo;Dr\u0117kinimas &nbsp;ir mink&scaron;tinimas&ldquo;, 230 ml.<br \/>\nVeiksmingai pa&scaron;alina ne&scaron;varumus, nepa\u017eeid\u017eiant nat\u016bralaus rank\u0173 odos pH balanso. Kremo-muilo formul\u0117 su alyvuogi\u0173 aliejumi ir mink&scaron;tinan\u010diais ingredientais u\u017etikrina odos dr\u0117kinim\u0105 prausimosi metu.<\/p>\n<p><strong>Naudojimas: <\/strong>u\u017etepkite nedidel\u012f kiek\u012f muilo ant dr\u0117gn\u0173 rank\u0173, masa\u017euokite, kol susidarys putos, nuplaukite vandeniu.<\/p>\n<p>2) Rank\u0173 kremas &bdquo;Dr\u0117kinimas&ldquo;, 72 ml.<br \/>\nLengva tekst\u016bra ir greitai &nbsp;\u012fsigeria. Formul\u0117, praturtinta mikroaliejais, &scaron;ilko proteinais ir hialurono r\u016bg&scaron;timi, dr\u0117kina ir mink&scaron;tina od\u0105, ma\u017eina dr\u0117gm\u0117s praradim\u0105, stiprina odos apsauginius mechanizmus, tod\u0117l ji tampa elastinga ir &scaron;ilkin\u0117.<\/p>\n<p><strong>Naudojimas:<\/strong> Tepkite krem\u0105 ant &scaron;vari\u0173, saus\u0173 rank\u0173, &scaron;velniai masa\u017euokite, kol visi&scaron;kai \u012fsigers. Naudokite pagal poreik\u012f.<\/p>\n<p>Laikyti nuo +5&deg;C iki +25&deg;C temperat\u016broje, sausoje vietoje, toliau nuo &scaron;ildymo prietais\u0173, atokiau nuo tiesiogini\u0173 saul\u0117s spinduli\u0173.<\/p>\n<p><strong>Geriausias: <\/strong>36 m\u0117nesiai nuo pagaminimo datos. Atidarius, sunaudoti per 6 m\u0117nesius.<br \/>\n&nbsp;<\/p>\n","protected":false},"excerpt":{"rendered":"<p>Rinkinio turinys: 1) Kreminis muilas &bdquo;Dr\u0117kinimas &nbsp;ir mink&scaron;tinimas&ldquo;, 230 ml. Veiksmingai pa&scaron;alina ne&scaron;varumus, nepa\u017eeid\u017eiant nat\u016bralaus rank\u0173 odos pH balanso. Kremo-muilo formul\u0117 su alyvuogi\u0173 aliejumi ir mink&scaron;tinan\u010diais ingredientais u\u017etikrina odos dr\u0117kinim\u0105 prausimosi metu. Naudojimas: u\u017etepkite nedidel\u012f kiek\u012f muilo ant dr\u0117gn\u0173 rank\u0173, masa\u017euokite, kol susidarys putos, nuplaukite vandeniu. 2) Rank\u0173 kremas &bdquo;Dr\u0117kinimas&ldquo;, 72 ml. Lengva tekst\u016bra ir [&#8230;]\n","protected":false},"featured_media":89682,"template":"","meta":[],"product_cat":[1855],"product_tag":[],"class_list":{"0":"post-31359","1":"product","2":"type-product","3":"status-publish","4":"has-post-thumbnail","6":"product_brand-unilever-ua-lt","7":"product_cat-dovanu-rinkiniai-moterim","9":"first","10":"outofstock","11":"taxable","12":"shipping-taxable","13":"product-type-simple"},"_links":{"self":[{"href":"https:\/\/e.kosmolat.eu\/lt\/wp-json\/wp\/v2\/product\/31359","targetHints":{"allow":["GET"]}}],"collection":[{"href":"https:\/\/e.kosmolat.eu\/lt\/wp-json\/wp\/v2\/product"}],"about":[{"href":"https:\/\/e.kosmolat.eu\/lt\/wp-json\/wp\/v2\/types\/product"}],"wp:featuredmedia":[{"embeddable":true,"href":"https:\/\/e.kosmolat.eu\/lt\/wp-json\/wp\/v2\/media\/89682"}],"wp:attachment":[{"href":"https:\/\/e.kosmolat.eu\/lt\/wp-json\/wp\/v2\/media?parent=31359"}],"wp:term":[{"taxonomy":"product_cat","embeddable":true,"href":"https:\/\/e.kosmolat.eu\/lt\/wp-json\/wp\/v2\/product_cat?post=31359"},{"taxonomy":"product_tag","embeddable":true,"href":"https:\/\/e.kosmolat.eu\/lt\/wp-json\/wp\/v2\/product_tag?post=31359"}],"curies":[{"name":"wp","href":"https:\/\/api.w.org\/{rel}","templated":true}]}}