{"id":31355,"date":"2023-12-19T22:15:56","date_gmt":"2023-12-19T22:15:56","guid":{"rendered":"https:\/\/e.kosmolat.eu\/product\/tt-active-balzams-pec-skusanas-norm-adai-75-ml\/"},"modified":"2025-09-20T02:08:46","modified_gmt":"2025-09-20T02:08:46","slug":"tt-active-balzams-pec-skusanas-norm-adai-75-ml","status":"publish","type":"product","link":"https:\/\/e.kosmolat.eu\/lt\/produktas\/tt-active-balzams-pec-skusanas-norm-adai-75-ml\/","title":{"rendered":"TOP TEN Active Balzamas po skutimosi normaliai odai, 75 ml"},"content":{"rendered":"<p>Balzame esantys komponentai dr\u0117kina ir tonizuoja od\u0105. Padeda atkurti nat\u016bral\u0173 odos &scaron;vie\u017eum\u0105 ir elastingum\u0105.<\/p>\n<p><strong>Naudojimas:<\/strong> u\u017etepkite nedidel\u012f kiek\u012f priemon\u0117s ant delno, o po to ant nuvalyto ir k\u0105 tik nuskusto veido.<br \/>\n&nbsp;<\/p>\n","protected":false},"excerpt":{"rendered":"<p>Balzame esantys komponentai dr\u0117kina ir tonizuoja od\u0105. Padeda atkurti nat\u016bral\u0173 odos &scaron;vie\u017eum\u0105 ir elastingum\u0105. Naudojimas: u\u017etepkite nedidel\u012f kiek\u012f priemon\u0117s ant delno, o po to ant nuvalyto ir k\u0105 tik nuskusto veido. &nbsp;<\/p>\n","protected":false},"featured_media":89678,"template":"","meta":[],"product_cat":[1682],"product_tag":[],"class_list":{"0":"post-31355","1":"product","2":"type-product","3":"status-publish","4":"has-post-thumbnail","6":"product_brand-rubella-bg-lt","7":"product_cat-kosmetika-skutimuisi","9":"first","10":"outofstock","11":"taxable","12":"shipping-taxable","13":"product-type-simple"},"_links":{"self":[{"href":"https:\/\/e.kosmolat.eu\/lt\/wp-json\/wp\/v2\/product\/31355","targetHints":{"allow":["GET"]}}],"collection":[{"href":"https:\/\/e.kosmolat.eu\/lt\/wp-json\/wp\/v2\/product"}],"about":[{"href":"https:\/\/e.kosmolat.eu\/lt\/wp-json\/wp\/v2\/types\/product"}],"wp:featuredmedia":[{"embeddable":true,"href":"https:\/\/e.kosmolat.eu\/lt\/wp-json\/wp\/v2\/media\/89678"}],"wp:attachment":[{"href":"https:\/\/e.kosmolat.eu\/lt\/wp-json\/wp\/v2\/media?parent=31355"}],"wp:term":[{"taxonomy":"product_cat","embeddable":true,"href":"https:\/\/e.kosmolat.eu\/lt\/wp-json\/wp\/v2\/product_cat?post=31355"},{"taxonomy":"product_tag","embeddable":true,"href":"https:\/\/e.kosmolat.eu\/lt\/wp-json\/wp\/v2\/product_tag?post=31355"}],"curies":[{"name":"wp","href":"https:\/\/api.w.org\/{rel}","templated":true}]}}