{"id":31351,"date":"2023-12-19T22:15:30","date_gmt":"2023-12-19T22:15:30","guid":{"rendered":"https:\/\/e.kosmolat.eu\/product\/deba-nb-soothing-micel-udens-saus-un-jut-adai-500-ml\/"},"modified":"2026-04-23T09:38:15","modified_gmt":"2026-04-23T09:38:15","slug":"deba-nb-soothing-micel-udens-saus-un-jut-adai-500-ml","status":"publish","type":"product","link":"https:\/\/e.kosmolat.eu\/lt\/produktas\/deba-nb-soothing-micel-udens-saus-un-jut-adai-500-ml\/","title":{"rendered":"DeBa Natural Beauty Soothing Micelinis vanduo sausai ir jautriai odai, 500 ml"},"content":{"rendered":"<p>Veiksmingai pa&scaron;alina makia\u017e\u0105 ir nuvalo ne&scaron;varumus, dulkes ir riebal\u0173 pertekli\u0173, ramina veido, aki\u0173 ir kaklo od\u0105. Nedirgina ir nesausina odos, turi labai subtil\u0173 ir &scaron;veln\u0173 aromat\u0105. I&scaron;skirtinai tinka sausai, jautriai ir sudirgusiai odai.<br \/>\nVeikliosios med\u017eiagos: ekologi&scaron;kas alavij\u0173 ekstraktas &ndash; giliai dr\u0117kina ir mink&scaron;tina veido ir kaklo od\u0105, saugo j\u0105 nuo tolesnio i&scaron;saus\u0117jimo. Kokos\u0173 vanduo pasi\u017eymi dr\u0117kinamuoju, regeneruojan\u010diu ir raminamuoju poveikiu.<\/p>\n<p><strong>Naudojimas:<\/strong> Nuvalykite veid\u0105, akis ir kakl\u0105 nedideliu kiekiu sudr\u0117kintu vatos diskeliu. Venkite stipraus trynimo, kad apsaugotum\u0117te jautri\u0105 aki\u0173 srit\u012f.<br \/>\n&nbsp;<\/p>\n","protected":false},"excerpt":{"rendered":"<p>Veiksmingai pa&scaron;alina makia\u017e\u0105 ir nuvalo ne&scaron;varumus, dulkes ir riebal\u0173 pertekli\u0173, ramina veido, aki\u0173 ir kaklo od\u0105. Nedirgina ir nesausina odos, turi labai subtil\u0173 ir &scaron;veln\u0173 aromat\u0105. I&scaron;skirtinai tinka sausai, jautriai ir sudirgusiai odai. Veikliosios med\u017eiagos: ekologi&scaron;kas alavij\u0173 ekstraktas &ndash; giliai dr\u0117kina ir mink&scaron;tina veido ir kaklo od\u0105, saugo j\u0105 nuo tolesnio i&scaron;saus\u0117jimo. Kokos\u0173 vanduo pasi\u017eymi [&#8230;]\n","protected":false},"featured_media":89674,"template":"","meta":[],"product_cat":[1570],"product_tag":[],"class_list":{"0":"post-31351","1":"product","2":"type-product","3":"status-publish","4":"has-post-thumbnail","6":"product_brand-rubella-bg-lt","7":"product_cat-micelinis-vanduo","9":"first","10":"instock","11":"taxable","12":"shipping-taxable","13":"product-type-simple"},"_links":{"self":[{"href":"https:\/\/e.kosmolat.eu\/lt\/wp-json\/wp\/v2\/product\/31351","targetHints":{"allow":["GET"]}}],"collection":[{"href":"https:\/\/e.kosmolat.eu\/lt\/wp-json\/wp\/v2\/product"}],"about":[{"href":"https:\/\/e.kosmolat.eu\/lt\/wp-json\/wp\/v2\/types\/product"}],"wp:featuredmedia":[{"embeddable":true,"href":"https:\/\/e.kosmolat.eu\/lt\/wp-json\/wp\/v2\/media\/89674"}],"wp:attachment":[{"href":"https:\/\/e.kosmolat.eu\/lt\/wp-json\/wp\/v2\/media?parent=31351"}],"wp:term":[{"taxonomy":"product_cat","embeddable":true,"href":"https:\/\/e.kosmolat.eu\/lt\/wp-json\/wp\/v2\/product_cat?post=31351"},{"taxonomy":"product_tag","embeddable":true,"href":"https:\/\/e.kosmolat.eu\/lt\/wp-json\/wp\/v2\/product_tag?post=31351"}],"curies":[{"name":"wp","href":"https:\/\/api.w.org\/{rel}","templated":true}]}}