{"id":31347,"date":"2023-12-19T22:15:08","date_gmt":"2023-12-19T22:15:08","guid":{"rendered":"https:\/\/e.kosmolat.eu\/product\/deba-nb-refreshing-attiross-pienins-visiem-adas-tipiem-500-ml\/"},"modified":"2026-04-22T13:22:23","modified_gmt":"2026-04-22T13:22:23","slug":"deba-nb-refreshing-attiross-pienins-visiem-adas-tipiem-500-ml","status":"publish","type":"product","link":"https:\/\/e.kosmolat.eu\/lt\/produktas\/deba-nb-refreshing-attiross-pienins-visiem-adas-tipiem-500-ml\/","title":{"rendered":"DeBa Natural Beauty Refreshing Valomasis pienelis vis\u0173 tip\u0173 odai, 500 ml"},"content":{"rendered":"<p>&Scaron;velni kremin\u0117 tekst\u016bra efektyviai pa&scaron;alina makia\u017e\u0105 ir nuvalo ne&scaron;varumus, dulkes ir riebal\u0173 pertekli\u0173. Maitina ir mink&scaron;tina veido, paaki\u0173 ir kaklo od\u0105. Produktas turi ypating\u0105 lengv\u0105 ir neriebi\u0105 tekst\u016br\u0105 bei labai subtil\u0173, subtil\u0173 aromat\u0105.<\/p>\n<p><strong>Veikliosios med\u017eiagos:<\/strong> ekologi&scaron;kas granat\u0173 ekstraktas, kuriame gausu vitamino C, suteikia odai energijos, saugo j\u0105 nuo \u017ealingo aplinkos poveikio. Ekologi&scaron;kas ro\u017ei\u0173 vanduo turi stipr\u0173 raminam\u0105j\u012f ir antioksidacin\u012f poveik\u012f.<\/p>\n<p><strong>Naudojimas:<\/strong> Nuvalykite veid\u0105, akis ir kakl\u0105 vatos diskeliu, sudr\u0117kintu nedideliu kiekiu pieno. Venkite stipraus trynimo, kad apsaugotum\u0117te jautri\u0105 aki\u0173 srit\u012f.<br \/>\n&nbsp;<\/p>\n","protected":false},"excerpt":{"rendered":"<p>&Scaron;velni kremin\u0117 tekst\u016bra efektyviai pa&scaron;alina makia\u017e\u0105 ir nuvalo ne&scaron;varumus, dulkes ir riebal\u0173 pertekli\u0173. Maitina ir mink&scaron;tina veido, paaki\u0173 ir kaklo od\u0105. Produktas turi ypating\u0105 lengv\u0105 ir neriebi\u0105 tekst\u016br\u0105 bei labai subtil\u0173, subtil\u0173 aromat\u0105. Veikliosios med\u017eiagos: ekologi&scaron;kas granat\u0173 ekstraktas, kuriame gausu vitamino C, suteikia odai energijos, saugo j\u0105 nuo \u017ealingo aplinkos poveikio. Ekologi&scaron;kas ro\u017ei\u0173 vanduo turi [&#8230;]\n","protected":false},"featured_media":89670,"template":"","meta":[],"product_cat":[2181],"product_tag":[],"class_list":{"0":"post-31347","1":"product","2":"type-product","3":"status-publish","4":"has-post-thumbnail","6":"product_brand-rubella-bg-lt","7":"product_cat-bez-kategorijas-lt","9":"first","10":"instock","11":"taxable","12":"shipping-taxable","13":"product-type-simple"},"_links":{"self":[{"href":"https:\/\/e.kosmolat.eu\/lt\/wp-json\/wp\/v2\/product\/31347","targetHints":{"allow":["GET"]}}],"collection":[{"href":"https:\/\/e.kosmolat.eu\/lt\/wp-json\/wp\/v2\/product"}],"about":[{"href":"https:\/\/e.kosmolat.eu\/lt\/wp-json\/wp\/v2\/types\/product"}],"wp:featuredmedia":[{"embeddable":true,"href":"https:\/\/e.kosmolat.eu\/lt\/wp-json\/wp\/v2\/media\/89670"}],"wp:attachment":[{"href":"https:\/\/e.kosmolat.eu\/lt\/wp-json\/wp\/v2\/media?parent=31347"}],"wp:term":[{"taxonomy":"product_cat","embeddable":true,"href":"https:\/\/e.kosmolat.eu\/lt\/wp-json\/wp\/v2\/product_cat?post=31347"},{"taxonomy":"product_tag","embeddable":true,"href":"https:\/\/e.kosmolat.eu\/lt\/wp-json\/wp\/v2\/product_tag?post=31347"}],"curies":[{"name":"wp","href":"https:\/\/api.w.org\/{rel}","templated":true}]}}