{"id":31339,"date":"2023-12-19T22:14:22","date_gmt":"2023-12-19T22:14:22","guid":{"rendered":"https:\/\/e.kosmolat.eu\/product\/pomorin-parodontit-active-mutes-skalos-lidz-500-ml\/"},"modified":"2026-04-01T07:55:53","modified_gmt":"2026-04-01T07:55:53","slug":"pomorin-parodontit-active-mutes-skalos-lidz-500-ml","status":"publish","type":"product","link":"https:\/\/e.kosmolat.eu\/lt\/produktas\/pomorin-parodontit-active-mutes-skalos-lidz-500-ml\/","title":{"rendered":"POMORIN Parodontit Active Burnos skaliklis, 500 ml"},"content":{"rendered":"<p>Sud\u0117tyje n\u0117ra alkoholio, yra nat\u016bralaus Pomorie &scaron;armo, kuriame gausu mineral\u0173 ir mikroelement\u0173, kurie suteikia nat\u016brali\u0105 danten\u0173 ir dant\u0173 apsaug\u0105. Reguliarus naudojimas gerina bendr\u0105 dant\u0173 ir danten\u0173 b\u016bkl\u0119, ma\u017eina gingivito ir periodontito simptomus.<\/p>\n<p><strong>Naudojimas:<\/strong> intensyviai skalaukite burn\u0105 30-40 sekund\u017ei\u0173. Naudokite ryte ir vakare po dant\u0173 valymo.<\/p>\n<p><strong>Atsargiai: <\/strong>Sud\u0117tyje yra natrio fluorido, 0,023% (fluoro pavidalu). Nenuryti. Nenaudoti vaikams iki 7 met\u0173 am\u017eiaus. Saugoti nuo vaik\u0173. Prie&scaron; naudojim\u0105 buteliuk\u0105 suplakite.<br \/>\n&nbsp;<\/p>\n","protected":false},"excerpt":{"rendered":"<p>Sud\u0117tyje n\u0117ra alkoholio, yra nat\u016bralaus Pomorie &scaron;armo, kuriame gausu mineral\u0173 ir mikroelement\u0173, kurie suteikia nat\u016brali\u0105 danten\u0173 ir dant\u0173 apsaug\u0105. Reguliarus naudojimas gerina bendr\u0105 dant\u0173 ir danten\u0173 b\u016bkl\u0119, ma\u017eina gingivito ir periodontito simptomus. Naudojimas: intensyviai skalaukite burn\u0105 30-40 sekund\u017ei\u0173. Naudokite ryte ir vakare po dant\u0173 valymo. Atsargiai: Sud\u0117tyje yra natrio fluorido, 0,023% (fluoro pavidalu). Nenuryti. Nenaudoti [&#8230;]\n","protected":false},"featured_media":89662,"template":"","meta":[],"product_cat":[1313],"product_tag":[],"class_list":{"0":"post-31339","1":"product","2":"type-product","3":"status-publish","4":"has-post-thumbnail","6":"product_brand-danhson_bg-lt","7":"product_cat-burnos-skalavimo-priemones","9":"first","10":"instock","11":"taxable","12":"shipping-taxable","13":"product-type-simple"},"_links":{"self":[{"href":"https:\/\/e.kosmolat.eu\/lt\/wp-json\/wp\/v2\/product\/31339","targetHints":{"allow":["GET"]}}],"collection":[{"href":"https:\/\/e.kosmolat.eu\/lt\/wp-json\/wp\/v2\/product"}],"about":[{"href":"https:\/\/e.kosmolat.eu\/lt\/wp-json\/wp\/v2\/types\/product"}],"wp:featuredmedia":[{"embeddable":true,"href":"https:\/\/e.kosmolat.eu\/lt\/wp-json\/wp\/v2\/media\/89662"}],"wp:attachment":[{"href":"https:\/\/e.kosmolat.eu\/lt\/wp-json\/wp\/v2\/media?parent=31339"}],"wp:term":[{"taxonomy":"product_cat","embeddable":true,"href":"https:\/\/e.kosmolat.eu\/lt\/wp-json\/wp\/v2\/product_cat?post=31339"},{"taxonomy":"product_tag","embeddable":true,"href":"https:\/\/e.kosmolat.eu\/lt\/wp-json\/wp\/v2\/product_tag?post=31339"}],"curies":[{"name":"wp","href":"https:\/\/api.w.org\/{rel}","templated":true}]}}