{"id":31335,"date":"2023-12-19T22:14:04","date_gmt":"2023-12-19T22:14:04","guid":{"rendered":"https:\/\/e.kosmolat.eu\/product\/pomorin-fresh-zobu-pasta-100-ml\/"},"modified":"2026-04-01T07:59:06","modified_gmt":"2026-04-01T07:59:06","slug":"pomorin-fresh-zobu-pasta-100-ml","status":"publish","type":"product","link":"https:\/\/e.kosmolat.eu\/lt\/produktas\/pomorin-fresh-zobu-pasta-100-ml\/","title":{"rendered":"POMORIN Fresh dant\u0173 pasta, 100 ml"},"content":{"rendered":"<p>Suteikia ilgai i&scaron;liekant\u012f gaiv\u0173 kvap\u0105 su m\u0117t\u0173 skoniu, kartu su any\u017ei\u0173 skoniu, suteikian\u010diu papildomo &scaron;vie\u017eumo. Sud\u0117tyje yra nat\u016bralaus Pomorje e\u017eero &scaron;armo, kuris apsaugo burnos gleivin\u0119 nuo u\u017edegim\u0173. Natrio fluoridas apsaugo nuo \u0117duonies ir skatina danties emalio remineralizacij\u0105.<\/p>\n<p><strong>Naudojimas: <\/strong>kad dantenos ir dantys b\u016bt\u0173 sveiki, dant\u0173 past\u0105 naudokite reguliariai, bent du kartus per dien\u0105, valydami 2-3 minutes tinkamu &scaron;epet\u0117liu.<\/p>\n<p><strong>Atsargiai: <\/strong>Sud\u0117tyje yra 0,145% natrio fluorido (fluoro pavidalu).<\/p>\n<p>Produktas tinka suaugusiems ir vaikams nuo 7 met\u0173.<\/p>\n<p>Laikyti sausoje vietoje nuo +5&deg;C iki +25&deg;C temperat\u016broje.<br \/>\n&nbsp;<\/p>\n","protected":false},"excerpt":{"rendered":"<p>Suteikia ilgai i&scaron;liekant\u012f gaiv\u0173 kvap\u0105 su m\u0117t\u0173 skoniu, kartu su any\u017ei\u0173 skoniu, suteikian\u010diu papildomo &scaron;vie\u017eumo. Sud\u0117tyje yra nat\u016bralaus Pomorje e\u017eero &scaron;armo, kuris apsaugo burnos gleivin\u0119 nuo u\u017edegim\u0173. Natrio fluoridas apsaugo nuo \u0117duonies ir skatina danties emalio remineralizacij\u0105. Naudojimas: kad dantenos ir dantys b\u016bt\u0173 sveiki, dant\u0173 past\u0105 naudokite reguliariai, bent du kartus per dien\u0105, valydami 2-3 [&#8230;]\n","protected":false},"featured_media":89706,"template":"","meta":[],"product_cat":[1308],"product_tag":[],"class_list":{"0":"post-31335","1":"product","2":"type-product","3":"status-publish","4":"has-post-thumbnail","6":"product_brand-danhson_bg-lt","7":"product_cat-dantu-pastos-ir-geliai","9":"first","10":"outofstock","11":"taxable","12":"shipping-taxable","13":"product-type-simple"},"_links":{"self":[{"href":"https:\/\/e.kosmolat.eu\/lt\/wp-json\/wp\/v2\/product\/31335","targetHints":{"allow":["GET"]}}],"collection":[{"href":"https:\/\/e.kosmolat.eu\/lt\/wp-json\/wp\/v2\/product"}],"about":[{"href":"https:\/\/e.kosmolat.eu\/lt\/wp-json\/wp\/v2\/types\/product"}],"wp:featuredmedia":[{"embeddable":true,"href":"https:\/\/e.kosmolat.eu\/lt\/wp-json\/wp\/v2\/media\/89706"}],"wp:attachment":[{"href":"https:\/\/e.kosmolat.eu\/lt\/wp-json\/wp\/v2\/media?parent=31335"}],"wp:term":[{"taxonomy":"product_cat","embeddable":true,"href":"https:\/\/e.kosmolat.eu\/lt\/wp-json\/wp\/v2\/product_cat?post=31335"},{"taxonomy":"product_tag","embeddable":true,"href":"https:\/\/e.kosmolat.eu\/lt\/wp-json\/wp\/v2\/product_tag?post=31335"}],"curies":[{"name":"wp","href":"https:\/\/api.w.org\/{rel}","templated":true}]}}