{"id":31331,"date":"2023-12-19T22:13:42","date_gmt":"2023-12-19T22:13:42","guid":{"rendered":"https:\/\/e.kosmolat.eu\/product\/pomorin-active-charcoal-zobu-pasta-100-ml\/"},"modified":"2026-04-22T13:57:59","modified_gmt":"2026-04-22T13:57:59","slug":"pomorin-active-charcoal-zobu-pasta-100-ml","status":"publish","type":"product","link":"https:\/\/e.kosmolat.eu\/lt\/produktas\/pomorin-active-charcoal-zobu-pasta-100-ml\/","title":{"rendered":"POMORIN Active Charcoal dant\u0173 pasta, 100 ml"},"content":{"rendered":"<p>Sud\u0117tyje yra &scaron;armo i&scaron; Pomorje e\u017eero &ndash; nat\u016bralaus produkto, kuriame yra daugiau nei 35 nauding\u0173 mineral\u0173, mikrodumbli\u0173 ekstrakt\u0173, vitamin\u0173, ferment\u0173, biostimuliatori\u0173 ir chlorofilo. Dant\u0173 pasta &ndash; tai Pomoriye &scaron;armo ir aktyvintos anglies derinys, turintis savyb\u0119 sugerti burnoje esan\u010dius toksinus, pa&scaron;alinti d\u0117mes nuo dant\u0173 ir nat\u016braliai balinti nepa\u017eeid\u017eiant emalio. Reguliarus dant\u0173 pastos naudojimas pagerina bendr\u0105 dant\u0173 ir danten\u0173 b\u016bkl\u0119, stiprina dant\u0173 emal\u012f, ma\u017eina gingivito ir periodontito simptomus.<\/p>\n<p><strong>Naudojimas:<\/strong> kad dantenos ir dantys b\u016bt\u0173 sveiki, dant\u0173 past\u0105 naudokite reguliariai, bent du kartus per dien\u0105, valydami 2-3 minutes tinkamu &scaron;epet\u0117liu.<\/p>\n<p><strong>Atsargiai:<\/strong> Sud\u0117tyje yra 0,145% natrio fluorido (fluoro pavidalu).&nbsp;Produktas tinka suaugusiems ir vaikams nuo 7 met\u0173. Tinka veganams.<\/p>\n<p>Laikyti sausoje vietoje nuo +5&deg;C iki +25&deg;C temperat\u016broje.<br \/>\n&nbsp;<\/p>\n","protected":false},"excerpt":{"rendered":"<p>Sud\u0117tyje yra &scaron;armo i&scaron; Pomorje e\u017eero &ndash; nat\u016bralaus produkto, kuriame yra daugiau nei 35 nauding\u0173 mineral\u0173, mikrodumbli\u0173 ekstrakt\u0173, vitamin\u0173, ferment\u0173, biostimuliatori\u0173 ir chlorofilo. Dant\u0173 pasta &ndash; tai Pomoriye &scaron;armo ir aktyvintos anglies derinys, turintis savyb\u0119 sugerti burnoje esan\u010dius toksinus, pa&scaron;alinti d\u0117mes nuo dant\u0173 ir nat\u016braliai balinti nepa\u017eeid\u017eiant emalio. Reguliarus dant\u0173 pastos naudojimas pagerina bendr\u0105 dant\u0173 [&#8230;]\n","protected":false},"featured_media":89702,"template":"","meta":[],"product_cat":[2181],"product_tag":[],"class_list":{"0":"post-31331","1":"product","2":"type-product","3":"status-publish","4":"has-post-thumbnail","6":"product_brand-danhson_bg-lt","7":"product_cat-bez-kategorijas-lt","9":"first","10":"instock","11":"taxable","12":"shipping-taxable","13":"product-type-simple"},"_links":{"self":[{"href":"https:\/\/e.kosmolat.eu\/lt\/wp-json\/wp\/v2\/product\/31331","targetHints":{"allow":["GET"]}}],"collection":[{"href":"https:\/\/e.kosmolat.eu\/lt\/wp-json\/wp\/v2\/product"}],"about":[{"href":"https:\/\/e.kosmolat.eu\/lt\/wp-json\/wp\/v2\/types\/product"}],"wp:featuredmedia":[{"embeddable":true,"href":"https:\/\/e.kosmolat.eu\/lt\/wp-json\/wp\/v2\/media\/89702"}],"wp:attachment":[{"href":"https:\/\/e.kosmolat.eu\/lt\/wp-json\/wp\/v2\/media?parent=31331"}],"wp:term":[{"taxonomy":"product_cat","embeddable":true,"href":"https:\/\/e.kosmolat.eu\/lt\/wp-json\/wp\/v2\/product_cat?post=31331"},{"taxonomy":"product_tag","embeddable":true,"href":"https:\/\/e.kosmolat.eu\/lt\/wp-json\/wp\/v2\/product_tag?post=31331"}],"curies":[{"name":"wp","href":"https:\/\/api.w.org\/{rel}","templated":true}]}}