{"id":31327,"date":"2023-12-19T22:13:24","date_gmt":"2023-12-19T22:13:24","guid":{"rendered":"https:\/\/e.kosmolat.eu\/product\/pomorin-parodontit-active-zobu-pasta-100-ml\/"},"modified":"2026-04-23T13:20:13","modified_gmt":"2026-04-23T13:20:13","slug":"pomorin-parodontit-active-zobu-pasta-100-ml","status":"publish","type":"product","link":"https:\/\/e.kosmolat.eu\/lt\/produktas\/pomorin-parodontit-active-zobu-pasta-100-ml\/","title":{"rendered":"POMORIN Parodontit Active dant\u0173 pasta, 100 ml"},"content":{"rendered":"<p>Sud\u0117tyje yra &scaron;armo i&scaron; Pomorje e\u017eero &ndash; nat\u016bralaus produkto, kuriame yra daugiau nei 35 nauding\u0173 mineral\u0173, mikrodumbli\u0173 ekstrakt\u0173, vitamin\u0173, ferment\u0173, biostimuliatori\u0173 ir chlorofilo. Jis veikia raminan\u010diai, padeda i&scaron;vengti danten\u0173 kraujavimo, saugo burnos gleivin\u0119 nuo u\u017edegim\u0173, naikina seil\u0117se esan\u010dias bakterijas &nbsp;sukelian\u010dias u\u017edegimus, taip pat yra patikima ir efektyvi gingivito ir periodontito profilaktika.<\/p>\n<p><strong>Naudojimas:<\/strong> kad dantenos ir dantys b\u016bt\u0173 sveiki, dant\u0173 past\u0105 naudokite reguliariai, bent du kartus per dien\u0105, valydami 2-3 minutes tinkamu &scaron;epet\u0117liu. Produktas tinka suaugusiems ir vaikams nuo 7 met\u0173. Tinka veganams.<\/p>\n<p>Laikyti sausoje vietoje nuo +5&deg;C iki +25&deg;C temperat\u016broje.<br \/>\n&nbsp;<\/p>\n","protected":false},"excerpt":{"rendered":"<p>Sud\u0117tyje yra &scaron;armo i&scaron; Pomorje e\u017eero &ndash; nat\u016bralaus produkto, kuriame yra daugiau nei 35 nauding\u0173 mineral\u0173, mikrodumbli\u0173 ekstrakt\u0173, vitamin\u0173, ferment\u0173, biostimuliatori\u0173 ir chlorofilo. Jis veikia raminan\u010diai, padeda i&scaron;vengti danten\u0173 kraujavimo, saugo burnos gleivin\u0119 nuo u\u017edegim\u0173, naikina seil\u0117se esan\u010dias bakterijas &nbsp;sukelian\u010dias u\u017edegimus, taip pat yra patikima ir efektyvi gingivito ir periodontito profilaktika. Naudojimas: kad dantenos ir [&#8230;]\n","protected":false},"featured_media":89698,"template":"","meta":[],"product_cat":[1308],"product_tag":[],"class_list":{"0":"post-31327","1":"product","2":"type-product","3":"status-publish","4":"has-post-thumbnail","6":"product_brand-danhson_bg-lt","7":"product_cat-dantu-pastos-ir-geliai","9":"first","10":"instock","11":"taxable","12":"shipping-taxable","13":"product-type-simple"},"_links":{"self":[{"href":"https:\/\/e.kosmolat.eu\/lt\/wp-json\/wp\/v2\/product\/31327","targetHints":{"allow":["GET"]}}],"collection":[{"href":"https:\/\/e.kosmolat.eu\/lt\/wp-json\/wp\/v2\/product"}],"about":[{"href":"https:\/\/e.kosmolat.eu\/lt\/wp-json\/wp\/v2\/types\/product"}],"wp:featuredmedia":[{"embeddable":true,"href":"https:\/\/e.kosmolat.eu\/lt\/wp-json\/wp\/v2\/media\/89698"}],"wp:attachment":[{"href":"https:\/\/e.kosmolat.eu\/lt\/wp-json\/wp\/v2\/media?parent=31327"}],"wp:term":[{"taxonomy":"product_cat","embeddable":true,"href":"https:\/\/e.kosmolat.eu\/lt\/wp-json\/wp\/v2\/product_cat?post=31327"},{"taxonomy":"product_tag","embeddable":true,"href":"https:\/\/e.kosmolat.eu\/lt\/wp-json\/wp\/v2\/product_tag?post=31327"}],"curies":[{"name":"wp","href":"https:\/\/api.w.org\/{rel}","templated":true}]}}