{"id":31323,"date":"2023-12-19T22:13:03","date_gmt":"2023-12-19T22:13:03","guid":{"rendered":"https:\/\/e.kosmolat.eu\/product\/pomorin-whitening-formula-zobu-pasta-100-ml\/"},"modified":"2026-04-22T13:57:31","modified_gmt":"2026-04-22T13:57:31","slug":"pomorin-whitening-formula-zobu-pasta-100-ml","status":"publish","type":"product","link":"https:\/\/e.kosmolat.eu\/lt\/produktas\/pomorin-whitening-formula-zobu-pasta-100-ml\/","title":{"rendered":"POMORIN Whitening Formula dant\u0173 pasta, 100 ml"},"content":{"rendered":"<p>Dant\u0173 pasta, praturtinta j\u016bros druskomis, &scaron;velniai valo apna&scaron;as, ma\u017eina d\u0117mi\u0173 ir apna&scaron;\u0173 susidarym\u0105. Reguliariai naudojant, &nbsp;padeda palaikyti ger\u0105 higien\u0105 ir veiksming\u0105 dant\u0173 bei danten\u0173 profilaktik\u0105.<\/p>\n<p><strong>Naudojimas:<\/strong> kad dantenos ir dantys b\u016bt\u0173 sveiki, dant\u0173 past\u0105 naudokite reguliariai, bent du kartus per dien\u0105, valydami 2-3 minutes tinkamu &scaron;epet\u0117liu. Produktas tinka suaugusiems ir vaikams nuo 7 met\u0173. Tinka veganams.<\/p>\n<p>Laikyti sausoje vietoje nuo +5&deg;C iki +25&deg;C temperat\u016broje.<br \/>\n&nbsp;<\/p>\n","protected":false},"excerpt":{"rendered":"<p>Dant\u0173 pasta, praturtinta j\u016bros druskomis, &scaron;velniai valo apna&scaron;as, ma\u017eina d\u0117mi\u0173 ir apna&scaron;\u0173 susidarym\u0105. Reguliariai naudojant, &nbsp;padeda palaikyti ger\u0105 higien\u0105 ir veiksming\u0105 dant\u0173 bei danten\u0173 profilaktik\u0105. Naudojimas: kad dantenos ir dantys b\u016bt\u0173 sveiki, dant\u0173 past\u0105 naudokite reguliariai, bent du kartus per dien\u0105, valydami 2-3 minutes tinkamu &scaron;epet\u0117liu. Produktas tinka suaugusiems ir vaikams nuo 7 met\u0173. Tinka [&#8230;]\n","protected":false},"featured_media":89694,"template":"","meta":[],"product_cat":[2181],"product_tag":[],"class_list":{"0":"post-31323","1":"product","2":"type-product","3":"status-publish","4":"has-post-thumbnail","6":"product_brand-danhson_bg-lt","7":"product_cat-bez-kategorijas-lt","9":"first","10":"instock","11":"taxable","12":"shipping-taxable","13":"product-type-simple"},"_links":{"self":[{"href":"https:\/\/e.kosmolat.eu\/lt\/wp-json\/wp\/v2\/product\/31323","targetHints":{"allow":["GET"]}}],"collection":[{"href":"https:\/\/e.kosmolat.eu\/lt\/wp-json\/wp\/v2\/product"}],"about":[{"href":"https:\/\/e.kosmolat.eu\/lt\/wp-json\/wp\/v2\/types\/product"}],"wp:featuredmedia":[{"embeddable":true,"href":"https:\/\/e.kosmolat.eu\/lt\/wp-json\/wp\/v2\/media\/89694"}],"wp:attachment":[{"href":"https:\/\/e.kosmolat.eu\/lt\/wp-json\/wp\/v2\/media?parent=31323"}],"wp:term":[{"taxonomy":"product_cat","embeddable":true,"href":"https:\/\/e.kosmolat.eu\/lt\/wp-json\/wp\/v2\/product_cat?post=31323"},{"taxonomy":"product_tag","embeddable":true,"href":"https:\/\/e.kosmolat.eu\/lt\/wp-json\/wp\/v2\/product_tag?post=31323"}],"curies":[{"name":"wp","href":"https:\/\/api.w.org\/{rel}","templated":true}]}}