{"id":31319,"date":"2023-12-19T22:12:45","date_gmt":"2023-12-19T22:12:45","guid":{"rendered":"https:\/\/e.kosmolat.eu\/product\/pomorin-classic-zobu-pasta-100-ml\/"},"modified":"2026-04-22T13:57:15","modified_gmt":"2026-04-22T13:57:15","slug":"pomorin-classic-zobu-pasta-100-ml","status":"publish","type":"product","link":"https:\/\/e.kosmolat.eu\/lt\/produktas\/pomorin-classic-zobu-pasta-100-ml\/","title":{"rendered":"POMORIN Classic dant\u0173 pasta, 100 ml"},"content":{"rendered":"<p>Kompleksin\u0117je dant\u0173 pastos formul\u0117je yra j\u016bros drusk\u0173, kurios yra nat\u016bralus mineral\u0173 ir mikroelement\u0173 &scaron;altinis ir nat\u016braliai valo burn\u0105 bei gerina bendr\u0105 danten\u0173 ir dant\u0173 sveikat\u0105. Reguliarus dant\u0173 pastos naudojimas suma\u017eina apna&scaron;\u0173 susidarym\u0105 ir palieka gaivumo bei &scaron;varos poj\u016bt\u012f.<\/p>\n<p><strong>Naudojimas:<\/strong> kad dantenos ir dantys b\u016bt\u0173 sveiki, dant\u0173 past\u0105 naudokite reguliariai, bent du kartus per dien\u0105, valydami 2-3 minutes tinkamu &scaron;epet\u0117liu. Produktas tinka suaugusiems ir vaikams nuo 7 met\u0173. Tinka veganams.<\/p>\n<p>Laikyti sausoje vietoje nuo +5&deg;C iki +25&deg;C temperat\u016broje.<br \/>\n&nbsp;<\/p>\n","protected":false},"excerpt":{"rendered":"<p>Kompleksin\u0117je dant\u0173 pastos formul\u0117je yra j\u016bros drusk\u0173, kurios yra nat\u016bralus mineral\u0173 ir mikroelement\u0173 &scaron;altinis ir nat\u016braliai valo burn\u0105 bei gerina bendr\u0105 danten\u0173 ir dant\u0173 sveikat\u0105. Reguliarus dant\u0173 pastos naudojimas suma\u017eina apna&scaron;\u0173 susidarym\u0105 ir palieka gaivumo bei &scaron;varos poj\u016bt\u012f. Naudojimas: kad dantenos ir dantys b\u016bt\u0173 sveiki, dant\u0173 past\u0105 naudokite reguliariai, bent du kartus per dien\u0105, valydami [&#8230;]\n","protected":false},"featured_media":88830,"template":"","meta":[],"product_cat":[2181],"product_tag":[],"class_list":{"0":"post-31319","1":"product","2":"type-product","3":"status-publish","4":"has-post-thumbnail","6":"product_brand-danhson_bg-lt","7":"product_cat-bez-kategorijas-lt","9":"first","10":"instock","11":"taxable","12":"shipping-taxable","13":"product-type-simple"},"_links":{"self":[{"href":"https:\/\/e.kosmolat.eu\/lt\/wp-json\/wp\/v2\/product\/31319","targetHints":{"allow":["GET"]}}],"collection":[{"href":"https:\/\/e.kosmolat.eu\/lt\/wp-json\/wp\/v2\/product"}],"about":[{"href":"https:\/\/e.kosmolat.eu\/lt\/wp-json\/wp\/v2\/types\/product"}],"wp:featuredmedia":[{"embeddable":true,"href":"https:\/\/e.kosmolat.eu\/lt\/wp-json\/wp\/v2\/media\/88830"}],"wp:attachment":[{"href":"https:\/\/e.kosmolat.eu\/lt\/wp-json\/wp\/v2\/media?parent=31319"}],"wp:term":[{"taxonomy":"product_cat","embeddable":true,"href":"https:\/\/e.kosmolat.eu\/lt\/wp-json\/wp\/v2\/product_cat?post=31319"},{"taxonomy":"product_tag","embeddable":true,"href":"https:\/\/e.kosmolat.eu\/lt\/wp-json\/wp\/v2\/product_tag?post=31319"}],"curies":[{"name":"wp","href":"https:\/\/api.w.org\/{rel}","templated":true}]}}