{"id":31311,"date":"2023-12-19T22:12:06","date_gmt":"2023-12-19T22:12:06","guid":{"rendered":"https:\/\/e.kosmolat.eu\/product\/grand-sarm-tualetes-ziepes-maijpukite-un-udensroze-5x70-g\/"},"modified":"2026-04-01T07:59:17","modified_gmt":"2026-04-01T07:59:17","slug":"grand-sarm-tualetes-ziepes-maijpukite-un-udensroze-5x70-g","status":"publish","type":"product","link":"https:\/\/e.kosmolat.eu\/lt\/produktas\/grand-sarm-tualetes-ziepes-maijpukite-un-udensroze-5x70-g\/","title":{"rendered":"GRAND CHARM Muilas Pakalnut\u0117 ir vandens lelija, 5&#215;70 g"},"content":{"rendered":"<p>Rank\u0173 ir k\u016bno higienai. Tik i&scaron;oriniam naudojimui.<\/p>\n<p><strong>Geriausias:<\/strong> 3 metai nuo pagaminimo datos.<\/p>\n<p>Laikyti sausoje, u\u017edaroje, gerai v\u0117dinamoje vietoje, ne \u017eemesn\u0117je kaip -5 &deg;C temperat\u016broje, &nbsp;santykin\u0117je oro dr\u0117gm\u0117je ne didesn\u0117je kaip 75%.<br \/>\n&nbsp;<\/p>\n","protected":false},"excerpt":{"rendered":"<p>Rank\u0173 ir k\u016bno higienai. Tik i&scaron;oriniam naudojimui. Geriausias: 3 metai nuo pagaminimo datos. Laikyti sausoje, u\u017edaroje, gerai v\u0117dinamoje vietoje, ne \u017eemesn\u0117je kaip -5 &deg;C temperat\u016broje, &nbsp;santykin\u0117je oro dr\u0117gm\u0117je ne didesn\u0117je kaip 75%. &nbsp;<\/p>\n","protected":false},"featured_media":88846,"template":"","meta":[],"product_cat":[1609],"product_tag":[],"class_list":{"0":"post-31311","1":"product","2":"type-product","3":"status-publish","4":"has-post-thumbnail","6":"product_brand-fmt-ua-lt","7":"product_cat-muilas","9":"first","10":"instock","11":"taxable","12":"shipping-taxable","13":"product-type-simple"},"_links":{"self":[{"href":"https:\/\/e.kosmolat.eu\/lt\/wp-json\/wp\/v2\/product\/31311","targetHints":{"allow":["GET"]}}],"collection":[{"href":"https:\/\/e.kosmolat.eu\/lt\/wp-json\/wp\/v2\/product"}],"about":[{"href":"https:\/\/e.kosmolat.eu\/lt\/wp-json\/wp\/v2\/types\/product"}],"wp:featuredmedia":[{"embeddable":true,"href":"https:\/\/e.kosmolat.eu\/lt\/wp-json\/wp\/v2\/media\/88846"}],"wp:attachment":[{"href":"https:\/\/e.kosmolat.eu\/lt\/wp-json\/wp\/v2\/media?parent=31311"}],"wp:term":[{"taxonomy":"product_cat","embeddable":true,"href":"https:\/\/e.kosmolat.eu\/lt\/wp-json\/wp\/v2\/product_cat?post=31311"},{"taxonomy":"product_tag","embeddable":true,"href":"https:\/\/e.kosmolat.eu\/lt\/wp-json\/wp\/v2\/product_tag?post=31311"}],"curies":[{"name":"wp","href":"https:\/\/api.w.org\/{rel}","templated":true}]}}