{"id":31303,"date":"2023-12-19T22:11:29","date_gmt":"2023-12-19T22:11:29","guid":{"rendered":"https:\/\/e.kosmolat.eu\/product\/spkrug-pedu-balzams-100-ml\/"},"modified":"2026-04-23T07:02:41","modified_gmt":"2026-04-23T07:02:41","slug":"spkrug-pedu-balzams-100-ml","status":"publish","type":"product","link":"https:\/\/e.kosmolat.eu\/lt\/produktas\/spkrug-pedu-balzams-100-ml\/","title":{"rendered":"SPASATELNIJ KRUG balzamas p\u0117doms, 100 ml"},"content":{"rendered":"<p>Kosmetin\u0117 priemon\u0117 p\u0117doms. Sud\u0117tyje yra pantenolio, karbamido-Urea (10%), alavij\u0173 ekstrakto ir arbatmed\u017ei\u0173 aliejaus.<\/p>\n<p><strong>Naudojimas:<\/strong> Tepkite ant &scaron;varios ir sausos odos.<\/p>\n<p>Laikyti v\u0117sioje vietoje nuo +2&deg;C iki +25&deg;C temperat\u016broje.<br \/>\n&nbsp;<\/p>\n","protected":false},"excerpt":{"rendered":"<p>Kosmetin\u0117 priemon\u0117 p\u0117doms. Sud\u0117tyje yra pantenolio, karbamido-Urea (10%), alavij\u0173 ekstrakto ir arbatmed\u017ei\u0173 aliejaus. Naudojimas: Tepkite ant &scaron;varios ir sausos odos. Laikyti v\u0117sioje vietoje nuo +2&deg;C iki +25&deg;C temperat\u016broje. &nbsp;<\/p>\n","protected":false},"featured_media":88802,"template":"","meta":[],"product_cat":[2181],"product_tag":[],"class_list":{"0":"post-31303","1":"product","2":"type-product","3":"status-publish","4":"has-post-thumbnail","6":"product_brand-elpis-lt","7":"product_cat-bez-kategorijas-lt","9":"first","10":"instock","11":"taxable","12":"shipping-taxable","13":"product-type-simple"},"_links":{"self":[{"href":"https:\/\/e.kosmolat.eu\/lt\/wp-json\/wp\/v2\/product\/31303","targetHints":{"allow":["GET"]}}],"collection":[{"href":"https:\/\/e.kosmolat.eu\/lt\/wp-json\/wp\/v2\/product"}],"about":[{"href":"https:\/\/e.kosmolat.eu\/lt\/wp-json\/wp\/v2\/types\/product"}],"wp:featuredmedia":[{"embeddable":true,"href":"https:\/\/e.kosmolat.eu\/lt\/wp-json\/wp\/v2\/media\/88802"}],"wp:attachment":[{"href":"https:\/\/e.kosmolat.eu\/lt\/wp-json\/wp\/v2\/media?parent=31303"}],"wp:term":[{"taxonomy":"product_cat","embeddable":true,"href":"https:\/\/e.kosmolat.eu\/lt\/wp-json\/wp\/v2\/product_cat?post=31303"},{"taxonomy":"product_tag","embeddable":true,"href":"https:\/\/e.kosmolat.eu\/lt\/wp-json\/wp\/v2\/product_tag?post=31303"}],"curies":[{"name":"wp","href":"https:\/\/api.w.org\/{rel}","templated":true}]}}