{"id":31299,"date":"2023-12-19T22:11:11","date_gmt":"2023-12-19T22:11:11","guid":{"rendered":"https:\/\/e.kosmolat.eu\/product\/spkrug-kaju-krems-balzams-venovital-100-ml\/"},"modified":"2026-04-09T12:35:29","modified_gmt":"2026-04-09T12:35:29","slug":"spkrug-kaju-krems-balzams-venovital-100-ml","status":"publish","type":"product","link":"https:\/\/e.kosmolat.eu\/lt\/produktas\/spkrug-kaju-krems-balzams-venovital-100-ml\/","title":{"rendered":"SPASATELNIJ KRUG Kremas-balzamas kojoms Venovital, 100 ml"},"content":{"rendered":"<p>P\u0117d\u0173 kosmetika su nat\u016braliais ka&scaron;ton\u0173, ginkmed\u017ei\u0173, hamameli\u0173 ir trokserutino ekstraktais.<\/p>\n<p><strong>Naudojimas: <\/strong>Tepkite ant &scaron;varios ir sausos odos.<\/p>\n<p>Laikyti v\u0117sioje vietoje nuo +2&deg;C iki +25&deg;C temperat\u016broje.<br \/>\n&nbsp;<\/p>\n","protected":false},"excerpt":{"rendered":"<p>P\u0117d\u0173 kosmetika su nat\u016braliais ka&scaron;ton\u0173, ginkmed\u017ei\u0173, hamameli\u0173 ir trokserutino ekstraktais. Naudojimas: Tepkite ant &scaron;varios ir sausos odos. Laikyti v\u0117sioje vietoje nuo +2&deg;C iki +25&deg;C temperat\u016broje. &nbsp;<\/p>\n","protected":false},"featured_media":88798,"template":"","meta":[],"product_cat":[1763],"product_tag":[],"class_list":{"0":"post-31299","1":"product","2":"type-product","3":"status-publish","4":"has-post-thumbnail","6":"product_brand-elpis-lt","7":"product_cat-koju-prieziuros-kosmetika","9":"first","10":"instock","11":"taxable","12":"shipping-taxable","13":"product-type-simple"},"_links":{"self":[{"href":"https:\/\/e.kosmolat.eu\/lt\/wp-json\/wp\/v2\/product\/31299","targetHints":{"allow":["GET"]}}],"collection":[{"href":"https:\/\/e.kosmolat.eu\/lt\/wp-json\/wp\/v2\/product"}],"about":[{"href":"https:\/\/e.kosmolat.eu\/lt\/wp-json\/wp\/v2\/types\/product"}],"wp:featuredmedia":[{"embeddable":true,"href":"https:\/\/e.kosmolat.eu\/lt\/wp-json\/wp\/v2\/media\/88798"}],"wp:attachment":[{"href":"https:\/\/e.kosmolat.eu\/lt\/wp-json\/wp\/v2\/media?parent=31299"}],"wp:term":[{"taxonomy":"product_cat","embeddable":true,"href":"https:\/\/e.kosmolat.eu\/lt\/wp-json\/wp\/v2\/product_cat?post=31299"},{"taxonomy":"product_tag","embeddable":true,"href":"https:\/\/e.kosmolat.eu\/lt\/wp-json\/wp\/v2\/product_tag?post=31299"}],"curies":[{"name":"wp","href":"https:\/\/api.w.org\/{rel}","templated":true}]}}