{"id":31295,"date":"2023-12-19T22:10:53","date_gmt":"2023-12-19T22:10:53","guid":{"rendered":"https:\/\/e.kosmolat.eu\/product\/spkrug-sejas-krems-adai-ar-paplasinaiem-kapilariem-40-g\/"},"modified":"2025-09-22T10:34:20","modified_gmt":"2025-09-22T10:34:20","slug":"spkrug-sejas-krems-adai-ar-paplasinaiem-kapilariem-40-g","status":"publish","type":"product","link":"https:\/\/e.kosmolat.eu\/lt\/produktas\/spkrug-sejas-krems-adai-ar-paplasinaiem-kapilariem-40-g\/","title":{"rendered":"SPASATELNIJ KRUG Antikapiliarinis veido kremas, 40 g"},"content":{"rendered":"<p>Kosmetin\u0117 priemon\u0117 veidui su trokserutinu, nat\u016braliais hamameli\u0173, arnik\u0173, ramun\u0117li\u0173, rudadumbli\u0173, pel\u017eied\u017ei\u0173, ka&scaron;ton\u0173 ekstraktais, pantenoliu, vitaminu E, avokad\u0173 aliejumi, alantoinu.<\/p>\n<p><strong>Naudojimas:<\/strong> Tepkite ant &scaron;varios ir sausos odos.<\/p>\n<p>Laikyti v\u0117sioje vietoje nuo +2&deg;C iki +25&deg;C temperat\u016broje.<br \/>\n&nbsp;<\/p>\n","protected":false},"excerpt":{"rendered":"<p>Kosmetin\u0117 priemon\u0117 veidui su trokserutinu, nat\u016braliais hamameli\u0173, arnik\u0173, ramun\u0117li\u0173, rudadumbli\u0173, pel\u017eied\u017ei\u0173, ka&scaron;ton\u0173 ekstraktais, pantenoliu, vitaminu E, avokad\u0173 aliejumi, alantoinu. Naudojimas: Tepkite ant &scaron;varios ir sausos odos. Laikyti v\u0117sioje vietoje nuo +2&deg;C iki +25&deg;C temperat\u016broje. &nbsp;<\/p>\n","protected":false},"featured_media":88790,"template":"","meta":[],"product_cat":[1322],"product_tag":[],"class_list":{"0":"post-31295","1":"product","2":"type-product","3":"status-publish","4":"has-post-thumbnail","6":"product_brand-elpis-lt","7":"product_cat-veido-kremai","9":"first","10":"outofstock","11":"taxable","12":"shipping-taxable","13":"product-type-simple"},"_links":{"self":[{"href":"https:\/\/e.kosmolat.eu\/lt\/wp-json\/wp\/v2\/product\/31295","targetHints":{"allow":["GET"]}}],"collection":[{"href":"https:\/\/e.kosmolat.eu\/lt\/wp-json\/wp\/v2\/product"}],"about":[{"href":"https:\/\/e.kosmolat.eu\/lt\/wp-json\/wp\/v2\/types\/product"}],"wp:featuredmedia":[{"embeddable":true,"href":"https:\/\/e.kosmolat.eu\/lt\/wp-json\/wp\/v2\/media\/88790"}],"wp:attachment":[{"href":"https:\/\/e.kosmolat.eu\/lt\/wp-json\/wp\/v2\/media?parent=31295"}],"wp:term":[{"taxonomy":"product_cat","embeddable":true,"href":"https:\/\/e.kosmolat.eu\/lt\/wp-json\/wp\/v2\/product_cat?post=31295"},{"taxonomy":"product_tag","embeddable":true,"href":"https:\/\/e.kosmolat.eu\/lt\/wp-json\/wp\/v2\/product_tag?post=31295"}],"curies":[{"name":"wp","href":"https:\/\/api.w.org\/{rel}","templated":true}]}}