{"id":31287,"date":"2023-12-19T22:10:17","date_gmt":"2023-12-19T22:10:17","guid":{"rendered":"https:\/\/e.kosmolat.eu\/product\/spkrug-spec-krems-balzams-masazai-tauksakne-un-mumijs-50-g\/"},"modified":"2026-04-20T12:36:39","modified_gmt":"2026-04-20T12:36:39","slug":"spkrug-spec-krems-balzams-masazai-tauksakne-un-mumijs-50-g","status":"publish","type":"product","link":"https:\/\/e.kosmolat.eu\/lt\/produktas\/spkrug-spec-krems-balzams-masazai-tauksakne-un-mumijs-50-g\/","title":{"rendered":"SPASATELNIJ KRUG Specialus kremas-balzamas masa\u017eui Tauk\u0117s ir mumjo, 50 g"},"content":{"rendered":"<p>Kosmetikos priemon\u0117 su raumen\u0117li\u0173 ir mumijo ekstraktu, skirtas vietiniam stimuliuojan\u010diam masa\u017eui raumen\u0173, keli\u0173, alk\u016bni\u0173, nugaros srityje.<\/p>\n<p><strong>Naudojimas:<\/strong> Tepkite ant &scaron;varios ir sausos odos.<\/p>\n<p>Laikyti v\u0117sioje vietoje nuo +2&deg;C iki +25&deg;C temperat\u016broje.<br \/>\n&nbsp;<\/p>\n","protected":false},"excerpt":{"rendered":"<p>Kosmetikos priemon\u0117 su raumen\u0117li\u0173 ir mumijo ekstraktu, skirtas vietiniam stimuliuojan\u010diam masa\u017eui raumen\u0173, keli\u0173, alk\u016bni\u0173, nugaros srityje. Naudojimas: Tepkite ant &scaron;varios ir sausos odos. Laikyti v\u0117sioje vietoje nuo +2&deg;C iki +25&deg;C temperat\u016broje. &nbsp;<\/p>\n","protected":false},"featured_media":88778,"template":"","meta":[],"product_cat":[1390],"product_tag":[],"class_list":{"0":"post-31287","1":"product","2":"type-product","3":"status-publish","4":"has-post-thumbnail","6":"product_brand-elpis-lt","7":"product_cat-kremai-aliejai-kuno-pienelis","9":"first","10":"instock","11":"taxable","12":"shipping-taxable","13":"product-type-simple"},"_links":{"self":[{"href":"https:\/\/e.kosmolat.eu\/lt\/wp-json\/wp\/v2\/product\/31287","targetHints":{"allow":["GET"]}}],"collection":[{"href":"https:\/\/e.kosmolat.eu\/lt\/wp-json\/wp\/v2\/product"}],"about":[{"href":"https:\/\/e.kosmolat.eu\/lt\/wp-json\/wp\/v2\/types\/product"}],"wp:featuredmedia":[{"embeddable":true,"href":"https:\/\/e.kosmolat.eu\/lt\/wp-json\/wp\/v2\/media\/88778"}],"wp:attachment":[{"href":"https:\/\/e.kosmolat.eu\/lt\/wp-json\/wp\/v2\/media?parent=31287"}],"wp:term":[{"taxonomy":"product_cat","embeddable":true,"href":"https:\/\/e.kosmolat.eu\/lt\/wp-json\/wp\/v2\/product_cat?post=31287"},{"taxonomy":"product_tag","embeddable":true,"href":"https:\/\/e.kosmolat.eu\/lt\/wp-json\/wp\/v2\/product_tag?post=31287"}],"curies":[{"name":"wp","href":"https:\/\/api.w.org\/{rel}","templated":true}]}}