{"id":31283,"date":"2023-12-19T22:10:00","date_gmt":"2023-12-19T22:10:00","guid":{"rendered":"https:\/\/e.kosmolat.eu\/product\/spkrug-gels-pret-zilumiem-ar-arniku-un-tauksakni-50-g\/"},"modified":"2026-04-21T09:53:26","modified_gmt":"2026-04-21T09:53:26","slug":"spkrug-gels-pret-zilumiem-ar-arniku-un-tauksakni-50-g","status":"publish","type":"product","link":"https:\/\/e.kosmolat.eu\/lt\/produktas\/spkrug-gels-pret-zilumiem-ar-arniku-un-tauksakni-50-g\/","title":{"rendered":"SPASATELNIJ KRUG Gelis nuo sumu\u0161im\u0173 su arnikomis ir tauk\u0117mis, 50 g"},"content":{"rendered":"<p>Kosmetikos gaminys su nat\u016braliais arnik\u0173, paprast\u0173j\u0173 medetk\u0173 ir tauki\u0173 ekstraktais, skirtas naudoti sumu&scaron;im\u0173 ir patempim\u0173 vietose.<\/p>\n<p><strong>Naudojimas: <\/strong>Tepkite ant &scaron;varios ir sausos odos.<\/p>\n<p>Laikyti nuo +2 &deg;C iki +25 &deg;C temperat\u016broje.<br \/>\n&nbsp;<\/p>\n","protected":false},"excerpt":{"rendered":"<p>Kosmetikos gaminys su nat\u016braliais arnik\u0173, paprast\u0173j\u0173 medetk\u0173 ir tauki\u0173 ekstraktais, skirtas naudoti sumu&scaron;im\u0173 ir patempim\u0173 vietose. Naudojimas: Tepkite ant &scaron;varios ir sausos odos. Laikyti nuo +2 &deg;C iki +25 &deg;C temperat\u016broje. &nbsp;<\/p>\n","protected":false},"featured_media":88842,"template":"","meta":[],"product_cat":[1390],"product_tag":[],"class_list":{"0":"post-31283","1":"product","2":"type-product","3":"status-publish","4":"has-post-thumbnail","6":"product_brand-elpis-lt","7":"product_cat-kremai-aliejai-kuno-pienelis","9":"first","10":"instock","11":"taxable","12":"shipping-taxable","13":"product-type-simple"},"_links":{"self":[{"href":"https:\/\/e.kosmolat.eu\/lt\/wp-json\/wp\/v2\/product\/31283","targetHints":{"allow":["GET"]}}],"collection":[{"href":"https:\/\/e.kosmolat.eu\/lt\/wp-json\/wp\/v2\/product"}],"about":[{"href":"https:\/\/e.kosmolat.eu\/lt\/wp-json\/wp\/v2\/types\/product"}],"wp:featuredmedia":[{"embeddable":true,"href":"https:\/\/e.kosmolat.eu\/lt\/wp-json\/wp\/v2\/media\/88842"}],"wp:attachment":[{"href":"https:\/\/e.kosmolat.eu\/lt\/wp-json\/wp\/v2\/media?parent=31283"}],"wp:term":[{"taxonomy":"product_cat","embeddable":true,"href":"https:\/\/e.kosmolat.eu\/lt\/wp-json\/wp\/v2\/product_cat?post=31283"},{"taxonomy":"product_tag","embeddable":true,"href":"https:\/\/e.kosmolat.eu\/lt\/wp-json\/wp\/v2\/product_tag?post=31283"}],"curies":[{"name":"wp","href":"https:\/\/api.w.org\/{rel}","templated":true}]}}