{"id":31279,"date":"2023-12-19T22:09:31","date_gmt":"2023-12-19T22:09:31","guid":{"rendered":"https:\/\/e.kosmolat.eu\/product\/dd-krems-ar-cusku-indes-peptidiem-atjauninoss-30-ml\/"},"modified":"2026-04-20T11:41:09","modified_gmt":"2026-04-20T11:41:09","slug":"the-dr-hc-krems-ar-cusku-indes-peptidiem-atjauninoss-30-ml","status":"publish","type":"product","link":"https:\/\/e.kosmolat.eu\/lt\/produktas\/the-dr-hc-krems-ar-cusku-indes-peptidiem-atjauninoss-30-ml\/","title":{"rendered":"THE DOCTOR HEALTH &#038; CARE Kremas su gyva\u010di\u0173 nuod\u0173 peptidais Jauninantis, 30 ml"},"content":{"rendered":"<p><strong>Naudojimas: <\/strong>tepkite ant &scaron;varios odos lengvais judesiais i&scaron;ilgai masa\u017eo linij\u0173.<\/p>\n<p><strong>Atsargumo priemon\u0117s:<\/strong> gali padid\u0117ti individualus jautrumas atskiriems komponentams.<\/p>\n<p><strong>Laikymo s\u0105lygos:<\/strong> nuo +5 &deg;\u0421 iki +25 &deg;\u0421.<br \/>\n&nbsp;<\/p>\n","protected":false},"excerpt":{"rendered":"<p>Naudojimas: tepkite ant &scaron;varios odos lengvais judesiais i&scaron;ilgai masa\u017eo linij\u0173. Atsargumo priemon\u0117s: gali padid\u0117ti individualus jautrumas atskiriems komponentams. Laikymo s\u0105lygos: nuo +5 &deg;\u0421 iki +25 &deg;\u0421. &nbsp;<\/p>\n","protected":false},"featured_media":88834,"template":"","meta":[],"product_cat":[1322],"product_tag":[],"class_list":{"0":"post-31279","1":"product","2":"type-product","3":"status-publish","4":"has-post-thumbnail","6":"product_brand-elfa_ua-lt","7":"product_cat-veido-kremai","9":"first","10":"instock","11":"taxable","12":"shipping-taxable","13":"product-type-simple"},"_links":{"self":[{"href":"https:\/\/e.kosmolat.eu\/lt\/wp-json\/wp\/v2\/product\/31279","targetHints":{"allow":["GET"]}}],"collection":[{"href":"https:\/\/e.kosmolat.eu\/lt\/wp-json\/wp\/v2\/product"}],"about":[{"href":"https:\/\/e.kosmolat.eu\/lt\/wp-json\/wp\/v2\/types\/product"}],"wp:featuredmedia":[{"embeddable":true,"href":"https:\/\/e.kosmolat.eu\/lt\/wp-json\/wp\/v2\/media\/88834"}],"wp:attachment":[{"href":"https:\/\/e.kosmolat.eu\/lt\/wp-json\/wp\/v2\/media?parent=31279"}],"wp:term":[{"taxonomy":"product_cat","embeddable":true,"href":"https:\/\/e.kosmolat.eu\/lt\/wp-json\/wp\/v2\/product_cat?post=31279"},{"taxonomy":"product_tag","embeddable":true,"href":"https:\/\/e.kosmolat.eu\/lt\/wp-json\/wp\/v2\/product_tag?post=31279"}],"curies":[{"name":"wp","href":"https:\/\/api.w.org\/{rel}","templated":true}]}}