{"id":31259,"date":"2023-12-19T22:07:00","date_gmt":"2023-12-19T22:07:00","guid":{"rendered":"https:\/\/e.kosmolat.eu\/product\/modo-sejas-serums-ar-salicilskabi-30-g\/"},"modified":"2025-09-20T01:07:20","modified_gmt":"2025-09-20T01:07:20","slug":"modo-sejas-serums-ar-salicilskabi-30-g","status":"publish","type":"product","link":"https:\/\/e.kosmolat.eu\/lt\/produktas\/modo-sejas-serums-ar-salicilskabi-30-g\/","title":{"rendered":"MODO Veido serumas su salicilo r\u016bg\u0161timi, 30 g"},"content":{"rendered":"<p>Lengvas serumas pasi\u017eymi riebal\u0173 i&scaron;siskyrim\u0105 reguliuojan\u010diu poveikiu, leid\u017eian\u010diu suma\u017einti odos riebum\u0105. D\u0117l sud\u0117tyje esan\u010dios salicilo r\u016bg&scaron;ties serumas pa&scaron;alina odos tr\u016bkumus, suteikdamas jai &scaron;vari\u0105 ir sveik\u0105 i&scaron;vaizd\u0105. Reguliariai naudojant, jis padeda i&scaron;valyti poras ir pa&scaron;alinti ink&scaron;tirus.<\/p>\n<p><strong>Naudojimas:<\/strong> nedidel\u012f kiek\u012f serumo u\u017etepkite ant nuvalytos veido, kaklo ir dekolt\u0117 odos, vengdami srities aplink akis. Palaukite, kol visi&scaron;kai \u012fsigers. Priklausomai nuo odos jautrumo laipsnio, galima individuali reakcija. \u012esp\u0117jimas: neskirtas vaikams iki 3 met\u0173 am\u017eiaus.<\/p>\n<p>Laikyti nuo +5 &deg;C iki +25 &deg;C temperat\u016broje.<br \/>\n&nbsp;<\/p>\n","protected":false},"excerpt":{"rendered":"<p>Lengvas serumas pasi\u017eymi riebal\u0173 i&scaron;siskyrim\u0105 reguliuojan\u010diu poveikiu, leid\u017eian\u010diu suma\u017einti odos riebum\u0105. D\u0117l sud\u0117tyje esan\u010dios salicilo r\u016bg&scaron;ties serumas pa&scaron;alina odos tr\u016bkumus, suteikdamas jai &scaron;vari\u0105 ir sveik\u0105 i&scaron;vaizd\u0105. Reguliariai naudojant, jis padeda i&scaron;valyti poras ir pa&scaron;alinti ink&scaron;tirus. Naudojimas: nedidel\u012f kiek\u012f serumo u\u017etepkite ant nuvalytos veido, kaklo ir dekolt\u0117 odos, vengdami srities aplink akis. Palaukite, kol visi&scaron;kai \u012fsigers. [&#8230;]\n","protected":false},"featured_media":88654,"template":"","meta":[],"product_cat":[1327],"product_tag":[],"class_list":{"0":"post-31259","1":"product","2":"type-product","3":"status-publish","4":"has-post-thumbnail","6":"product_brand-modum_by-lt","7":"product_cat-serumai","9":"first","10":"outofstock","11":"taxable","12":"shipping-taxable","13":"product-type-simple"},"_links":{"self":[{"href":"https:\/\/e.kosmolat.eu\/lt\/wp-json\/wp\/v2\/product\/31259","targetHints":{"allow":["GET"]}}],"collection":[{"href":"https:\/\/e.kosmolat.eu\/lt\/wp-json\/wp\/v2\/product"}],"about":[{"href":"https:\/\/e.kosmolat.eu\/lt\/wp-json\/wp\/v2\/types\/product"}],"wp:featuredmedia":[{"embeddable":true,"href":"https:\/\/e.kosmolat.eu\/lt\/wp-json\/wp\/v2\/media\/88654"}],"wp:attachment":[{"href":"https:\/\/e.kosmolat.eu\/lt\/wp-json\/wp\/v2\/media?parent=31259"}],"wp:term":[{"taxonomy":"product_cat","embeddable":true,"href":"https:\/\/e.kosmolat.eu\/lt\/wp-json\/wp\/v2\/product_cat?post=31259"},{"taxonomy":"product_tag","embeddable":true,"href":"https:\/\/e.kosmolat.eu\/lt\/wp-json\/wp\/v2\/product_tag?post=31259"}],"curies":[{"name":"wp","href":"https:\/\/api.w.org\/{rel}","templated":true}]}}