{"id":31239,"date":"2023-12-19T22:04:30","date_gmt":"2023-12-19T22:04:30","guid":{"rendered":"https:\/\/e.kosmolat.eu\/product\/modo-sejas-pilings-ar-pienskabi-5-30-ml\/"},"modified":"2025-09-20T01:06:14","modified_gmt":"2025-09-20T01:06:14","slug":"modo-sejas-pilings-ar-pienskabi-5-30-ml","status":"publish","type":"product","link":"https:\/\/e.kosmolat.eu\/lt\/produktas\/modo-sejas-pilings-ar-pienskabi-5-30-ml\/","title":{"rendered":"MODO Veido pilingas su pieno r\u016bg\u0161timi 5%, 30 ml"},"content":{"rendered":"<p>Pieno r\u016bg&scaron;ties pilingas tinka vis\u0173 tip\u0173 odai, \u012fskaitant jautri\u0105. Pieno r\u016bg&scaron;tis pasi\u017eymi &scaron;vei\u010diamuoju ir antioksidaciniu poveikiu, dr\u0117kina, i&scaron;lygina odos tekst\u016br\u0105 ir j\u0105 &scaron;viesina, taip pat gerina odos elastingum\u0105.<\/p>\n<p><strong>Naudojimas: <\/strong>Tepkite produkt\u0105 kasdien vakare ant &scaron;varios veido odos masa\u017eo judesiais, vengdami srities aplink akis.<\/p>\n<p>D\u0117mesio! Priklausomai nuo odos jautrumo laipsnio, priemon\u0119 galima naudoti kasdien arba 2-3 kartus per savait\u0119. Piling\u0105 galima palikti ant odos, kol susigers, arba nuplauti po 10 minu\u010di\u0173 v\u0117siu vandeniu. Netepkite ant pa\u017eeistos, sudirgusios odos. Ryte naudokite SPF 15.<\/p>\n<p>Laikyti nuo +5 &deg;C iki +25 &deg;C temperat\u016broje<br \/>\n&nbsp;<\/p>\n","protected":false},"excerpt":{"rendered":"<p>Pieno r\u016bg&scaron;ties pilingas tinka vis\u0173 tip\u0173 odai, \u012fskaitant jautri\u0105. Pieno r\u016bg&scaron;tis pasi\u017eymi &scaron;vei\u010diamuoju ir antioksidaciniu poveikiu, dr\u0117kina, i&scaron;lygina odos tekst\u016br\u0105 ir j\u0105 &scaron;viesina, taip pat gerina odos elastingum\u0105. Naudojimas: Tepkite produkt\u0105 kasdien vakare ant &scaron;varios veido odos masa\u017eo judesiais, vengdami srities aplink akis. D\u0117mesio! Priklausomai nuo odos jautrumo laipsnio, priemon\u0119 galima naudoti kasdien arba 2-3 [&#8230;]\n","protected":false},"featured_media":88634,"template":"","meta":[],"product_cat":[1396],"product_tag":[],"class_list":{"0":"post-31239","1":"product","2":"type-product","3":"status-publish","4":"has-post-thumbnail","6":"product_brand-modum_by-lt","7":"product_cat-veido-sveitikliai-ir-pilingai","9":"first","10":"outofstock","11":"taxable","12":"shipping-taxable","13":"product-type-simple"},"_links":{"self":[{"href":"https:\/\/e.kosmolat.eu\/lt\/wp-json\/wp\/v2\/product\/31239","targetHints":{"allow":["GET"]}}],"collection":[{"href":"https:\/\/e.kosmolat.eu\/lt\/wp-json\/wp\/v2\/product"}],"about":[{"href":"https:\/\/e.kosmolat.eu\/lt\/wp-json\/wp\/v2\/types\/product"}],"wp:featuredmedia":[{"embeddable":true,"href":"https:\/\/e.kosmolat.eu\/lt\/wp-json\/wp\/v2\/media\/88634"}],"wp:attachment":[{"href":"https:\/\/e.kosmolat.eu\/lt\/wp-json\/wp\/v2\/media?parent=31239"}],"wp:term":[{"taxonomy":"product_cat","embeddable":true,"href":"https:\/\/e.kosmolat.eu\/lt\/wp-json\/wp\/v2\/product_cat?post=31239"},{"taxonomy":"product_tag","embeddable":true,"href":"https:\/\/e.kosmolat.eu\/lt\/wp-json\/wp\/v2\/product_tag?post=31239"}],"curies":[{"name":"wp","href":"https:\/\/api.w.org\/{rel}","templated":true}]}}