{"id":31203,"date":"2023-12-19T21:59:52","date_gmt":"2023-12-19T21:59:52","guid":{"rendered":"https:\/\/e.kosmolat.eu\/product\/cl-stiprin-balzams-matu-skalos-visiem-matu-tipiem-natre-230-ml\/"},"modified":"2025-09-20T01:01:26","modified_gmt":"2025-09-20T01:01:26","slug":"cl-stiprin-balzams-matu-skalos-visiem-matu-tipiem-natre-230-ml","status":"publish","type":"product","link":"https:\/\/e.kosmolat.eu\/lt\/produktas\/cl-stiprin-balzams-matu-skalos-visiem-matu-tipiem-natre-230-ml\/","title":{"rendered":"\u010cISTAJA LINIJA Balzamas  plauk\u0173 skalavimui Stiprinantis vis\u0173 tip\u0173 plaukams Dilg\u0117l\u0117, 230 ml"},"content":{"rendered":"<p>Essence Nature Plus &ndash; 5 ekstraktai ir aliejai (verben\u0173, &scaron;alavij\u0173, er&scaron;k\u0117tuogi\u0173 ekstraktai, migdol\u0173 ir lin\u0173 aliejus).<\/p>\n<p>Aktyv\u016bs nat\u016bral\u016bs ingredientai apsaugo nuo plauk\u0173 slinkimo, maitina ir saugo plaukus nuo pa\u017eeidim\u0173.<\/p>\n<p>Dilg\u0117l\u0117 stiprina plaukus per vis\u0105 j\u0173 ilg\u012f.&nbsp;<\/p>\n<p>Avi\u017e\u0173 pienas i&scaron;lygina plaukus ir atnaujina j\u0173 nat\u016brali\u0105 strukt\u016br\u0105, nesukeldamas riebumo ir svorio.<\/p>\n<p><strong>Naudojimas: <\/strong>Tepkite ant &scaron;vari\u0173 dr\u0117gn\u0173 plauk\u0173, palikite 1 minut\u0119 ir i&scaron;skalaukite vandeniu. Patekus \u012f akis, kruop&scaron;\u010diai nuplaukite vandeniu. Tai n\u0117ra vaistinis preparatas.<\/p>\n<p>Laikyti nuo +5&deg;C iki +25&deg;C temperat\u016broje.<br \/>\n&nbsp;<\/p>\n","protected":false},"excerpt":{"rendered":"<p>Essence Nature Plus &ndash; 5 ekstraktai ir aliejai (verben\u0173, &scaron;alavij\u0173, er&scaron;k\u0117tuogi\u0173 ekstraktai, migdol\u0173 ir lin\u0173 aliejus). Aktyv\u016bs nat\u016bral\u016bs ingredientai apsaugo nuo plauk\u0173 slinkimo, maitina ir saugo plaukus nuo pa\u017eeidim\u0173. Dilg\u0117l\u0117 stiprina plaukus per vis\u0105 j\u0173 ilg\u012f.&nbsp; Avi\u017e\u0173 pienas i&scaron;lygina plaukus ir atnaujina j\u0173 nat\u016brali\u0105 strukt\u016br\u0105, nesukeldamas riebumo ir svorio. Naudojimas: Tepkite ant &scaron;vari\u0173 dr\u0117gn\u0173 plauk\u0173, [&#8230;]\n","protected":false},"featured_media":88558,"template":"","meta":[],"product_cat":[1640],"product_tag":[],"class_list":{"0":"post-31203","1":"product","2":"type-product","3":"status-publish","4":"has-post-thumbnail","6":"product_brand-unilever-ua-lt","7":"product_cat-balzamai","9":"first","10":"outofstock","11":"taxable","12":"shipping-taxable","13":"product-type-simple"},"_links":{"self":[{"href":"https:\/\/e.kosmolat.eu\/lt\/wp-json\/wp\/v2\/product\/31203","targetHints":{"allow":["GET"]}}],"collection":[{"href":"https:\/\/e.kosmolat.eu\/lt\/wp-json\/wp\/v2\/product"}],"about":[{"href":"https:\/\/e.kosmolat.eu\/lt\/wp-json\/wp\/v2\/types\/product"}],"wp:featuredmedia":[{"embeddable":true,"href":"https:\/\/e.kosmolat.eu\/lt\/wp-json\/wp\/v2\/media\/88558"}],"wp:attachment":[{"href":"https:\/\/e.kosmolat.eu\/lt\/wp-json\/wp\/v2\/media?parent=31203"}],"wp:term":[{"taxonomy":"product_cat","embeddable":true,"href":"https:\/\/e.kosmolat.eu\/lt\/wp-json\/wp\/v2\/product_cat?post=31203"},{"taxonomy":"product_tag","embeddable":true,"href":"https:\/\/e.kosmolat.eu\/lt\/wp-json\/wp\/v2\/product_tag?post=31203"}],"curies":[{"name":"wp","href":"https:\/\/api.w.org\/{rel}","templated":true}]}}