{"id":31199,"date":"2023-12-19T21:59:25","date_gmt":"2023-12-19T21:59:25","guid":{"rendered":"https:\/\/e.kosmolat.eu\/product\/easy-nails-nagu-lakas-nonemejs-bez-acetona-ar-persika-aromatu-50-ml\/"},"modified":"2026-04-17T13:10:35","modified_gmt":"2026-04-17T13:10:35","slug":"i_easy-nails-nagu-lakas-nonemejs-bez-acetona-ar-persika-aromatu-50-ml","status":"publish","type":"product","link":"https:\/\/e.kosmolat.eu\/lt\/produktas\/i_easy-nails-nagu-lakas-nonemejs-bez-acetona-ar-persika-aromatu-50-ml\/","title":{"rendered":"I_EASY NAILS Fast &#038; Fruity nag\u0173 lako valiklis be acetono persik\u0173 kvapo, 50 ml"},"content":{"rendered":"<p>Lengvas ir efektyvus nag\u0173 lako pa&scaron;alinimas. Maitinamoji formul\u0117 su vitaminu E.<\/p>\n<p><strong>Naudojimas:<\/strong> \u012fki&scaron;kite pir&scaron;t\u0105 \u012f kempin\u0117s ang\u0105. Sukite, kol lakas nusiims.<\/p>\n<p><strong>Atsargumo priemon\u0117s:<\/strong> Buteliuk\u0105 laikykite vertikaliai. Gali pa&scaron;alinti dirbtinius nagus. Laikyti atokiai nuo kar&scaron;\u010dio\/kibirk&scaron;\u010di\u0173\/atviros liepsnos\/kar&scaron;t\u0173 pavir&scaron;i\u0173. Ner\u016bkyti. Saugoti nuo vaik\u0173. Vengti patekimo ant aki\u0173, odos ar drabu\u017ei\u0173. PATEKUS \u012e AKIS: Kelias minutes atsargiai skalaukite vandeniu. I&scaron;siimkite kontaktinius l\u0119&scaron;ius, jei juos ne&scaron;iojate ir jei tai padaryti lengva. T\u0119sti aki\u0173 skalavim\u0105. Toksi&scaron;ka \u012fkv\u0117pus. Labai degus skystis ir garai. Nei&scaron;pilti \u012f kanalizacij\u0105.&nbsp;<br \/>\n&nbsp;<\/p>\n","protected":false},"excerpt":{"rendered":"<p>Lengvas ir efektyvus nag\u0173 lako pa&scaron;alinimas. Maitinamoji formul\u0117 su vitaminu E. Naudojimas: \u012fki&scaron;kite pir&scaron;t\u0105 \u012f kempin\u0117s ang\u0105. Sukite, kol lakas nusiims. Atsargumo priemon\u0117s: Buteliuk\u0105 laikykite vertikaliai. Gali pa&scaron;alinti dirbtinius nagus. Laikyti atokiai nuo kar&scaron;\u010dio\/kibirk&scaron;\u010di\u0173\/atviros liepsnos\/kar&scaron;t\u0173 pavir&scaron;i\u0173. Ner\u016bkyti. Saugoti nuo vaik\u0173. Vengti patekimo ant aki\u0173, odos ar drabu\u017ei\u0173. PATEKUS \u012e AKIS: Kelias minutes atsargiai skalaukite vandeniu. [&#8230;]\n","protected":false},"featured_media":89634,"template":"","meta":[],"product_cat":[1528],"product_tag":[],"class_list":{"0":"post-31199","1":"product","2":"type-product","3":"status-publish","4":"has-post-thumbnail","6":"product_brand-statestrong_gb-lt","7":"product_cat-nagu-lako-valikliai","9":"first","10":"instock","11":"taxable","12":"shipping-taxable","13":"product-type-simple"},"_links":{"self":[{"href":"https:\/\/e.kosmolat.eu\/lt\/wp-json\/wp\/v2\/product\/31199","targetHints":{"allow":["GET"]}}],"collection":[{"href":"https:\/\/e.kosmolat.eu\/lt\/wp-json\/wp\/v2\/product"}],"about":[{"href":"https:\/\/e.kosmolat.eu\/lt\/wp-json\/wp\/v2\/types\/product"}],"wp:featuredmedia":[{"embeddable":true,"href":"https:\/\/e.kosmolat.eu\/lt\/wp-json\/wp\/v2\/media\/89634"}],"wp:attachment":[{"href":"https:\/\/e.kosmolat.eu\/lt\/wp-json\/wp\/v2\/media?parent=31199"}],"wp:term":[{"taxonomy":"product_cat","embeddable":true,"href":"https:\/\/e.kosmolat.eu\/lt\/wp-json\/wp\/v2\/product_cat?post=31199"},{"taxonomy":"product_tag","embeddable":true,"href":"https:\/\/e.kosmolat.eu\/lt\/wp-json\/wp\/v2\/product_tag?post=31199"}],"curies":[{"name":"wp","href":"https:\/\/api.w.org\/{rel}","templated":true}]}}