{"id":31183,"date":"2023-12-19T21:58:00","date_gmt":"2023-12-19T21:58:00","guid":{"rendered":"https:\/\/e.kosmolat.eu\/product\/7days-b-colour-mikst-lupu-ella-04-cola-la-la-4-ml\/"},"modified":"2026-04-11T18:09:52","modified_gmt":"2026-04-11T18:09:52","slug":"7days-b-colour-mikst-lupu-ella-04-cola-la-la-4-ml","status":"publish","type":"product","link":"https:\/\/e.kosmolat.eu\/lt\/produktas\/7days-b-colour-mikst-lupu-ella-04-cola-la-la-4-ml\/","title":{"rendered":"7DAYS B.COLOUR Softening lip oil \/ 04 Cola-la-la, 4 ml"},"content":{"rendered":"<p>Mink&scaron;tinantis aliejus su kolos aromatu. 5 viename formul\u0117 su vitaminu E, makadamij\u0173 ir simondsij\u0173 aliejais dr\u0117kina, mink&scaron;tina, apsaugo nuo skilin\u0117jimo ir &scaron;erpetojimo, o l\u016bpas padaro &scaron;velnias ir lygias be lipnumo poj\u016b\u010dio.<\/p>\n<p><strong>Atsargumo priemon\u0117s:<\/strong> Tik i&scaron;oriniam naudojimui. Vengti patekimo \u012f akis. Patekus \u012f akis, nedelsiant gausiai praplauti vandeniu ir, jei reikia, kreiptis \u012f gydytoj\u0105. Netepkite ant pa\u017eeistos odos. Nenaudoti, jeigu yra padid\u0117j\u0119s jautrumas bet kuriai produkto sudedamajai daliai. Nutraukite naudojim\u0105, jei atsiranda dirginimas. Saugoti nuo vaik\u0173.<\/p>\n<p>Laikyti nuo +5 &deg;C iki +25 &deg;C temperat\u016broje, saugoti nuo tiesiogini\u0173 saul\u0117s spinduli\u0173.<br \/>\n&nbsp;<\/p>\n","protected":false},"excerpt":{"rendered":"<p>Mink&scaron;tinantis aliejus su kolos aromatu. 5 viename formul\u0117 su vitaminu E, makadamij\u0173 ir simondsij\u0173 aliejais dr\u0117kina, mink&scaron;tina, apsaugo nuo skilin\u0117jimo ir &scaron;erpetojimo, o l\u016bpas padaro &scaron;velnias ir lygias be lipnumo poj\u016b\u010dio. Atsargumo priemon\u0117s: Tik i&scaron;oriniam naudojimui. Vengti patekimo \u012f akis. Patekus \u012f akis, nedelsiant gausiai praplauti vandeniu ir, jei reikia, kreiptis \u012f gydytoj\u0105. Netepkite ant [&#8230;]\n","protected":false},"featured_media":89158,"template":"","meta":[],"product_cat":[1386],"product_tag":[],"class_list":{"0":"post-31183","1":"product","2":"type-product","3":"status-publish","4":"has-post-thumbnail","6":"product_brand-7days_it-lt","7":"product_cat-lupu-balzamas","9":"first","10":"instock","11":"taxable","12":"shipping-taxable","13":"product-type-simple"},"_links":{"self":[{"href":"https:\/\/e.kosmolat.eu\/lt\/wp-json\/wp\/v2\/product\/31183","targetHints":{"allow":["GET"]}}],"collection":[{"href":"https:\/\/e.kosmolat.eu\/lt\/wp-json\/wp\/v2\/product"}],"about":[{"href":"https:\/\/e.kosmolat.eu\/lt\/wp-json\/wp\/v2\/types\/product"}],"wp:featuredmedia":[{"embeddable":true,"href":"https:\/\/e.kosmolat.eu\/lt\/wp-json\/wp\/v2\/media\/89158"}],"wp:attachment":[{"href":"https:\/\/e.kosmolat.eu\/lt\/wp-json\/wp\/v2\/media?parent=31183"}],"wp:term":[{"taxonomy":"product_cat","embeddable":true,"href":"https:\/\/e.kosmolat.eu\/lt\/wp-json\/wp\/v2\/product_cat?post=31183"},{"taxonomy":"product_tag","embeddable":true,"href":"https:\/\/e.kosmolat.eu\/lt\/wp-json\/wp\/v2\/product_tag?post=31183"}],"curies":[{"name":"wp","href":"https:\/\/api.w.org\/{rel}","templated":true}]}}