{"id":31167,"date":"2023-12-19T21:56:26","date_gmt":"2023-12-19T21:56:26","guid":{"rendered":"https:\/\/e.kosmolat.eu\/product\/7days-b-colour-lupu-spidums-apjomam-02-soft-pink-2-5-ml\/"},"modified":"2026-04-11T18:08:30","modified_gmt":"2026-04-11T18:08:30","slug":"7days-b-colour-lupu-spidums-apjomam-02-soft-pink-2-5-ml","status":"publish","type":"product","link":"https:\/\/e.kosmolat.eu\/lt\/produktas\/7days-b-colour-lupu-spidums-apjomam-02-soft-pink-2-5-ml\/","title":{"rendered":"7DAYS B. Colour l\u016bp\u0173 apimt\u012f suteikiantis blizgesys, 02 Soft Pink, 2.5 ml"},"content":{"rendered":"<p>Naudokite l\u016bp\u0173 blizges\u012f akimirksniu apimties ir nepakartojamo blizgesio suteikimui. Dr\u0117kinanti formul\u0117 i&scaron;lygina l\u016bpas ir neleid\u017eia i&scaron;saus\u0117ti.<\/p>\n<p><strong>Atsargumo priemon\u0117s:<\/strong> Tik i&scaron;oriniam naudojimui. Vengti patekimo \u012f akis. Patekus \u012f akis, nedelsiant gausiai praplauti vandeniu ir, jei reikia, kreiptis \u012f gydytoj\u0105. Netepkite ant pa\u017eeistos odos. Nenaudoti, jeigu yra padid\u0117j\u0119s jautrumas bet kuriai produkto sudedamajai daliai. Nutraukite naudojim\u0105, jei atsiranda dirginimas. Saugoti nuo vaik\u0173.<\/p>\n<p>Laikyti nuo +5 &deg;C iki +25 &deg;C temperat\u016broje.<br \/>\n&nbsp;<\/p>\n","protected":false},"excerpt":{"rendered":"<p>Naudokite l\u016bp\u0173 blizges\u012f akimirksniu apimties ir nepakartojamo blizgesio suteikimui. Dr\u0117kinanti formul\u0117 i&scaron;lygina l\u016bpas ir neleid\u017eia i&scaron;saus\u0117ti. Atsargumo priemon\u0117s: Tik i&scaron;oriniam naudojimui. Vengti patekimo \u012f akis. Patekus \u012f akis, nedelsiant gausiai praplauti vandeniu ir, jei reikia, kreiptis \u012f gydytoj\u0105. Netepkite ant pa\u017eeistos odos. Nenaudoti, jeigu yra padid\u0117j\u0119s jautrumas bet kuriai produkto sudedamajai daliai. Nutraukite naudojim\u0105, jei [&#8230;]\n","protected":false},"featured_media":89142,"template":"","meta":[],"product_cat":[1273],"product_tag":[],"class_list":{"0":"post-31167","1":"product","2":"type-product","3":"status-publish","4":"has-post-thumbnail","6":"product_brand-7days_it-lt","7":"product_cat-lupu-blizgesys","9":"first","10":"instock","11":"taxable","12":"shipping-taxable","13":"product-type-simple"},"_links":{"self":[{"href":"https:\/\/e.kosmolat.eu\/lt\/wp-json\/wp\/v2\/product\/31167","targetHints":{"allow":["GET"]}}],"collection":[{"href":"https:\/\/e.kosmolat.eu\/lt\/wp-json\/wp\/v2\/product"}],"about":[{"href":"https:\/\/e.kosmolat.eu\/lt\/wp-json\/wp\/v2\/types\/product"}],"wp:featuredmedia":[{"embeddable":true,"href":"https:\/\/e.kosmolat.eu\/lt\/wp-json\/wp\/v2\/media\/89142"}],"wp:attachment":[{"href":"https:\/\/e.kosmolat.eu\/lt\/wp-json\/wp\/v2\/media?parent=31167"}],"wp:term":[{"taxonomy":"product_cat","embeddable":true,"href":"https:\/\/e.kosmolat.eu\/lt\/wp-json\/wp\/v2\/product_cat?post=31167"},{"taxonomy":"product_tag","embeddable":true,"href":"https:\/\/e.kosmolat.eu\/lt\/wp-json\/wp\/v2\/product_tag?post=31167"}],"curies":[{"name":"wp","href":"https:\/\/api.w.org\/{rel}","templated":true}]}}