{"id":31159,"date":"2023-12-19T21:55:42","date_gmt":"2023-12-19T21:55:42","guid":{"rendered":"https:\/\/e.kosmolat.eu\/product\/7days-b-colour-mat-skidra-lupu-krasa-03-raspberry-2-5-ml\/"},"modified":"2026-04-01T07:20:42","modified_gmt":"2026-04-01T07:20:42","slug":"7days-b-colour-mat-skidra-lupu-krasa-03-raspberry-2-5-ml","status":"publish","type":"product","link":"https:\/\/e.kosmolat.eu\/lt\/produktas\/7days-b-colour-mat-skidra-lupu-krasa-03-raspberry-2-5-ml\/","title":{"rendered":"7DAYS B.Colour Matinantis skystas l\u016bpda\u017eis, 03 Raspberry, 2.5 ml"},"content":{"rendered":"<p>Su &scaron;iais matiniais skystais l\u016bp\u0173 da\u017eais sukurkite stiling\u0105 kasdien\u012f ar vakarin\u012f \u012fvaizd\u012f. Lengva, aksomin\u0117 l\u016bp\u0173 da\u017e\u0173 tekst\u016bra nenuteka ir nesukrenta. Lengvai naudojamas aplikatorius &scaron;velniai paskirsto l\u016bp\u0173 da\u017eus ir pabr\u0117\u017eia l\u016bp\u0173 kont\u016br\u0105.<\/p>\n<p><strong>Atsargumo priemon\u0117s:<\/strong> Tik i&scaron;oriniam naudojimui. Vengti patekimo \u012f akis. Patekus \u012f akis, nedelsiant gausiai praplauti vandeniu ir, jei reikia, kreiptis \u012f gydytoj\u0105. Netepkite ant pa\u017eeistos odos. Nenaudoti, jeigu yra padid\u0117j\u0119s jautrumas bet kuriai produkto sudedamajai daliai. Nutraukite naudojim\u0105, jei atsiranda dirginimas. Saugoti nuo vaik\u0173.<\/p>\n<p>Laikyti nuo +5 &deg;C iki +25 &deg;C temperat\u016broje<br \/>\n&nbsp;<\/p>\n","protected":false},"excerpt":{"rendered":"<p>Su &scaron;iais matiniais skystais l\u016bp\u0173 da\u017eais sukurkite stiling\u0105 kasdien\u012f ar vakarin\u012f \u012fvaizd\u012f. Lengva, aksomin\u0117 l\u016bp\u0173 da\u017e\u0173 tekst\u016bra nenuteka ir nesukrenta. Lengvai naudojamas aplikatorius &scaron;velniai paskirsto l\u016bp\u0173 da\u017eus ir pabr\u0117\u017eia l\u016bp\u0173 kont\u016br\u0105. Atsargumo priemon\u0117s: Tik i&scaron;oriniam naudojimui. Vengti patekimo \u012f akis. Patekus \u012f akis, nedelsiant gausiai praplauti vandeniu ir, jei reikia, kreiptis \u012f gydytoj\u0105. Netepkite ant [&#8230;]\n","protected":false},"featured_media":89134,"template":"","meta":[],"product_cat":[1269],"product_tag":[],"class_list":{"0":"post-31159","1":"product","2":"type-product","3":"status-publish","4":"has-post-thumbnail","6":"product_brand-7days_it-lt","7":"product_cat-lupu-dazai","9":"first","10":"outofstock","11":"taxable","12":"shipping-taxable","13":"product-type-simple"},"_links":{"self":[{"href":"https:\/\/e.kosmolat.eu\/lt\/wp-json\/wp\/v2\/product\/31159","targetHints":{"allow":["GET"]}}],"collection":[{"href":"https:\/\/e.kosmolat.eu\/lt\/wp-json\/wp\/v2\/product"}],"about":[{"href":"https:\/\/e.kosmolat.eu\/lt\/wp-json\/wp\/v2\/types\/product"}],"wp:featuredmedia":[{"embeddable":true,"href":"https:\/\/e.kosmolat.eu\/lt\/wp-json\/wp\/v2\/media\/89134"}],"wp:attachment":[{"href":"https:\/\/e.kosmolat.eu\/lt\/wp-json\/wp\/v2\/media?parent=31159"}],"wp:term":[{"taxonomy":"product_cat","embeddable":true,"href":"https:\/\/e.kosmolat.eu\/lt\/wp-json\/wp\/v2\/product_cat?post=31159"},{"taxonomy":"product_tag","embeddable":true,"href":"https:\/\/e.kosmolat.eu\/lt\/wp-json\/wp\/v2\/product_tag?post=31159"}],"curies":[{"name":"wp","href":"https:\/\/api.w.org\/{rel}","templated":true}]}}