{"id":31147,"date":"2023-12-19T21:54:32","date_gmt":"2023-12-19T21:54:32","guid":{"rendered":"https:\/\/e.kosmolat.eu\/product\/7days-b-colour-spidiga-lupu-krasa-02-unicorn-4-g\/"},"modified":"2025-09-20T01:34:39","modified_gmt":"2025-09-20T01:34:39","slug":"7days-b-colour-spidiga-lupu-krasa-02-unicorn-4-g","status":"publish","type":"product","link":"https:\/\/e.kosmolat.eu\/lt\/produktas\/7days-b-colour-spidiga-lupu-krasa-02-unicorn-4-g\/","title":{"rendered":"7DAYS B.Colour Spindintis l\u016bpda\u017eis, 02 Unicorn, 4 g"},"content":{"rendered":"<p>Spindint is l\u016bpda\u017eis suteikia j\u016bs\u0173 l\u016bpoms patraukl\u0173 blizges\u012f ir atrodo \u012fsp\u016bdingai bei ry&scaron;kiai. &Scaron;velni, lengva tekst\u016bra tolygiai pasiskirsto ant l\u016bp\u0173, nesausina ir dr\u0117kina l\u016bpas. Naudokite vien\u0105 arba su suteikian\u010diais atspalv\u012f l\u016bpda\u017eiais.<\/p>\n<p><strong>Atsargumo priemon\u0117s: <\/strong>Tik i&scaron;oriniam naudojimui. Vengti patekimo \u012f akis. Patekus \u012f akis, nedelsiant gausiai praplauti vandeniu ir, jei reikia, kreiptis \u012f gydytoj\u0105. Netepkite ant pa\u017eeistos odos. Nenaudoti, jeigu yra padid\u0117j\u0119s jautrumas bet kuriai produkto sudedamajai daliai. Nutraukite naudojim\u0105, jei atsiranda dirginimas.<\/p>\n<p>Saugoti nuo vaik\u0173. Laikyti nuo +5 &deg;C iki +25 &deg;C temperat\u016broje.<br \/>\n&nbsp;<\/p>\n","protected":false},"excerpt":{"rendered":"<p>Spindint is l\u016bpda\u017eis suteikia j\u016bs\u0173 l\u016bpoms patraukl\u0173 blizges\u012f ir atrodo \u012fsp\u016bdingai bei ry&scaron;kiai. &Scaron;velni, lengva tekst\u016bra tolygiai pasiskirsto ant l\u016bp\u0173, nesausina ir dr\u0117kina l\u016bpas. Naudokite vien\u0105 arba su suteikian\u010diais atspalv\u012f l\u016bpda\u017eiais. Atsargumo priemon\u0117s: Tik i&scaron;oriniam naudojimui. Vengti patekimo \u012f akis. Patekus \u012f akis, nedelsiant gausiai praplauti vandeniu ir, jei reikia, kreiptis \u012f gydytoj\u0105. Netepkite ant [&#8230;]\n","protected":false},"featured_media":89122,"template":"","meta":[],"product_cat":[1269],"product_tag":[],"class_list":{"0":"post-31147","1":"product","2":"type-product","3":"status-publish","4":"has-post-thumbnail","6":"product_brand-7days_it-lt","7":"product_cat-lupu-dazai","9":"first","10":"outofstock","11":"taxable","12":"shipping-taxable","13":"product-type-simple"},"_links":{"self":[{"href":"https:\/\/e.kosmolat.eu\/lt\/wp-json\/wp\/v2\/product\/31147","targetHints":{"allow":["GET"]}}],"collection":[{"href":"https:\/\/e.kosmolat.eu\/lt\/wp-json\/wp\/v2\/product"}],"about":[{"href":"https:\/\/e.kosmolat.eu\/lt\/wp-json\/wp\/v2\/types\/product"}],"wp:featuredmedia":[{"embeddable":true,"href":"https:\/\/e.kosmolat.eu\/lt\/wp-json\/wp\/v2\/media\/89122"}],"wp:attachment":[{"href":"https:\/\/e.kosmolat.eu\/lt\/wp-json\/wp\/v2\/media?parent=31147"}],"wp:term":[{"taxonomy":"product_cat","embeddable":true,"href":"https:\/\/e.kosmolat.eu\/lt\/wp-json\/wp\/v2\/product_cat?post=31147"},{"taxonomy":"product_tag","embeddable":true,"href":"https:\/\/e.kosmolat.eu\/lt\/wp-json\/wp\/v2\/product_tag?post=31147"}],"curies":[{"name":"wp","href":"https:\/\/api.w.org\/{rel}","templated":true}]}}