{"id":31139,"date":"2023-12-19T21:53:50","date_gmt":"2023-12-19T21:53:50","guid":{"rendered":"https:\/\/e.kosmolat.eu\/product\/tresemme-day2-saus-samp-matu-apjomam-250-ml\/"},"modified":"2026-03-10T13:16:20","modified_gmt":"2026-03-10T13:16:20","slug":"tresemme-day2-saus-samp-matu-apjomam-250-ml","status":"publish","type":"product","link":"https:\/\/e.kosmolat.eu\/lt\/produktas\/tresemme-day2-saus-samp-matu-apjomam-250-ml\/","title":{"rendered":"TRESEMME Day2 Sausas \u0161amp\u016bnas Plauk\u0173 apim\u010diai, 250 ml"},"content":{"rendered":"<p>Akimirksniu pa&scaron;alina riebal\u0173 pertekli\u0173 ir atgaivina plaukus be vandens , suteikdama plaukams apimties ir formos prie pat &scaron;akn\u0173.<\/p>\n<p><strong>Naudojimas:<\/strong> gerai suplakite skardin\u0119. Pur&scaron;kite ant &scaron;akn\u0173 zonos 25 cm atstumu, &scaron;iek tiek pakeldami saus\u0173 plauk\u0173 sruogas. Lengvais masa\u017eo judesiais paskirstykite per plaukus. I&scaron;&scaron;ukuokite plaukus ir formuokite juos.<\/p>\n<p><strong>Atsargumo priemon\u0117s:<\/strong> prie&scaron; kiekvien\u0105 naudojim\u0105 gerai suplakti. Nenaudoti ant sudirgusios ar pa\u017eeistos odos. Vengti patekimo \u012f akis. Ne\u012fkv\u0117pkite. Venkite ilgo pur&scaron;kimo. Naudokite tik gerai v\u0117dinamose vietose.<\/p>\n<p>Laikyti nuo +5&deg;C iki +25&deg;C temperat\u016broje.<\/p>\n<p><strong>Pavojinga!<\/strong> Ypa\u010d degus aerozolis. Sl\u0117gin\u0117 talpykla. Kaitinama gali sprogti. Laikyti vaikams neprieinamoje vietoje. Laikyti atokiau nuo &scaron;ilumos &scaron;altini\u0173, kar&scaron;t\u0173 pavir&scaron;i\u0173, \u017eie\u017eirb\u0173, atviros liepsnos arba kit\u0173 degimo &scaron;altini\u0173. Ner\u016bkyti. Nepradurti ir nedeginti net panaudoto. Saugoti nuo saul\u0117s &scaron;viesos. Nelaikyti auk&scaron;tesn\u0117je kaip 50 &ordm;C\/122 &ordm;F temperat\u016broje.<\/p>\n","protected":false},"excerpt":{"rendered":"<p>Akimirksniu pa&scaron;alina riebal\u0173 pertekli\u0173 ir atgaivina plaukus be vandens , suteikdama plaukams apimties ir formos prie pat &scaron;akn\u0173. Naudojimas: gerai suplakite skardin\u0119. Pur&scaron;kite ant &scaron;akn\u0173 zonos 25 cm atstumu, &scaron;iek tiek pakeldami saus\u0173 plauk\u0173 sruogas. Lengvais masa\u017eo judesiais paskirstykite per plaukus. I&scaron;&scaron;ukuokite plaukus ir formuokite juos. Atsargumo priemon\u0117s: prie&scaron; kiekvien\u0105 naudojim\u0105 gerai suplakti. Nenaudoti ant [&#8230;]\n","protected":false},"featured_media":89114,"template":"","meta":[],"product_cat":[2181],"product_tag":[],"class_list":{"0":"post-31139","1":"product","2":"type-product","3":"status-publish","4":"has-post-thumbnail","6":"product_brand-unilever-ua-lt","7":"product_cat-bez-kategorijas-lt","9":"first","10":"outofstock","11":"taxable","12":"shipping-taxable","13":"product-type-simple"},"_links":{"self":[{"href":"https:\/\/e.kosmolat.eu\/lt\/wp-json\/wp\/v2\/product\/31139","targetHints":{"allow":["GET"]}}],"collection":[{"href":"https:\/\/e.kosmolat.eu\/lt\/wp-json\/wp\/v2\/product"}],"about":[{"href":"https:\/\/e.kosmolat.eu\/lt\/wp-json\/wp\/v2\/types\/product"}],"wp:featuredmedia":[{"embeddable":true,"href":"https:\/\/e.kosmolat.eu\/lt\/wp-json\/wp\/v2\/media\/89114"}],"wp:attachment":[{"href":"https:\/\/e.kosmolat.eu\/lt\/wp-json\/wp\/v2\/media?parent=31139"}],"wp:term":[{"taxonomy":"product_cat","embeddable":true,"href":"https:\/\/e.kosmolat.eu\/lt\/wp-json\/wp\/v2\/product_cat?post=31139"},{"taxonomy":"product_tag","embeddable":true,"href":"https:\/\/e.kosmolat.eu\/lt\/wp-json\/wp\/v2\/product_tag?post=31139"}],"curies":[{"name":"wp","href":"https:\/\/api.w.org\/{rel}","templated":true}]}}