{"id":31135,"date":"2023-12-19T21:53:26","date_gmt":"2023-12-19T21:53:26","guid":{"rendered":"https:\/\/e.kosmolat.eu\/product\/tresemme-day2-saus-samp-brunetem-250-ml\/"},"modified":"2026-04-10T12:33:09","modified_gmt":"2026-04-10T12:33:09","slug":"tresemme-day2-saus-samp-brunetem-250-ml","status":"publish","type":"product","link":"https:\/\/e.kosmolat.eu\/lt\/produktas\/tresemme-day2-saus-samp-brunetem-250-ml\/","title":{"rendered":"TRESEMME Day2 Sausas \u0161amp\u016bnas Brunet\u0117ms, 250 ml"},"content":{"rendered":"<p>Nepalieka balt\u0173 \u017eymi\u0173. Akimirksniu pa&scaron;alina riebal\u0173 pertekli\u0173 ir atgaivina plaukus be la&scaron;elio vandens ir nepriekai&scaron;tingai susilieja su nat\u016braliais plauk\u0173 atspalviais. Rudiems ir tamsiems plaukams.<\/p>\n<p><strong>Naudojimas:<\/strong> gerai suplakite ind\u0105. Pur&scaron;kite ant &scaron;akn\u0173 zonos 25 cm atstumu, &scaron;iek tiek pakeldami saus\u0173 plauk\u0173 sruogas. Lengvais masa\u017eo judesiais paskirstykite per plaukus. I&scaron;&scaron;ukuokite plaukus ir formuokite juos.<\/p>\n<p><strong>Atsargumo priemon\u0117s:<\/strong> prie&scaron; kiekvien\u0105 naudojim\u0105 gerai suplakti. Nenaudoti ant sudirgusios ar pa\u017eeistos odos. Vengti patekimo \u012f akis. Ne\u012fkv\u0117pkite. Venkite ilgo pur&scaron;kimo. Naudokite tik gerai v\u0117dinamose vietose.<\/p>\n<p>Laikyti nuo +5&deg;C iki +25&deg;C temperat\u016broje, toliau nuo &scaron;ildymo prietais\u0173, atokiau nuo tiesiogini\u0173 saul\u0117s spinduli\u0173.<\/p>\n<p><strong>Pavojinga! <\/strong>Ypa\u010d degus aerozolis. Sl\u0117gin\u0117 talpykla. Kaitinama gali sprogti. Laikyti vaikams neprieinamoje vietoje. Laikyti atokiau nuo &scaron;ilumos &scaron;altini\u0173, kar&scaron;t\u0173 pavir&scaron;i\u0173, \u017eie\u017eirb\u0173, atviros liepsnos arba kit\u0173 degimo &scaron;altini\u0173. Ner\u016bkyti. Nepradurti ir nedeginti net panaudoto. Saugoti nuo saul\u0117s &scaron;viesos. Nelaikyti auk&scaron;tesn\u0117je kaip 50 &ordm;C\/122 &ordm;F temperat\u016broje.<\/p>\n","protected":false},"excerpt":{"rendered":"<p>Nepalieka balt\u0173 \u017eymi\u0173. Akimirksniu pa&scaron;alina riebal\u0173 pertekli\u0173 ir atgaivina plaukus be la&scaron;elio vandens ir nepriekai&scaron;tingai susilieja su nat\u016braliais plauk\u0173 atspalviais. Rudiems ir tamsiems plaukams. Naudojimas: gerai suplakite ind\u0105. Pur&scaron;kite ant &scaron;akn\u0173 zonos 25 cm atstumu, &scaron;iek tiek pakeldami saus\u0173 plauk\u0173 sruogas. Lengvais masa\u017eo judesiais paskirstykite per plaukus. I&scaron;&scaron;ukuokite plaukus ir formuokite juos. Atsargumo priemon\u0117s: prie&scaron; [&#8230;]\n","protected":false},"featured_media":89718,"template":"","meta":[],"product_cat":[1251],"product_tag":[],"class_list":{"0":"post-31135","1":"product","2":"type-product","3":"status-publish","4":"has-post-thumbnail","6":"product_brand-unilever-ua-lt","7":"product_cat-sampunai","9":"first","10":"instock","11":"taxable","12":"shipping-taxable","13":"product-type-simple"},"_links":{"self":[{"href":"https:\/\/e.kosmolat.eu\/lt\/wp-json\/wp\/v2\/product\/31135","targetHints":{"allow":["GET"]}}],"collection":[{"href":"https:\/\/e.kosmolat.eu\/lt\/wp-json\/wp\/v2\/product"}],"about":[{"href":"https:\/\/e.kosmolat.eu\/lt\/wp-json\/wp\/v2\/types\/product"}],"wp:featuredmedia":[{"embeddable":true,"href":"https:\/\/e.kosmolat.eu\/lt\/wp-json\/wp\/v2\/media\/89718"}],"wp:attachment":[{"href":"https:\/\/e.kosmolat.eu\/lt\/wp-json\/wp\/v2\/media?parent=31135"}],"wp:term":[{"taxonomy":"product_cat","embeddable":true,"href":"https:\/\/e.kosmolat.eu\/lt\/wp-json\/wp\/v2\/product_cat?post=31135"},{"taxonomy":"product_tag","embeddable":true,"href":"https:\/\/e.kosmolat.eu\/lt\/wp-json\/wp\/v2\/product_tag?post=31135"}],"curies":[{"name":"wp","href":"https:\/\/api.w.org\/{rel}","templated":true}]}}