{"id":31127,"date":"2023-12-19T21:52:53","date_gmt":"2023-12-19T21:52:53","guid":{"rendered":"https:\/\/e.kosmolat.eu\/product\/bd-acu-konturzimulis-stream-line-melns-1-1-g\/"},"modified":"2025-09-20T01:33:27","modified_gmt":"2025-09-20T01:33:27","slug":"bd-acu-konturzimulis-sl-melns-1-1-g","status":"publish","type":"product","link":"https:\/\/e.kosmolat.eu\/lt\/produktas\/bd-acu-konturzimulis-sl-melns-1-1-g\/","title":{"rendered":"BELOR DESIGN kont\u016bras akims Stream Line, juodas, 1.1 g"},"content":{"rendered":"<p>Laikyti nuo +5 &ordm;C iki +25 &ordm;C temperat\u016broje. Rekomenduojama laikyti vertikaliai, dangteliu \u017eemyn.<\/p>\n","protected":false},"excerpt":{"rendered":"<p>Laikyti nuo +5 &ordm;C iki +25 &ordm;C temperat\u016broje. Rekomenduojama laikyti vertikaliai, dangteliu \u017eemyn.<\/p>\n","protected":false},"featured_media":89102,"template":"","meta":[],"product_cat":[1264],"product_tag":[],"class_list":{"0":"post-31127","1":"product","2":"type-product","3":"status-publish","4":"has-post-thumbnail","6":"product_brand-belordizain_by-lt","7":"product_cat-piestukai-konturai","9":"first","10":"outofstock","11":"taxable","12":"shipping-taxable","13":"product-type-simple"},"_links":{"self":[{"href":"https:\/\/e.kosmolat.eu\/lt\/wp-json\/wp\/v2\/product\/31127","targetHints":{"allow":["GET"]}}],"collection":[{"href":"https:\/\/e.kosmolat.eu\/lt\/wp-json\/wp\/v2\/product"}],"about":[{"href":"https:\/\/e.kosmolat.eu\/lt\/wp-json\/wp\/v2\/types\/product"}],"wp:featuredmedia":[{"embeddable":true,"href":"https:\/\/e.kosmolat.eu\/lt\/wp-json\/wp\/v2\/media\/89102"}],"wp:attachment":[{"href":"https:\/\/e.kosmolat.eu\/lt\/wp-json\/wp\/v2\/media?parent=31127"}],"wp:term":[{"taxonomy":"product_cat","embeddable":true,"href":"https:\/\/e.kosmolat.eu\/lt\/wp-json\/wp\/v2\/product_cat?post=31127"},{"taxonomy":"product_tag","embeddable":true,"href":"https:\/\/e.kosmolat.eu\/lt\/wp-json\/wp\/v2\/product_tag?post=31127"}],"curies":[{"name":"wp","href":"https:\/\/api.w.org\/{rel}","templated":true}]}}