{"id":31119,"date":"2023-12-19T21:52:18","date_gmt":"2023-12-19T21:52:18","guid":{"rendered":"https:\/\/e.kosmolat.eu\/product\/bd-mateta-lupu-kr-intellect-tonis-8-5-1-g\/"},"modified":"2026-04-01T07:19:38","modified_gmt":"2026-04-01T07:19:38","slug":"bd-mateta-lupu-kr-intellect-tonis-8-5-1-g","status":"publish","type":"product","link":"https:\/\/e.kosmolat.eu\/lt\/produktas\/bd-mateta-lupu-kr-intellect-tonis-8-5-1-g\/","title":{"rendered":"BELOR DESIGN Intellect  l\u016bp\u0173 da\u017eai, matiniai, tonas 8, 5.1 g"},"content":{"rendered":"<p>Laikyti nuo 0 &deg;\u0421 iki +25 &deg;\u0421 temperat\u016broje, toliau nuo &scaron;ildymo prietais\u0173, saugoti nuo tiesiogini\u0173 saul\u0117s spinduli\u0173.<\/p>\n","protected":false},"excerpt":{"rendered":"<p>Laikyti nuo 0 &deg;\u0421 iki +25 &deg;\u0421 temperat\u016broje, toliau nuo &scaron;ildymo prietais\u0173, saugoti nuo tiesiogini\u0173 saul\u0117s spinduli\u0173.<\/p>\n","protected":false},"featured_media":89086,"template":"","meta":[],"product_cat":[1269],"product_tag":[],"class_list":{"0":"post-31119","1":"product","2":"type-product","3":"status-publish","4":"has-post-thumbnail","6":"product_brand-belordizain_by-lt","7":"product_cat-lupu-dazai","9":"first","10":"instock","11":"taxable","12":"shipping-taxable","13":"product-type-simple"},"_links":{"self":[{"href":"https:\/\/e.kosmolat.eu\/lt\/wp-json\/wp\/v2\/product\/31119","targetHints":{"allow":["GET"]}}],"collection":[{"href":"https:\/\/e.kosmolat.eu\/lt\/wp-json\/wp\/v2\/product"}],"about":[{"href":"https:\/\/e.kosmolat.eu\/lt\/wp-json\/wp\/v2\/types\/product"}],"wp:featuredmedia":[{"embeddable":true,"href":"https:\/\/e.kosmolat.eu\/lt\/wp-json\/wp\/v2\/media\/89086"}],"wp:attachment":[{"href":"https:\/\/e.kosmolat.eu\/lt\/wp-json\/wp\/v2\/media?parent=31119"}],"wp:term":[{"taxonomy":"product_cat","embeddable":true,"href":"https:\/\/e.kosmolat.eu\/lt\/wp-json\/wp\/v2\/product_cat?post=31119"},{"taxonomy":"product_tag","embeddable":true,"href":"https:\/\/e.kosmolat.eu\/lt\/wp-json\/wp\/v2\/product_tag?post=31119"}],"curies":[{"name":"wp","href":"https:\/\/api.w.org\/{rel}","templated":true}]}}