{"id":31115,"date":"2023-12-19T21:52:02","date_gmt":"2023-12-19T21:52:02","guid":{"rendered":"https:\/\/e.kosmolat.eu\/product\/bd-mateta-lupu-kr-intellect-tonis-5-5-1-g\/"},"modified":"2026-04-16T11:21:34","modified_gmt":"2026-04-16T11:21:34","slug":"bd-mateta-lupu-kr-intellect-tonis-5-5-1-g","status":"publish","type":"product","link":"https:\/\/e.kosmolat.eu\/lt\/produktas\/bd-mateta-lupu-kr-intellect-tonis-5-5-1-g\/","title":{"rendered":"BELOR DESIGN Intellect l\u016bp\u0173 da\u017eai, matiniai, tonas 5, 5.1 g"},"content":{"rendered":"<p>Laikyti nuo 0 &deg;\u0421 iki +25 &deg;\u0421 temperat\u016broje, toliau nuo &scaron;ildymo prietais\u0173, saugoti nuo tiesiogini\u0173 saul\u0117s spinduli\u0173.<\/p>\n","protected":false},"excerpt":{"rendered":"<p>Laikyti nuo 0 &deg;\u0421 iki +25 &deg;\u0421 temperat\u016broje, toliau nuo &scaron;ildymo prietais\u0173, saugoti nuo tiesiogini\u0173 saul\u0117s spinduli\u0173.<\/p>\n","protected":false},"featured_media":89082,"template":"","meta":[],"product_cat":[2181],"product_tag":[],"class_list":{"0":"post-31115","1":"product","2":"type-product","3":"status-publish","4":"has-post-thumbnail","6":"product_brand-belordizain_by-lt","7":"product_cat-bez-kategorijas-lt","9":"first","10":"instock","11":"taxable","12":"shipping-taxable","13":"product-type-simple"},"_links":{"self":[{"href":"https:\/\/e.kosmolat.eu\/lt\/wp-json\/wp\/v2\/product\/31115","targetHints":{"allow":["GET"]}}],"collection":[{"href":"https:\/\/e.kosmolat.eu\/lt\/wp-json\/wp\/v2\/product"}],"about":[{"href":"https:\/\/e.kosmolat.eu\/lt\/wp-json\/wp\/v2\/types\/product"}],"wp:featuredmedia":[{"embeddable":true,"href":"https:\/\/e.kosmolat.eu\/lt\/wp-json\/wp\/v2\/media\/89082"}],"wp:attachment":[{"href":"https:\/\/e.kosmolat.eu\/lt\/wp-json\/wp\/v2\/media?parent=31115"}],"wp:term":[{"taxonomy":"product_cat","embeddable":true,"href":"https:\/\/e.kosmolat.eu\/lt\/wp-json\/wp\/v2\/product_cat?post=31115"},{"taxonomy":"product_tag","embeddable":true,"href":"https:\/\/e.kosmolat.eu\/lt\/wp-json\/wp\/v2\/product_tag?post=31115"}],"curies":[{"name":"wp","href":"https:\/\/api.w.org\/{rel}","templated":true}]}}