{"id":31099,"date":"2023-12-19T21:50:52","date_gmt":"2023-12-19T21:50:52","guid":{"rendered":"https:\/\/e.kosmolat.eu\/product\/bd-lupu-krasa-party-tonis-133\/"},"modified":"2025-09-20T01:30:53","modified_gmt":"2025-09-20T01:30:53","slug":"bd-lupu-krasa-party-tonis-133","status":"publish","type":"product","link":"https:\/\/e.kosmolat.eu\/lt\/produktas\/bd-lupu-krasa-party-tonis-133\/","title":{"rendered":"BELOR DESIGN Party l\u016bp\u0173 da\u017eai, 133 tonas, 4 g"},"content":{"rendered":"<p>Laikyti nuo 0 \u00b0\u0421 iki +25 \u00b0\u0421 temperat\u016broje, toliau nuo \u0161ildymo prietais\u0173, saugoti nuo tiesiogini\u0173 saul\u0117s spinduli\u0173.<\/p>\n","protected":false},"excerpt":{"rendered":"<p>Laikyti nuo 0 \u00b0\u0421 iki +25 \u00b0\u0421 temperat\u016broje, toliau nuo \u0161ildymo prietais\u0173, saugoti nuo tiesiogini\u0173 saul\u0117s spinduli\u0173.<\/p>\n","protected":false},"featured_media":89058,"template":"","meta":[],"product_cat":[1269],"product_tag":[],"class_list":{"0":"post-31099","1":"product","2":"type-product","3":"status-publish","4":"has-post-thumbnail","6":"product_brand-belordizain_by-lt","7":"product_cat-lupu-dazai","9":"first","10":"outofstock","11":"taxable","12":"shipping-taxable","13":"product-type-simple"},"_links":{"self":[{"href":"https:\/\/e.kosmolat.eu\/lt\/wp-json\/wp\/v2\/product\/31099","targetHints":{"allow":["GET"]}}],"collection":[{"href":"https:\/\/e.kosmolat.eu\/lt\/wp-json\/wp\/v2\/product"}],"about":[{"href":"https:\/\/e.kosmolat.eu\/lt\/wp-json\/wp\/v2\/types\/product"}],"wp:featuredmedia":[{"embeddable":true,"href":"https:\/\/e.kosmolat.eu\/lt\/wp-json\/wp\/v2\/media\/89058"}],"wp:attachment":[{"href":"https:\/\/e.kosmolat.eu\/lt\/wp-json\/wp\/v2\/media?parent=31099"}],"wp:term":[{"taxonomy":"product_cat","embeddable":true,"href":"https:\/\/e.kosmolat.eu\/lt\/wp-json\/wp\/v2\/product_cat?post=31099"},{"taxonomy":"product_tag","embeddable":true,"href":"https:\/\/e.kosmolat.eu\/lt\/wp-json\/wp\/v2\/product_tag?post=31099"}],"curies":[{"name":"wp","href":"https:\/\/api.w.org\/{rel}","templated":true}]}}