{"id":31091,"date":"2023-12-19T21:50:10","date_gmt":"2023-12-19T21:50:10","guid":{"rendered":"https:\/\/e.kosmolat.eu\/product\/metoo-nomierin-sejas-un-kermena-krems-klingerite-200-ml\/"},"modified":"2026-03-31T07:01:06","modified_gmt":"2026-03-31T07:01:06","slug":"i_metoo-nomierin-sejas-un-kermena-krems-klingerite-200-ml","status":"publish","type":"product","link":"https:\/\/e.kosmolat.eu\/lt\/produktas\/i_metoo-nomierin-sejas-un-kermena-krems-klingerite-200-ml\/","title":{"rendered":"I_ME TOO Raminantis kremas veidui ir k\u016bnui Calendula, 200 ml"},"content":{"rendered":"<p>Nat\u016bralus raminantis kremas veidui ir k\u016bnui, skirtas nuolatinei sudirgusios ir paraudusios odos prie\u017ei\u016brai. Kremo komponentai apsaugo nuo neigiamo i&scaron;orini\u0173 veiksni\u0173 poveikio ir neleid\u017eia sudirgti. Oda tampa dr\u0117kinama, lygi ir elastinga, suma\u017e\u0117ja paraudimas. Kremas idealiai tinka naudoti po makia\u017eo ir pavargusiai odai aplink akis. Taip pat rekomenduojamas k\u016bno prie\u017ei\u016brai ir kaip kremas po saul\u0117s voni\u0173.<\/p>\n","protected":false},"excerpt":{"rendered":"<p>Nat\u016bralus raminantis kremas veidui ir k\u016bnui, skirtas nuolatinei sudirgusios ir paraudusios odos prie\u017ei\u016brai. Kremo komponentai apsaugo nuo neigiamo i&scaron;orini\u0173 veiksni\u0173 poveikio ir neleid\u017eia sudirgti. Oda tampa dr\u0117kinama, lygi ir elastinga, suma\u017e\u0117ja paraudimas. Kremas idealiai tinka naudoti po makia\u017eo ir pavargusiai odai aplink akis. Taip pat rekomenduojamas k\u016bno prie\u017ei\u016brai ir kaip kremas po saul\u0117s voni\u0173.<\/p>\n","protected":false},"featured_media":89050,"template":"","meta":[],"product_cat":[1390],"product_tag":[],"class_list":{"0":"post-31091","1":"product","2":"type-product","3":"status-publish","4":"has-post-thumbnail","6":"product_brand-vento_cz-lt","7":"product_cat-kremai-aliejai-kuno-pienelis","9":"first","10":"outofstock","11":"taxable","12":"shipping-taxable","13":"product-type-simple"},"_links":{"self":[{"href":"https:\/\/e.kosmolat.eu\/lt\/wp-json\/wp\/v2\/product\/31091","targetHints":{"allow":["GET"]}}],"collection":[{"href":"https:\/\/e.kosmolat.eu\/lt\/wp-json\/wp\/v2\/product"}],"about":[{"href":"https:\/\/e.kosmolat.eu\/lt\/wp-json\/wp\/v2\/types\/product"}],"wp:featuredmedia":[{"embeddable":true,"href":"https:\/\/e.kosmolat.eu\/lt\/wp-json\/wp\/v2\/media\/89050"}],"wp:attachment":[{"href":"https:\/\/e.kosmolat.eu\/lt\/wp-json\/wp\/v2\/media?parent=31091"}],"wp:term":[{"taxonomy":"product_cat","embeddable":true,"href":"https:\/\/e.kosmolat.eu\/lt\/wp-json\/wp\/v2\/product_cat?post=31091"},{"taxonomy":"product_tag","embeddable":true,"href":"https:\/\/e.kosmolat.eu\/lt\/wp-json\/wp\/v2\/product_tag?post=31091"}],"curies":[{"name":"wp","href":"https:\/\/api.w.org\/{rel}","templated":true}]}}