{"id":31087,"date":"2023-12-19T21:49:50","date_gmt":"2023-12-19T21:49:50","guid":{"rendered":"https:\/\/e.kosmolat.eu\/product\/metoo-pretnovec-krems-sejas-un-kakla-adai-200-ml\/"},"modified":"2026-04-01T07:19:15","modified_gmt":"2026-04-01T07:19:15","slug":"metoo-pretnovec-krems-sejas-un-kakla-adai-200-ml","status":"publish","type":"product","link":"https:\/\/e.kosmolat.eu\/lt\/produktas\/metoo-pretnovec-krems-sejas-un-kakla-adai-200-ml\/","title":{"rendered":"ME TOO Anti-age kremas nuo sen\u0117jimo veidui ir kaklui, 200 ml"},"content":{"rendered":"<p>Sen\u0117jim\u0105 stabdantis veido ir kaklo kremas dr\u0117kina pavargusi\u0105 ir per anksti senstan\u010di\u0105 od\u0105. Sud\u0117tinis kremas intensyviai maitina od\u0105 ir didina jos elastingum\u0105, saugo j\u0105 nuo i&scaron;saus\u0117jimo, dirginimo ir &scaron;iurk&scaron;tumo. Kremas akimirksniu susigeria, nepalieka riebaus sluoksnio ir tuo pa\u010diu suteikia ilgalaik\u012f komforto jausm\u0105, aksomin\u012f &scaron;velnum\u0105 ir glotnum\u0105. Suma\u017eina pirmuosius odos sen\u0117jimo po\u017eymius. Sukurta brand\u017eiai odai.<\/p>\n","protected":false},"excerpt":{"rendered":"<p>Sen\u0117jim\u0105 stabdantis veido ir kaklo kremas dr\u0117kina pavargusi\u0105 ir per anksti senstan\u010di\u0105 od\u0105. Sud\u0117tinis kremas intensyviai maitina od\u0105 ir didina jos elastingum\u0105, saugo j\u0105 nuo i&scaron;saus\u0117jimo, dirginimo ir &scaron;iurk&scaron;tumo. Kremas akimirksniu susigeria, nepalieka riebaus sluoksnio ir tuo pa\u010diu suteikia ilgalaik\u012f komforto jausm\u0105, aksomin\u012f &scaron;velnum\u0105 ir glotnum\u0105. Suma\u017eina pirmuosius odos sen\u0117jimo po\u017eymius. Sukurta brand\u017eiai odai.<\/p>\n","protected":false},"featured_media":89046,"template":"","meta":[],"product_cat":[1390],"product_tag":[],"class_list":{"0":"post-31087","1":"product","2":"type-product","3":"status-publish","4":"has-post-thumbnail","6":"product_brand-vento_cz-lt","7":"product_cat-kremai-aliejai-kuno-pienelis","9":"first","10":"instock","11":"taxable","12":"shipping-taxable","13":"product-type-simple"},"_links":{"self":[{"href":"https:\/\/e.kosmolat.eu\/lt\/wp-json\/wp\/v2\/product\/31087","targetHints":{"allow":["GET"]}}],"collection":[{"href":"https:\/\/e.kosmolat.eu\/lt\/wp-json\/wp\/v2\/product"}],"about":[{"href":"https:\/\/e.kosmolat.eu\/lt\/wp-json\/wp\/v2\/types\/product"}],"wp:featuredmedia":[{"embeddable":true,"href":"https:\/\/e.kosmolat.eu\/lt\/wp-json\/wp\/v2\/media\/89046"}],"wp:attachment":[{"href":"https:\/\/e.kosmolat.eu\/lt\/wp-json\/wp\/v2\/media?parent=31087"}],"wp:term":[{"taxonomy":"product_cat","embeddable":true,"href":"https:\/\/e.kosmolat.eu\/lt\/wp-json\/wp\/v2\/product_cat?post=31087"},{"taxonomy":"product_tag","embeddable":true,"href":"https:\/\/e.kosmolat.eu\/lt\/wp-json\/wp\/v2\/product_tag?post=31087"}],"curies":[{"name":"wp","href":"https:\/\/api.w.org\/{rel}","templated":true}]}}