{"id":31083,"date":"2023-12-19T21:49:30","date_gmt":"2023-12-19T21:49:30","guid":{"rendered":"https:\/\/e.kosmolat.eu\/product\/metoo-barojoss-sejas-un-kermena-krems-alveja-200-ml\/"},"modified":"2026-04-23T07:28:59","modified_gmt":"2026-04-23T07:28:59","slug":"i_metoo-barojoss-sejas-un-kermena-krems-alveja-200-ml","status":"publish","type":"product","link":"https:\/\/e.kosmolat.eu\/lt\/produktas\/i_metoo-barojoss-sejas-un-kermena-krems-alveja-200-ml\/","title":{"rendered":"I_ME TOO Maitinamasis veido ir k\u016bno kremas Aloe Vera, 200 ml"},"content":{"rendered":"<p>Itin dr\u0117kinantis veido ir k\u016bno kremas, pagamintas i&scaron; nat\u016bralaus alavij\u0173 ekstrakto, akimirksniu pagerina odos dr\u0117kinim\u0105, ma\u017eina matom\u0105 sausum\u0105, &scaron;iurk&scaron;tum\u0105 ir sudirginim\u0105. Alavij\u0173 ekstrakte yra vitamin\u0173 A, C, E, mineral\u0173 ir amino r\u016bg&scaron;\u010di\u0173, kurios stiprina epiderm\u012f ir didina elastingum\u0105. Alavijas pagerina nat\u016bral\u0173 odos barjer\u0105, tod\u0117l oda tampa atspari aplinkos \u017ealai. Rekomenduojama jautriai odai, kuri\u0105 reikia nedelsiant dr\u0117kinti ir nuraminti.<\/p>\n","protected":false},"excerpt":{"rendered":"<p>Itin dr\u0117kinantis veido ir k\u016bno kremas, pagamintas i&scaron; nat\u016bralaus alavij\u0173 ekstrakto, akimirksniu pagerina odos dr\u0117kinim\u0105, ma\u017eina matom\u0105 sausum\u0105, &scaron;iurk&scaron;tum\u0105 ir sudirginim\u0105. Alavij\u0173 ekstrakte yra vitamin\u0173 A, C, E, mineral\u0173 ir amino r\u016bg&scaron;\u010di\u0173, kurios stiprina epiderm\u012f ir didina elastingum\u0105. Alavijas pagerina nat\u016bral\u0173 odos barjer\u0105, tod\u0117l oda tampa atspari aplinkos \u017ealai. Rekomenduojama jautriai odai, kuri\u0105 reikia nedelsiant [&#8230;]\n","protected":false},"featured_media":89042,"template":"","meta":[],"product_cat":[2181],"product_tag":[],"class_list":{"0":"post-31083","1":"product","2":"type-product","3":"status-publish","4":"has-post-thumbnail","6":"product_brand-vento_cz-lt","7":"product_cat-bez-kategorijas-lt","9":"first","10":"instock","11":"taxable","12":"shipping-taxable","13":"product-type-simple"},"_links":{"self":[{"href":"https:\/\/e.kosmolat.eu\/lt\/wp-json\/wp\/v2\/product\/31083","targetHints":{"allow":["GET"]}}],"collection":[{"href":"https:\/\/e.kosmolat.eu\/lt\/wp-json\/wp\/v2\/product"}],"about":[{"href":"https:\/\/e.kosmolat.eu\/lt\/wp-json\/wp\/v2\/types\/product"}],"wp:featuredmedia":[{"embeddable":true,"href":"https:\/\/e.kosmolat.eu\/lt\/wp-json\/wp\/v2\/media\/89042"}],"wp:attachment":[{"href":"https:\/\/e.kosmolat.eu\/lt\/wp-json\/wp\/v2\/media?parent=31083"}],"wp:term":[{"taxonomy":"product_cat","embeddable":true,"href":"https:\/\/e.kosmolat.eu\/lt\/wp-json\/wp\/v2\/product_cat?post=31083"},{"taxonomy":"product_tag","embeddable":true,"href":"https:\/\/e.kosmolat.eu\/lt\/wp-json\/wp\/v2\/product_tag?post=31083"}],"curies":[{"name":"wp","href":"https:\/\/api.w.org\/{rel}","templated":true}]}}