{"id":31079,"date":"2023-12-19T21:49:10","date_gmt":"2023-12-19T21:49:10","guid":{"rendered":"https:\/\/e.kosmolat.eu\/product\/metoo-mitrinoss-sejas-un-kermena-krems-gurkis-200-ml\/"},"modified":"2026-04-01T07:18:51","modified_gmt":"2026-04-01T07:18:51","slug":"i_metoo-mitrinoss-sejas-un-kermena-krems-gurkis-200-ml","status":"publish","type":"product","link":"https:\/\/e.kosmolat.eu\/lt\/produktas\/i_metoo-mitrinoss-sejas-un-kermena-krems-gurkis-200-ml\/","title":{"rendered":"I_ME TOO Dr\u0117kinamasis veido ir k\u016bno kremas Agurkai, 200 ml"},"content":{"rendered":"<p>Giliai dr\u0117kinantis kremas veidui ir k\u016bnui su gaivinan\u010diu agurk\u0173 ekstraktu. I&scaron;lygina, tonizuoja ir ma\u017eina nuovargio po\u017eymius. U\u017etikrina optimali\u0105 ir visapusi&scaron;k\u0105 odos prie\u017ei\u016br\u0105. Intensyviai dr\u0117kina ir lygina saus\u0105 od\u0105, saugo nuo elastingumo ir stangrumo praradimo. Agurk\u0173 ekstraktas yra vertingas vitamino C &scaron;altinis, kuris veikia kaip antioksidantas ir lengvai skaistina od\u0105. Kremas tinka vis\u0173 tip\u0173 odai, nepriklausomai nuo am\u017eiaus. Reguliariai naudojant, oda tampa sveika ir patraukli.<\/p>\n","protected":false},"excerpt":{"rendered":"<p>Giliai dr\u0117kinantis kremas veidui ir k\u016bnui su gaivinan\u010diu agurk\u0173 ekstraktu. I&scaron;lygina, tonizuoja ir ma\u017eina nuovargio po\u017eymius. U\u017etikrina optimali\u0105 ir visapusi&scaron;k\u0105 odos prie\u017ei\u016br\u0105. Intensyviai dr\u0117kina ir lygina saus\u0105 od\u0105, saugo nuo elastingumo ir stangrumo praradimo. Agurk\u0173 ekstraktas yra vertingas vitamino C &scaron;altinis, kuris veikia kaip antioksidantas ir lengvai skaistina od\u0105. Kremas tinka vis\u0173 tip\u0173 odai, nepriklausomai [&#8230;]\n","protected":false},"featured_media":89038,"template":"","meta":[],"product_cat":[1390],"product_tag":[],"class_list":{"0":"post-31079","1":"product","2":"type-product","3":"status-publish","4":"has-post-thumbnail","6":"product_brand-vento_cz-lt","7":"product_cat-kremai-aliejai-kuno-pienelis","9":"first","10":"outofstock","11":"taxable","12":"shipping-taxable","13":"product-type-simple"},"_links":{"self":[{"href":"https:\/\/e.kosmolat.eu\/lt\/wp-json\/wp\/v2\/product\/31079","targetHints":{"allow":["GET"]}}],"collection":[{"href":"https:\/\/e.kosmolat.eu\/lt\/wp-json\/wp\/v2\/product"}],"about":[{"href":"https:\/\/e.kosmolat.eu\/lt\/wp-json\/wp\/v2\/types\/product"}],"wp:featuredmedia":[{"embeddable":true,"href":"https:\/\/e.kosmolat.eu\/lt\/wp-json\/wp\/v2\/media\/89038"}],"wp:attachment":[{"href":"https:\/\/e.kosmolat.eu\/lt\/wp-json\/wp\/v2\/media?parent=31079"}],"wp:term":[{"taxonomy":"product_cat","embeddable":true,"href":"https:\/\/e.kosmolat.eu\/lt\/wp-json\/wp\/v2\/product_cat?post=31079"},{"taxonomy":"product_tag","embeddable":true,"href":"https:\/\/e.kosmolat.eu\/lt\/wp-json\/wp\/v2\/product_tag?post=31079"}],"curies":[{"name":"wp","href":"https:\/\/api.w.org\/{rel}","templated":true}]}}