{"id":31075,"date":"2023-12-19T21:48:51","date_gmt":"2023-12-19T21:48:51","guid":{"rendered":"https:\/\/e.kosmolat.eu\/product\/metoo-atjaun-sejas-un-kermena-krems-kazas-piens-200-ml\/"},"modified":"2026-04-18T06:23:40","modified_gmt":"2026-04-18T06:23:40","slug":"i_metoo-atjaun-sejas-un-kermena-krems-kazas-piens-200-ml","status":"publish","type":"product","link":"https:\/\/e.kosmolat.eu\/lt\/produktas\/i_metoo-atjaun-sejas-un-kermena-krems-kazas-piens-200-ml\/","title":{"rendered":"I_ME TOO Atnaujinantis veido ir k\u016bno kremas O\u017ek\u0173 pienas, 200 ml"},"content":{"rendered":"<p>Regeneruojantis veido ir k\u016bno kremas intensyviai dr\u0117kina ir ramina od\u0105. Kreme esantys maitinamieji o\u017ek\u0173 &nbsp;pieno baltymai giliai \u012fsiskverbia \u012f od\u0105 ir daro j\u0105 elasting\u0105 bei &scaron;velni\u0105 liesti. O\u017ek\u0173 pienas saugo epiderm\u012f, l\u0117tina sen\u0117jim\u0105 ir ramina odos sudirgimus, ma\u017eina nemalon\u0173 &scaron;iurk&scaron;tumo ir tempimo jausm\u0105, maitina ir lygina. Rekomenduojamas vis\u0173 tip\u0173 odai, ypa\u010d sausai, jautriai ir neelastingai odai.<\/p>\n","protected":false},"excerpt":{"rendered":"<p>Regeneruojantis veido ir k\u016bno kremas intensyviai dr\u0117kina ir ramina od\u0105. Kreme esantys maitinamieji o\u017ek\u0173 &nbsp;pieno baltymai giliai \u012fsiskverbia \u012f od\u0105 ir daro j\u0105 elasting\u0105 bei &scaron;velni\u0105 liesti. O\u017ek\u0173 pienas saugo epiderm\u012f, l\u0117tina sen\u0117jim\u0105 ir ramina odos sudirgimus, ma\u017eina nemalon\u0173 &scaron;iurk&scaron;tumo ir tempimo jausm\u0105, maitina ir lygina. Rekomenduojamas vis\u0173 tip\u0173 odai, ypa\u010d sausai, jautriai ir neelastingai [&#8230;]\n","protected":false},"featured_media":89034,"template":"","meta":[],"product_cat":[1390],"product_tag":[],"class_list":{"0":"post-31075","1":"product","2":"type-product","3":"status-publish","4":"has-post-thumbnail","6":"product_brand-vento_cz-lt","7":"product_cat-kremai-aliejai-kuno-pienelis","9":"first","10":"outofstock","11":"taxable","12":"shipping-taxable","13":"product-type-simple"},"_links":{"self":[{"href":"https:\/\/e.kosmolat.eu\/lt\/wp-json\/wp\/v2\/product\/31075","targetHints":{"allow":["GET"]}}],"collection":[{"href":"https:\/\/e.kosmolat.eu\/lt\/wp-json\/wp\/v2\/product"}],"about":[{"href":"https:\/\/e.kosmolat.eu\/lt\/wp-json\/wp\/v2\/types\/product"}],"wp:featuredmedia":[{"embeddable":true,"href":"https:\/\/e.kosmolat.eu\/lt\/wp-json\/wp\/v2\/media\/89034"}],"wp:attachment":[{"href":"https:\/\/e.kosmolat.eu\/lt\/wp-json\/wp\/v2\/media?parent=31075"}],"wp:term":[{"taxonomy":"product_cat","embeddable":true,"href":"https:\/\/e.kosmolat.eu\/lt\/wp-json\/wp\/v2\/product_cat?post=31075"},{"taxonomy":"product_tag","embeddable":true,"href":"https:\/\/e.kosmolat.eu\/lt\/wp-json\/wp\/v2\/product_tag?post=31075"}],"curies":[{"name":"wp","href":"https:\/\/api.w.org\/{rel}","templated":true}]}}