{"id":31067,"date":"2023-12-19T21:48:12","date_gmt":"2023-12-19T21:48:12","guid":{"rendered":"https:\/\/e.kosmolat.eu\/product\/metoo-zeleja-intimai-higienai-sensitive-500-ml\/"},"modified":"2026-03-31T07:00:12","modified_gmt":"2026-03-31T07:00:12","slug":"metoo-zeleja-intimai-higienai-sensitive-500-ml","status":"publish","type":"product","link":"https:\/\/e.kosmolat.eu\/lt\/produktas\/metoo-zeleja-intimai-higienai-sensitive-500-ml\/","title":{"rendered":"ME TOO Gelis intymiai higienai Sensitive, 500 ml"},"content":{"rendered":"<p>Intymios higienos gelis su raminan\u010dia formule naikina nemalonius kvapus, &scaron;velniai valo intymias vietas, ramina od\u0105 ir suteikia jai gaivumo. Pieno r\u016bg&scaron;tis optimizuoja pH lyg\u012f, i&scaron;laikydama nat\u016brali\u0105 pusiausvyr\u0105. Tinka kasdieniam naudojimui.<\/p>\n<p><strong>Naudojimas: <\/strong>u\u017etepkite nedidel\u012f kiek\u012f valomojo gelio ant intymios vietos, tada gerai nuplaukite vandeniu.<br \/>\n&nbsp;<\/p>\n","protected":false},"excerpt":{"rendered":"<p>Intymios higienos gelis su raminan\u010dia formule naikina nemalonius kvapus, &scaron;velniai valo intymias vietas, ramina od\u0105 ir suteikia jai gaivumo. Pieno r\u016bg&scaron;tis optimizuoja pH lyg\u012f, i&scaron;laikydama nat\u016brali\u0105 pusiausvyr\u0105. Tinka kasdieniam naudojimui. Naudojimas: u\u017etepkite nedidel\u012f kiek\u012f valomojo gelio ant intymios vietos, tada gerai nuplaukite vandeniu. &nbsp;<\/p>\n","protected":false},"featured_media":89026,"template":"","meta":[],"product_cat":[1374],"product_tag":[],"class_list":{"0":"post-31067","1":"product","2":"type-product","3":"status-publish","4":"has-post-thumbnail","6":"product_brand-vento_cz-lt","7":"product_cat-intymi-higiena","9":"first","10":"outofstock","11":"taxable","12":"shipping-taxable","13":"product-type-simple"},"_links":{"self":[{"href":"https:\/\/e.kosmolat.eu\/lt\/wp-json\/wp\/v2\/product\/31067","targetHints":{"allow":["GET"]}}],"collection":[{"href":"https:\/\/e.kosmolat.eu\/lt\/wp-json\/wp\/v2\/product"}],"about":[{"href":"https:\/\/e.kosmolat.eu\/lt\/wp-json\/wp\/v2\/types\/product"}],"wp:featuredmedia":[{"embeddable":true,"href":"https:\/\/e.kosmolat.eu\/lt\/wp-json\/wp\/v2\/media\/89026"}],"wp:attachment":[{"href":"https:\/\/e.kosmolat.eu\/lt\/wp-json\/wp\/v2\/media?parent=31067"}],"wp:term":[{"taxonomy":"product_cat","embeddable":true,"href":"https:\/\/e.kosmolat.eu\/lt\/wp-json\/wp\/v2\/product_cat?post=31067"},{"taxonomy":"product_tag","embeddable":true,"href":"https:\/\/e.kosmolat.eu\/lt\/wp-json\/wp\/v2\/product_tag?post=31067"}],"curies":[{"name":"wp","href":"https:\/\/api.w.org\/{rel}","templated":true}]}}