{"id":31035,"date":"2023-12-19T21:45:54","date_gmt":"2023-12-19T21:45:54","guid":{"rendered":"https:\/\/e.kosmolat.eu\/product\/metoo-dusas-zeleja-un-sampuns-forest-fruit-2in1-sievietem-500-ml\/"},"modified":"2025-09-20T01:27:25","modified_gmt":"2025-09-20T01:27:25","slug":"metoo-dusas-zeleja-un-sampuns-forest-fruit-2in1-sievietem-500-ml","status":"publish","type":"product","link":"https:\/\/e.kosmolat.eu\/lt\/produktas\/metoo-dusas-zeleja-un-sampuns-forest-fruit-2in1-sievietem-500-ml\/","title":{"rendered":"ME TOO Du\u0161o \u017eel\u0117 ir \u0161amp\u016bnas 2in1 moterims Forest Fruit, 500 ml"},"content":{"rendered":"<p>Du&scaron;o \u017eel\u0117 ir &scaron;amp\u016bnas kasdienei prie\u017ei\u016brai. Sud\u0117tyje yra ingredient\u0173, kurie &scaron;velnina od\u0105, daro j\u0105 &scaron;vari\u0105 ir gaivi\u0105.<\/p>\n","protected":false},"excerpt":{"rendered":"<p>Du&scaron;o \u017eel\u0117 ir &scaron;amp\u016bnas kasdienei prie\u017ei\u016brai. Sud\u0117tyje yra ingredient\u0173, kurie &scaron;velnina od\u0105, daro j\u0105 &scaron;vari\u0105 ir gaivi\u0105.<\/p>\n","protected":false},"featured_media":88994,"template":"","meta":[],"product_cat":[1282],"product_tag":[],"class_list":{"0":"post-31035","1":"product","2":"type-product","3":"status-publish","4":"has-post-thumbnail","6":"product_brand-vento_cz-lt","7":"product_cat-duso-geliai-ir-duso-aliejai","9":"first","10":"outofstock","11":"taxable","12":"shipping-taxable","13":"product-type-simple"},"_links":{"self":[{"href":"https:\/\/e.kosmolat.eu\/lt\/wp-json\/wp\/v2\/product\/31035","targetHints":{"allow":["GET"]}}],"collection":[{"href":"https:\/\/e.kosmolat.eu\/lt\/wp-json\/wp\/v2\/product"}],"about":[{"href":"https:\/\/e.kosmolat.eu\/lt\/wp-json\/wp\/v2\/types\/product"}],"wp:featuredmedia":[{"embeddable":true,"href":"https:\/\/e.kosmolat.eu\/lt\/wp-json\/wp\/v2\/media\/88994"}],"wp:attachment":[{"href":"https:\/\/e.kosmolat.eu\/lt\/wp-json\/wp\/v2\/media?parent=31035"}],"wp:term":[{"taxonomy":"product_cat","embeddable":true,"href":"https:\/\/e.kosmolat.eu\/lt\/wp-json\/wp\/v2\/product_cat?post=31035"},{"taxonomy":"product_tag","embeddable":true,"href":"https:\/\/e.kosmolat.eu\/lt\/wp-json\/wp\/v2\/product_tag?post=31035"}],"curies":[{"name":"wp","href":"https:\/\/api.w.org\/{rel}","templated":true}]}}