{"id":31019,"date":"2023-12-19T21:44:15","date_gmt":"2023-12-19T21:44:15","guid":{"rendered":"https:\/\/e.kosmolat.eu\/product\/dr-sante-biotin-hair-matu-atjaun-busteris-100-ml\/"},"modified":"2025-09-20T01:26:17","modified_gmt":"2025-09-20T01:26:17","slug":"i_dr-sante-biotin-hair-matu-atjaun-busteris-100-ml","status":"publish","type":"product","link":"https:\/\/e.kosmolat.eu\/lt\/produktas\/i_dr-sante-biotin-hair-matu-atjaun-busteris-100-ml\/","title":{"rendered":"I_DR.SANTE BIOTIN HAIR Hair Loss Control plauk\u0173 atk\u016brimo priemon\u0117, 100 ml"},"content":{"rendered":"<p>BIOTIN HAIR Hair Loss Control serija &ndash; vitamin\u0173 terapija plauk\u0173 tankumui ir tvirtumui su biotinu ir provitaminu B5. Dermatologi&scaron;kai patikrintas.<\/p>\n<p><strong>Naudojimas:<\/strong><br \/>\n1. Terminis atk\u016brimas: tolygiai paskirstykite priemon\u0119 ant &scaron;vari\u0173, dr\u0117gn\u0173 plauk\u0173 per vis\u0105 ilg\u012f, neliesdami galvos odos ir plauk\u0173 &scaron;akn\u0173. U\u017ed\u0117kite plastikin\u0119 kepurait\u0119 arba termo kepurait\u0119 ir 3&ndash;5 minutes &scaron;ildykite galv\u0105 plauk\u0173 d\u017eiovintuvu. Palikite produkt\u0105 dar 30 minu\u010di\u0173, &nbsp;maksimaliam poveikiui, apvyniokite galv\u0105 rank&scaron;luos\u010diu. Tada nuplaukite &scaron;iltu tekan\u010diu vandeniu.<br \/>\n2. Greitas atsigavimas: sumai&scaron;ykite priemon\u0119 santykiu 1:1 su &scaron;altu vandeniu iki tir&scaron;tos konsistencijos. Nenaudokite metalini\u0173 ind\u0173. Tepkite produkt\u0105 per vis\u0105 plauk\u0173 ilg\u012f ir palikite 10-15 minu\u010di\u0173, tada nuplaukite &scaron;iltu tekan\u010diu vandeniu. Tir&scaron;t\u0117ja esant \u017eemesnei nei 20 &deg;C temperat\u016brai. Prie&scaron; naudojim\u0105 buteliuk\u0105 laikykite labai &scaron;iltame vandenyje (bet ne verdan\u010diame), tada suplakite.<\/p>\n<p><strong>Atsargumo priemon\u0117s:<\/strong> patekus \u012f akis, praplauti vandeniu.<\/p>\n","protected":false},"excerpt":{"rendered":"<p>BIOTIN HAIR Hair Loss Control serija &ndash; vitamin\u0173 terapija plauk\u0173 tankumui ir tvirtumui su biotinu ir provitaminu B5. Dermatologi&scaron;kai patikrintas. Naudojimas: 1. Terminis atk\u016brimas: tolygiai paskirstykite priemon\u0119 ant &scaron;vari\u0173, dr\u0117gn\u0173 plauk\u0173 per vis\u0105 ilg\u012f, neliesdami galvos odos ir plauk\u0173 &scaron;akn\u0173. U\u017ed\u0117kite plastikin\u0119 kepurait\u0119 arba termo kepurait\u0119 ir 3&ndash;5 minutes &scaron;ildykite galv\u0105 plauk\u0173 d\u017eiovintuvu. Palikite produkt\u0105 [&#8230;]\n","protected":false},"featured_media":88978,"template":"","meta":[],"product_cat":[1345],"product_tag":[],"class_list":{"0":"post-31019","1":"product","2":"type-product","3":"status-publish","4":"has-post-thumbnail","6":"product_brand-elfa_ua-lt","7":"product_cat-kitos-plauku-prieziuros-priemones","9":"first","10":"outofstock","11":"taxable","12":"shipping-taxable","13":"product-type-simple"},"_links":{"self":[{"href":"https:\/\/e.kosmolat.eu\/lt\/wp-json\/wp\/v2\/product\/31019","targetHints":{"allow":["GET"]}}],"collection":[{"href":"https:\/\/e.kosmolat.eu\/lt\/wp-json\/wp\/v2\/product"}],"about":[{"href":"https:\/\/e.kosmolat.eu\/lt\/wp-json\/wp\/v2\/types\/product"}],"wp:featuredmedia":[{"embeddable":true,"href":"https:\/\/e.kosmolat.eu\/lt\/wp-json\/wp\/v2\/media\/88978"}],"wp:attachment":[{"href":"https:\/\/e.kosmolat.eu\/lt\/wp-json\/wp\/v2\/media?parent=31019"}],"wp:term":[{"taxonomy":"product_cat","embeddable":true,"href":"https:\/\/e.kosmolat.eu\/lt\/wp-json\/wp\/v2\/product_cat?post=31019"},{"taxonomy":"product_tag","embeddable":true,"href":"https:\/\/e.kosmolat.eu\/lt\/wp-json\/wp\/v2\/product_tag?post=31019"}],"curies":[{"name":"wp","href":"https:\/\/api.w.org\/{rel}","templated":true}]}}