{"id":31015,"date":"2023-12-19T21:43:47","date_gmt":"2023-12-19T21:43:47","guid":{"rendered":"https:\/\/e.kosmolat.eu\/product\/skinlite-hidrogela-sejas-maska-zelts-un-kolagens-1-gab\/"},"modified":"2026-04-04T05:40:17","modified_gmt":"2026-04-04T05:40:17","slug":"skinlite-hidrogela-sejas-maska-zelts-un-kolagens-1-gab","status":"publish","type":"product","link":"https:\/\/e.kosmolat.eu\/lt\/produktas\/skinlite-hidrogela-sejas-maska-zelts-un-kolagens-1-gab\/","title":{"rendered":"SKINLITE Hidrogelin\u0117 kauk\u0117 Auksas ir kolagenas, 1 vnt."},"content":{"rendered":"<p>Idealus produktas greitam ir efektyviam odos atstatymui, turintis galing\u0105 sen\u0117jim\u0105 stabdant\u012f poveik\u012f.<br \/>\nKoloidinio aukso d\u0117ka pagreit\u0117ja med\u017eiag\u0173 apykaitos procesai epidermyje l\u0105steli\u0173 lygiu, padid\u0117ja odos gyvybingumas, skatinamos regeneracin\u0117s funkcijos. Auksas padeda sustiprinti l\u0105steli\u0173 regeneracijos procesus, taip pat yra puikus kit\u0173 kauk\u0117je esan\u010di\u0173 komponent\u0173 laidininkas \u012f gilius dermos sluoksnius.<br \/>\nKolagenas gerina kraujo mikrocirkuliacij\u0105 vir&scaron;utiniuose odos sluoksniuose, stabdo sen\u0117jimo procesus, atkuria turgor\u0105, lygina mimikos rauk&scaron;les, ilgam palieka veido od\u0105 dr\u0117kinam\u0105, elasting\u0105 ir stangri\u0105.<\/p>\n<p>Augal\u0173 ekstrakt\u0173, adenozino ir niacinamido derinys sudaro galing\u0105 antioksidacin\u012f kompleks\u0105, kuris skatina j\u016bs\u0173 pa\u010di\u0173 kolageno gamyb\u0105 ir padidina keramido kiek\u012f.<br \/>\nUnikalus pagrindas, pagamintas i&scaron; geriausio hidrogelio, leid\u017eia kaukei absoliu\u010diai tvirtai prilipti prie veido odos, suformuojant vakuum\u0105, kuris kelis kartus padidina proced\u016bros efektyvum\u0105 lyginant su \u012fprastomis kauk\u0117mis. Veikiant k\u016bno temperat\u016brai, gelis palaipsniui i&scaron;tirpsta, prisotindamas od\u0105 veikliosiomis med\u017eiagomis, tod\u0117l efektas yra ry&scaron;kus ir ilgalaikis.<\/p>\n<p><strong>Naudojimas:<\/strong><br \/>\n1. Kruop&scaron;\u010diai nuplaukite ir nusausinkite veid\u0105.&nbsp;<br \/>\n2. Atidarykite pakuot\u0119 ir i&scaron;imkite kauk\u0119. Nuimkite plastikin\u0119 pl\u0117vel\u0119 i&scaron; abiej\u0173 pusi\u0173.<br \/>\n3. Vir&scaron;utin\u0119 ir apatin\u0119 dalis u\u017ed\u0117kite ant veido. I&scaron;lyginkite kauk\u0119 ant odos, kad nelikt\u0173 burbuliuk\u0173.<br \/>\n4. Palikite kauk\u0119 20-30 minu\u010di\u0173 ir atsargiai nuimkite j\u0105 traukdami u\u017e kra&scaron;t\u0173. Likusi\u0105 kauk\u0119 &scaron;velniai \u012fmasa\u017euokite \u012f veid\u0105.<br \/>\nPirm\u0105sias dvi savaites kauk\u0119 naudokite kart\u0105 per 2 dienas, v\u0117liau 2 kartus per savait\u0119.<\/p>\n<p><strong>Atsargumo priemon\u0117s: <\/strong>1) Venkite naudoti ant pa\u017eeistos, sudirgusios ar saul\u0117je &nbsp;nudegusios odos. 2) Nenaudokite produkto, jei esate jautr\u016bs bet kuriam &nbsp;komponentui. Jei naudojimo metu oda parausta arba sudirgsta, nutraukite naudojim\u0105 ir kreipkit\u0117s \u012f gydytoj\u0105. 3) Venkite kontakto su aki\u0173 gleivine. Patekus, nuplaukite vandeniu. 4) Venkite naudoti ant odos, kuri yra jautri tvars\u010diams, &nbsp;ir lipnioms kauk\u0117ms. 5) Laikyti vaikams nepasiekiamoje vietoje. Laikyti nuo 0&deg;C iki 25&deg;C temperat\u016broje. Venkite tiesiogini\u0173 saul\u0117s spinduli\u0173.6) Tik i&scaron;oriniam naudojimui. Nenuryti!<\/p>\n<p><strong>Geriausias:<\/strong> 3 metai nuo pagaminimo datos.<br \/>\n&nbsp;<\/p>\n","protected":false},"excerpt":{"rendered":"<p>Idealus produktas greitam ir efektyviam odos atstatymui, turintis galing\u0105 sen\u0117jim\u0105 stabdant\u012f poveik\u012f. Koloidinio aukso d\u0117ka pagreit\u0117ja med\u017eiag\u0173 apykaitos procesai epidermyje l\u0105steli\u0173 lygiu, padid\u0117ja odos gyvybingumas, skatinamos regeneracin\u0117s funkcijos. Auksas padeda sustiprinti l\u0105steli\u0173 regeneracijos procesus, taip pat yra puikus kit\u0173 kauk\u0117je esan\u010di\u0173 komponent\u0173 laidininkas \u012f gilius dermos sluoksnius. Kolagenas gerina kraujo mikrocirkuliacij\u0105 vir&scaron;utiniuose odos sluoksniuose, stabdo [&#8230;]\n","protected":false},"featured_media":88966,"template":"","meta":[],"product_cat":[2181],"product_tag":[],"class_list":{"0":"post-31015","1":"product","2":"type-product","3":"status-publish","4":"has-post-thumbnail","6":"product_brand-skinlite-lt","7":"product_cat-bez-kategorijas-lt","9":"first","10":"outofstock","11":"taxable","12":"shipping-taxable","13":"product-type-simple"},"_links":{"self":[{"href":"https:\/\/e.kosmolat.eu\/lt\/wp-json\/wp\/v2\/product\/31015","targetHints":{"allow":["GET"]}}],"collection":[{"href":"https:\/\/e.kosmolat.eu\/lt\/wp-json\/wp\/v2\/product"}],"about":[{"href":"https:\/\/e.kosmolat.eu\/lt\/wp-json\/wp\/v2\/types\/product"}],"wp:featuredmedia":[{"embeddable":true,"href":"https:\/\/e.kosmolat.eu\/lt\/wp-json\/wp\/v2\/media\/88966"}],"wp:attachment":[{"href":"https:\/\/e.kosmolat.eu\/lt\/wp-json\/wp\/v2\/media?parent=31015"}],"wp:term":[{"taxonomy":"product_cat","embeddable":true,"href":"https:\/\/e.kosmolat.eu\/lt\/wp-json\/wp\/v2\/product_cat?post=31015"},{"taxonomy":"product_tag","embeddable":true,"href":"https:\/\/e.kosmolat.eu\/lt\/wp-json\/wp\/v2\/product_tag?post=31015"}],"curies":[{"name":"wp","href":"https:\/\/api.w.org\/{rel}","templated":true}]}}