{"id":31011,"date":"2023-12-19T21:43:15","date_gmt":"2023-12-19T21:43:15","guid":{"rendered":"https:\/\/e.kosmolat.eu\/product\/skinlite-hidrogela-sejas-maska-melno-perlu-ekstr-un-hial-sk-1-gab\/"},"modified":"2026-04-17T13:06:45","modified_gmt":"2026-04-17T13:06:45","slug":"skinlite-hidrogela-sejas-maska-melno-perlu-ekstr-un-hial-sk-1-gab","status":"publish","type":"product","link":"https:\/\/e.kosmolat.eu\/lt\/produktas\/skinlite-hidrogela-sejas-maska-melno-perlu-ekstr-un-hial-sk-1-gab\/","title":{"rendered":"SKINLITE Hidrogelin\u0117 kauk\u0117 Juodasis perlas ir hialurono r\u016bg\u0161tis, 1 vnt."},"content":{"rendered":"<p>Specialus didel\u0117s ir ma\u017eos molekulin\u0117s mas\u0117s hialurono r\u016bg&scaron;ties kompleksas giliai ir tikslingai veikia odos l\u0105steles, atkuria vandens balans\u0105, stangrina od\u0105, pakelia ir stiprina veido oval\u0105, skatina l\u0105steli\u0173 atsinaujinim\u0105 ir savo hialurono r\u016bg&scaron;ties sintez\u0119. .<br \/>\nJuod\u0173j\u0173 perl\u0173 protein\u0173 s\u0105veika su hialurono r\u016bg&scaron;timi u\u017etikrina efektyv\u0173 odos dr\u0117kinim\u0105, pigmentacijos pa&scaron;vies\u0117jim\u0105, didina l\u0105stelin\u012f imunitet\u0105, aktyvina odos atstatymo procesus.<br \/>\n\u017doleli\u0173 &bdquo;juodasis&ldquo; kompleksas i&scaron; juod\u0173j\u0173 pupeli\u0173, sezam\u0173 ir rudadumbli\u0173 ekstrakt\u0173 efektyviai maitina ir ma\u017eina paburkim\u0105, o sraigi\u0173 mucinas ir peptidai turi galing\u0105 regeneruojant\u012f ir jauninant\u012f poveik\u012f odai, normalizuoja kolageno ir elastino gamyb\u0105.<br \/>\nUnikalus pagrindas, pagamintas i&scaron; geriausio hidrogelio, leid\u017eia kaukei absoliu\u010diai tvirtai prilipti prie veido odos, suformuojant vakuum\u0105, kuris kelis kartus padidina proced\u016bros efektyvum\u0105 lyginant su \u012fprastomis kauk\u0117mis. Veikiant k\u016bno temperat\u016brai, gelis palaipsniui i&scaron;tirpsta, prisotindamas od\u0105 veikliosiomis med\u017eiagomis, tod\u0117l efektas yra ry&scaron;kus ir ilgalaikis.<\/p>\n<p><strong>Naudojimas:<\/strong><br \/>\n5. Kruop&scaron;\u010diai nuplaukite ir nusausinkite veid\u0105.<br \/>\n6. Atidarykite pakuot\u0119 ir i&scaron;imkite kauk\u0119. Nuimkite plastikin\u0119 pl\u0117vel\u0119 i&scaron; abiej\u0173 pusi\u0173.&nbsp;<br \/>\n7. U\u017ed\u0117kite vir&scaron;utines ir apatines dalis ant veido. U\u017etepkite kauk\u0119 ant odos, kad nelikt\u0173 burbuliuk\u0173.<br \/>\n8. Palikite kauk\u0119 20-30 minu\u010di\u0173, tada atsargiai nuimkite j\u0105 traukdami u\u017e kra&scaron;t\u0173. Likusi\u0105 kauk\u0119 &scaron;velniai \u012fmasa\u017euokite \u012f veid\u0105.<br \/>\nPirm\u0105sias dvi savaites kauk\u0119 naudokite kart\u0105 per 2 dienas, v\u0117liau 2 kartus per savait\u0119.<\/p>\n<p><strong>Atsargumo priemon\u0117s: <\/strong>1) Venkite naudoti ant pa\u017eeistos, sudirgusios ar saul\u0117s nudegusios odos. 2) Nenaudokite produkto, jei esate jautr\u016bs bet kuriam kompozicijos komponentui. Jei naudojimo metu oda parausta arba sudirgsta, nutraukite naudojim\u0105 ir kreipkit\u0117s \u012f gydytoj\u0105. 3) Venkite kontakto su aki\u0173 gleivine. Patekus, nuplaukite vandeniu. 4) Venkite naudoti ant odos, kuri yra jautri tvars\u010diams, &nbsp;ir lipnioms kauk\u0117ms. 5) Laikyti vaikams nepasiekiamoje vietoje. Laikyti nuo 0&deg;C iki 25&deg;C temperat\u016broje. Venkite tiesiogini\u0173 saul\u0117s spinduli\u0173.6) Tik i&scaron;oriniam naudojimui. Nenuryti!<\/p>\n<p><strong>Geriausias: <\/strong>3 metai nuo pagaminimo datos.<br \/>\n&nbsp;<\/p>\n","protected":false},"excerpt":{"rendered":"<p>Specialus didel\u0117s ir ma\u017eos molekulin\u0117s mas\u0117s hialurono r\u016bg&scaron;ties kompleksas giliai ir tikslingai veikia odos l\u0105steles, atkuria vandens balans\u0105, stangrina od\u0105, pakelia ir stiprina veido oval\u0105, skatina l\u0105steli\u0173 atsinaujinim\u0105 ir savo hialurono r\u016bg&scaron;ties sintez\u0119. . Juod\u0173j\u0173 perl\u0173 protein\u0173 s\u0105veika su hialurono r\u016bg&scaron;timi u\u017etikrina efektyv\u0173 odos dr\u0117kinim\u0105, pigmentacijos pa&scaron;vies\u0117jim\u0105, didina l\u0105stelin\u012f imunitet\u0105, aktyvina odos atstatymo procesus. \u017doleli\u0173 [&#8230;]\n","protected":false},"featured_media":88962,"template":"","meta":[],"product_cat":[1369],"product_tag":[],"class_list":{"0":"post-31011","1":"product","2":"type-product","3":"status-publish","4":"has-post-thumbnail","6":"product_brand-skinlite-lt","7":"product_cat-veido-kaukes","9":"first","10":"instock","11":"taxable","12":"shipping-taxable","13":"product-type-simple"},"_links":{"self":[{"href":"https:\/\/e.kosmolat.eu\/lt\/wp-json\/wp\/v2\/product\/31011","targetHints":{"allow":["GET"]}}],"collection":[{"href":"https:\/\/e.kosmolat.eu\/lt\/wp-json\/wp\/v2\/product"}],"about":[{"href":"https:\/\/e.kosmolat.eu\/lt\/wp-json\/wp\/v2\/types\/product"}],"wp:featuredmedia":[{"embeddable":true,"href":"https:\/\/e.kosmolat.eu\/lt\/wp-json\/wp\/v2\/media\/88962"}],"wp:attachment":[{"href":"https:\/\/e.kosmolat.eu\/lt\/wp-json\/wp\/v2\/media?parent=31011"}],"wp:term":[{"taxonomy":"product_cat","embeddable":true,"href":"https:\/\/e.kosmolat.eu\/lt\/wp-json\/wp\/v2\/product_cat?post=31011"},{"taxonomy":"product_tag","embeddable":true,"href":"https:\/\/e.kosmolat.eu\/lt\/wp-json\/wp\/v2\/product_tag?post=31011"}],"curies":[{"name":"wp","href":"https:\/\/api.w.org\/{rel}","templated":true}]}}