{"id":31007,"date":"2023-12-19T21:42:44","date_gmt":"2023-12-19T21:42:44","guid":{"rendered":"https:\/\/e.kosmolat.eu\/product\/elskin-pedu-pilinga-maska-1-paris\/"},"modified":"2025-09-20T01:25:05","modified_gmt":"2025-09-20T01:25:05","slug":"elskin-pedu-pilinga-maska-1-paris","status":"publish","type":"product","link":"https:\/\/e.kosmolat.eu\/lt\/produktas\/elskin-pedu-pilinga-maska-1-paris\/","title":{"rendered":"EL&#8217;SKIN Pilingas-kauk\u0117 kulnams, 1 pora"},"content":{"rendered":"<p>Saugus nuospaud\u0173, pritrynim\u0173, &nbsp;\u012ftr\u016bkim\u0173 ir &scaron;iurk&scaron;\u010dios odos pa&scaron;alinimas. Nat\u016bral\u016bs apelsin\u0173, citrin\u0173, m\u0117lyni\u0173 ir pieno r\u016bg&scaron;ties vaisi\u0173 ekstraktai stimuliuoja nat\u016bral\u0173 negyv\u0173 audini\u0173 atsiskyrimo proces\u0105. &nbsp;Salicilo r\u016bg&scaron;tis ir arbatmedis pasi\u017eymi antibakteriniu poveikiu, o medaus ekstraktas, vitaminas E, karbamidas ir kokos\u0173, er&scaron;k\u0117tuogi\u0173, saul\u0117gr\u0105\u017e\u0173 ir alyvuogi\u0173 aliejai padeda sumink&scaron;tinti ir greitai atkurti, atnaujinti od\u0105.<\/p>\n<p><strong>Naudojimas: <\/strong>1. Nuplaukite kojas &scaron;iltu vandeniu. 2. Atidarykite pakuot\u0119 ir u\u017esid\u0117kite kauk\u0119 ant koj\u0173, stenkit\u0117s, kad kauk\u0117s kompozicija nepatekt\u0173 ant rank\u0173 odos, jei pateko, nuplaukite vandeniu. 3. Po 90-120 minu\u010di\u0173 nuimkite kauk\u0119-kojines. Likusi\u0105 kauk\u0119 nuplaukite &scaron;iltu vandeniu. 4. &Scaron;iurk&scaron;ti oda prad\u0117s &nbsp;sluoksniuotis &nbsp;pra\u0117jus 5-8 dienoms po kauk\u0117s naudojimo. Beveik visos nuospaudos i&scaron;nyks per artimiausias 3-5 dienas, priklausomai nuo j\u0173 storio. Nor\u0117dami pagreitinti &scaron;veitim\u0105, naudokite &scaron;iltas p\u0117d\u0173 voneles, o po to &scaron;veitim\u0105, o pediki\u016brui palaikyti naudokite atkuriam\u0105j\u0105 kojines- kauk\u0119 El&rsquo;Skin &bdquo;Avocado&ldquo;.<\/p>\n<p><strong>Patarimas: <\/strong>jei norite apsaugoti vir&scaron;utin\u0119 p\u0117d\u0173 od\u0105 nuo sluoksniavimosi, prie&scaron; naudodami &scaron;i\u0105 kauk\u0119 patepkite j\u0105 sodriu kremu.<\/p>\n<p><strong>Atsargumo priemon\u0117s:<\/strong> 1) Venkite naudoti ant pa\u017eeistos, sudirgusios ar saul\u0117je &nbsp;nudegusios odos. 2) Nenaudokite produkto, jei esate jautr\u016bs bet kuriam &nbsp;komponentui. Jei naudojimo metu oda parausta arba sudirgsta, nutraukite naudojim\u0105 ir kreipkit\u0117s \u012f gydytoj\u0105. 3) Venkite kontakto su aki\u0173 gleivine. Patekus, nuplaukite vandeniu. 4) Venkite naudoti ant odos, kuri yra jautri tvars\u010diams, &nbsp;ir lipnioms kauk\u0117ms. 5) Laikyti vaikams nepasiekiamoje vietoje. Laikyti nuo 0&deg;C iki 25&deg;C temperat\u016broje. Venkite tiesiogini\u0173 saul\u0117s spinduli\u0173.6) Tik i&scaron;oriniam naudojimui. Nenuryti!<\/p>\n<p><strong>Geriausias: <\/strong>3 metai nuo pagaminimo datos.<br \/>\n&nbsp;<\/p>\n","protected":false},"excerpt":{"rendered":"<p>Saugus nuospaud\u0173, pritrynim\u0173, &nbsp;\u012ftr\u016bkim\u0173 ir &scaron;iurk&scaron;\u010dios odos pa&scaron;alinimas. Nat\u016bral\u016bs apelsin\u0173, citrin\u0173, m\u0117lyni\u0173 ir pieno r\u016bg&scaron;ties vaisi\u0173 ekstraktai stimuliuoja nat\u016bral\u0173 negyv\u0173 audini\u0173 atsiskyrimo proces\u0105. &nbsp;Salicilo r\u016bg&scaron;tis ir arbatmedis pasi\u017eymi antibakteriniu poveikiu, o medaus ekstraktas, vitaminas E, karbamidas ir kokos\u0173, er&scaron;k\u0117tuogi\u0173, saul\u0117gr\u0105\u017e\u0173 ir alyvuogi\u0173 aliejai padeda sumink&scaron;tinti ir greitai atkurti, atnaujinti od\u0105. Naudojimas: 1. Nuplaukite kojas &scaron;iltu [&#8230;]\n","protected":false},"featured_media":88958,"template":"","meta":[],"product_cat":[1763],"product_tag":[],"class_list":{"0":"post-31007","1":"product","2":"type-product","3":"status-publish","4":"has-post-thumbnail","6":"product_brand-skinlite-lt","7":"product_cat-koju-prieziuros-kosmetika","9":"first","10":"outofstock","11":"taxable","12":"shipping-taxable","13":"product-type-simple"},"_links":{"self":[{"href":"https:\/\/e.kosmolat.eu\/lt\/wp-json\/wp\/v2\/product\/31007","targetHints":{"allow":["GET"]}}],"collection":[{"href":"https:\/\/e.kosmolat.eu\/lt\/wp-json\/wp\/v2\/product"}],"about":[{"href":"https:\/\/e.kosmolat.eu\/lt\/wp-json\/wp\/v2\/types\/product"}],"wp:featuredmedia":[{"embeddable":true,"href":"https:\/\/e.kosmolat.eu\/lt\/wp-json\/wp\/v2\/media\/88958"}],"wp:attachment":[{"href":"https:\/\/e.kosmolat.eu\/lt\/wp-json\/wp\/v2\/media?parent=31007"}],"wp:term":[{"taxonomy":"product_cat","embeddable":true,"href":"https:\/\/e.kosmolat.eu\/lt\/wp-json\/wp\/v2\/product_cat?post=31007"},{"taxonomy":"product_tag","embeddable":true,"href":"https:\/\/e.kosmolat.eu\/lt\/wp-json\/wp\/v2\/product_tag?post=31007"}],"curies":[{"name":"wp","href":"https:\/\/api.w.org\/{rel}","templated":true}]}}