{"id":31003,"date":"2023-12-19T21:42:15","date_gmt":"2023-12-19T21:42:15","guid":{"rendered":"https:\/\/e.kosmolat.eu\/product\/elskin-atjaun-kaju-maska-zekes-avokado-1-paris\/"},"modified":"2026-04-21T09:13:07","modified_gmt":"2026-04-21T09:13:07","slug":"elskin-atjaun-kaju-maska-zekes-avokado-1-paris","status":"publish","type":"product","link":"https:\/\/e.kosmolat.eu\/lt\/produktas\/elskin-atjaun-kaju-maska-zekes-avokado-1-paris\/","title":{"rendered":"EL&#8217;SKIN Atkurianti p\u0117d\u0173 kauk\u0117-kojin\u0117s &#8220;Avocado&#8221;, 1 pora"},"content":{"rendered":"<p>Sukurta specialiai sausos, &scaron;iurk&scaron;\u010dios p\u0117d\u0173 odos prie\u017ei\u016brai. Nat\u016bral\u016bs ingredientai, \u012ftraukti \u012f kauk\u0117s recept\u0105, tokie kaip avokad\u0173, taukmed\u017ei\u0173 ir makadamij\u0173 sviestai, intensyviai maitina, atkuria hidrolipid\u0173 balans\u0105, aktyviai kovoja su sausumu, mink&scaron;tina ir lygina od\u0105. Pantenolis ir vitaminai neleid\u017eia atsirasti \u012ftr\u016bkimams ir ma\u017eina esamus, vaista\u017eoli\u0173 ekstraktai atkuria, ma\u017eina prakaitavim\u0105, suteikia p\u0117d\u0173 odai jaunyst\u0117s ir gaivumo.<\/p>\n<p><strong>Naudojimas: <\/strong>1. Nuplaukite kojas &scaron;iltu vandeniu. 2. Atidarykite pakuot\u0119 ir u\u017esid\u0117kite kauk\u0119 ant koj\u0173. 3. Kad efektas b\u016bt\u0173 geresnis, galite m\u016bv\u0117ti &scaron;iltas kojines. 4. Po 20-30 minu\u010di\u0173 nuimkite kauk\u0119-kojines. Likusi\u0105 kauk\u0119 tolygiai paskirstykite ant koj\u0173 odos. Rekomenduojama naudoti 1-2 kartus per savait\u0119, ypa\u010d sausai odai, ilginkite proced\u016bros laik\u0105.<\/p>\n<p><strong>Atsargumo priemon\u0117s:<\/strong> 1) Venkite naudoti ant pa\u017eeistos, sudirgusios ar saul\u0117je nudegusios odos. 2) Nenaudokite produkto, jei esate jautr\u016bs bet kuriam komponentui. Jei naudojimo metu oda parausta arba sudirgsta, nutraukite naudojim\u0105 ir kreipkit\u0117s \u012f gydytoj\u0105. 3) Venkite kontakto su aki\u0173 gleivine. Patekus, nuplaukite vandeniu. 4) Venkite naudoti ant odos, kuri yra jautri, tvars\u010diams ir lipnioms kauk\u0117ms. 5) Laikyti vaikams nepasiekiamoje vietoje. Laikyti nuo 0&deg;C iki 25&deg;C temperat\u016broje. Venkite tiesiogini\u0173 saul\u0117s spinduli\u0173.6) Tik i&scaron;oriniam naudojimui. Nenuryti!<\/p>\n<p><strong>Geriausias:<\/strong> 3 metai nuo pagaminimo datos.<br \/>\n&nbsp;<\/p>\n","protected":false},"excerpt":{"rendered":"<p>Sukurta specialiai sausos, &scaron;iurk&scaron;\u010dios p\u0117d\u0173 odos prie\u017ei\u016brai. Nat\u016bral\u016bs ingredientai, \u012ftraukti \u012f kauk\u0117s recept\u0105, tokie kaip avokad\u0173, taukmed\u017ei\u0173 ir makadamij\u0173 sviestai, intensyviai maitina, atkuria hidrolipid\u0173 balans\u0105, aktyviai kovoja su sausumu, mink&scaron;tina ir lygina od\u0105. Pantenolis ir vitaminai neleid\u017eia atsirasti \u012ftr\u016bkimams ir ma\u017eina esamus, vaista\u017eoli\u0173 ekstraktai atkuria, ma\u017eina prakaitavim\u0105, suteikia p\u0117d\u0173 odai jaunyst\u0117s ir gaivumo. Naudojimas: 1. [&#8230;]\n","protected":false},"featured_media":88954,"template":"","meta":[],"product_cat":[2181],"product_tag":[],"class_list":{"0":"post-31003","1":"product","2":"type-product","3":"status-publish","4":"has-post-thumbnail","6":"product_brand-skinlite-lt","7":"product_cat-bez-kategorijas-lt","9":"first","10":"outofstock","11":"taxable","12":"shipping-taxable","13":"product-type-simple"},"_links":{"self":[{"href":"https:\/\/e.kosmolat.eu\/lt\/wp-json\/wp\/v2\/product\/31003","targetHints":{"allow":["GET"]}}],"collection":[{"href":"https:\/\/e.kosmolat.eu\/lt\/wp-json\/wp\/v2\/product"}],"about":[{"href":"https:\/\/e.kosmolat.eu\/lt\/wp-json\/wp\/v2\/types\/product"}],"wp:featuredmedia":[{"embeddable":true,"href":"https:\/\/e.kosmolat.eu\/lt\/wp-json\/wp\/v2\/media\/88954"}],"wp:attachment":[{"href":"https:\/\/e.kosmolat.eu\/lt\/wp-json\/wp\/v2\/media?parent=31003"}],"wp:term":[{"taxonomy":"product_cat","embeddable":true,"href":"https:\/\/e.kosmolat.eu\/lt\/wp-json\/wp\/v2\/product_cat?post=31003"},{"taxonomy":"product_tag","embeddable":true,"href":"https:\/\/e.kosmolat.eu\/lt\/wp-json\/wp\/v2\/product_tag?post=31003"}],"curies":[{"name":"wp","href":"https:\/\/api.w.org\/{rel}","templated":true}]}}