{"id":30999,"date":"2023-12-19T21:41:49","date_gmt":"2023-12-19T21:41:49","guid":{"rendered":"https:\/\/e.kosmolat.eu\/product\/elskin-barojosa-roku-maska-cimdi-mandele-1-paris\/"},"modified":"2026-04-01T07:17:43","modified_gmt":"2026-04-01T07:17:43","slug":"elskin-barojosa-roku-maska-cimdi-mandele-1-paris","status":"publish","type":"product","link":"https:\/\/e.kosmolat.eu\/lt\/produktas\/elskin-barojosa-roku-maska-cimdi-mandele-1-paris\/","title":{"rendered":"EL&#8217;SKIN Maitinamoji rank\u0173 kauk\u0117-pir\u0161tin\u0117s &#8220;Migdolas&#8221;, 1 pora"},"content":{"rendered":"<p>Skatina gil\u0173 dr\u0117kinim\u0105, maitinim\u0105 ir odos pleiskanojimo prevencij\u0105, padeda apsaugoti rankas nuo neigiamo aplinkos poveikio. \u012e kauk\u0119 \u012ftrauktas turtingas aliej\u0173 rinkinys, pavyzd\u017eiui, sald\u017ei\u0173j\u0173 migdol\u0173 aliejus, taukmed\u017ei\u0173 sviestas ir makadamij\u0173 aliejus, l\u0117tina l\u0105steli\u0173 sen\u0117jim\u0105, atkuria odos elastingum\u0105 ir stangrum\u0105. \u017doleli\u0173 ekstraktai, pantenolis ir vitaminas E skatina greit\u0105 mikro\u012ftr\u016bkim\u0173 gijim\u0105 ir ma\u017eina odos sudirginim\u0105.<\/p>\n<p><strong>Naudojimas:<\/strong> 1. Nusiplaukite rankas &scaron;iltu vandeniu. 2. Atidarykite pakuot\u0119 ir u\u017esimaukite pir&scaron;tines ant rank\u0173. 3. Kad efektas b\u016bt\u0173 geresnis, ant pir&scaron;tin\u0117s kauk\u0117s galite m\u016bv\u0117ti &scaron;iltas kum&scaron;tines ar pir&scaron;tines arba naudoti po buitin\u0117mis pir&scaron;tin\u0117mis plaunant indus. 4. Po 20-30 minu\u010di\u0173 nuimkite kauk\u0119-pir&scaron;tines. Likusi\u0105 kauk\u0119 tolygiai \u012fmasa\u017euokite \u012f rank\u0173 ir alk\u016bni\u0173 od\u0105. Rekomenduojama naudoti 1-2 kartus per savait\u0119.<\/p>\n<p><strong>Atsargumo priemon\u0117s:<\/strong> 1) Venkite naudoti ant pa\u017eeistos, sudirgusios ar saul\u0117je nudegusios odos. 2) Nenaudokite produkto, jei esate jautr\u016bs bet kuriam komponentui. Jei naudojimo metu oda parausta arba sudirgsta, nutraukite naudojim\u0105 ir kreipkit\u0117s \u012f gydytoj\u0105. 3) Venkite kontakto su aki\u0173 gleivine. Patekus, nuplaukite vandeniu. 4) Venkite naudoti ant odos, kuri yra jautri , tvars\u010diams ir lipnioms kauk\u0117ms. 5) Laikyti vaikams nepasiekiamoje vietoje. Laikyti nuo 0&deg;C iki 25&deg;C temperat\u016broje. Venkite tiesiogini\u0173 saul\u0117s spinduli\u0173.6) Tik i&scaron;oriniam naudojimui. Nenuryti!<\/p>\n<p><strong>Geriausias: <\/strong>3 metai nuo pagaminimo datos.<br \/>\n&nbsp;<\/p>\n","protected":false},"excerpt":{"rendered":"<p>Skatina gil\u0173 dr\u0117kinim\u0105, maitinim\u0105 ir odos pleiskanojimo prevencij\u0105, padeda apsaugoti rankas nuo neigiamo aplinkos poveikio. \u012e kauk\u0119 \u012ftrauktas turtingas aliej\u0173 rinkinys, pavyzd\u017eiui, sald\u017ei\u0173j\u0173 migdol\u0173 aliejus, taukmed\u017ei\u0173 sviestas ir makadamij\u0173 aliejus, l\u0117tina l\u0105steli\u0173 sen\u0117jim\u0105, atkuria odos elastingum\u0105 ir stangrum\u0105. \u017doleli\u0173 ekstraktai, pantenolis ir vitaminas E skatina greit\u0105 mikro\u012ftr\u016bkim\u0173 gijim\u0105 ir ma\u017eina odos sudirginim\u0105. Naudojimas: 1. Nusiplaukite [&#8230;]\n","protected":false},"featured_media":88950,"template":"","meta":[],"product_cat":[1304],"product_tag":[],"class_list":{"0":"post-30999","1":"product","2":"type-product","3":"status-publish","4":"has-post-thumbnail","6":"product_brand-skinlite-lt","7":"product_cat-ranku-prieziuros-kosmetika","9":"first","10":"outofstock","11":"taxable","12":"shipping-taxable","13":"product-type-simple"},"_links":{"self":[{"href":"https:\/\/e.kosmolat.eu\/lt\/wp-json\/wp\/v2\/product\/30999","targetHints":{"allow":["GET"]}}],"collection":[{"href":"https:\/\/e.kosmolat.eu\/lt\/wp-json\/wp\/v2\/product"}],"about":[{"href":"https:\/\/e.kosmolat.eu\/lt\/wp-json\/wp\/v2\/types\/product"}],"wp:featuredmedia":[{"embeddable":true,"href":"https:\/\/e.kosmolat.eu\/lt\/wp-json\/wp\/v2\/media\/88950"}],"wp:attachment":[{"href":"https:\/\/e.kosmolat.eu\/lt\/wp-json\/wp\/v2\/media?parent=30999"}],"wp:term":[{"taxonomy":"product_cat","embeddable":true,"href":"https:\/\/e.kosmolat.eu\/lt\/wp-json\/wp\/v2\/product_cat?post=30999"},{"taxonomy":"product_tag","embeddable":true,"href":"https:\/\/e.kosmolat.eu\/lt\/wp-json\/wp\/v2\/product_tag?post=30999"}],"curies":[{"name":"wp","href":"https:\/\/api.w.org\/{rel}","templated":true}]}}