{"id":30975,"date":"2023-12-19T21:39:27","date_gmt":"2023-12-19T21:39:27","guid":{"rendered":"https:\/\/e.kosmolat.eu\/product\/ns-dusas-zeleja-medus-ciekurs-400-ml\/"},"modified":"2025-09-20T01:23:05","modified_gmt":"2025-09-20T01:23:05","slug":"ns-dusas-zeleja-medus-ciekurs-400-ml","status":"publish","type":"product","link":"https:\/\/e.kosmolat.eu\/lt\/produktas\/ns-dusas-zeleja-medus-ciekurs-400-ml\/","title":{"rendered":"NATURA SIBERICA du\u0161o \u017eel\u0117 Medaus konkor\u0117\u017eis, 400 ml"},"content":{"rendered":"<p>Medaus du&scaron;o \u017eel\u0117, kurioje yra kedr\u0173 pieno ir ekologi&scaron;k\u0173 medaus ekstrakt\u0173, yra vitamin\u0173 ir maistini\u0173 med\u017eiag\u0173 &scaron;altinis odai. Maitina ir dr\u0117kina od\u0105, suteikdamas jai ne\u012ftik\u0117tin\u0105 &scaron;velnum\u0105 ir &scaron;velnum\u0105.<\/p>\n<p><strong>Naudojimas: <\/strong>nedidel\u012f kiek\u012f \u017eel\u0117 u\u017etepkite ant dr\u0117gnos odos, tolygiai paskirstykite ir masa\u017euokite, kol susidarys sodrios putos. Nuplaukite &scaron;iltu vandeniu.<br \/>\n&nbsp;<\/p>\n","protected":false},"excerpt":{"rendered":"<p>Medaus du&scaron;o \u017eel\u0117, kurioje yra kedr\u0173 pieno ir ekologi&scaron;k\u0173 medaus ekstrakt\u0173, yra vitamin\u0173 ir maistini\u0173 med\u017eiag\u0173 &scaron;altinis odai. Maitina ir dr\u0117kina od\u0105, suteikdamas jai ne\u012ftik\u0117tin\u0105 &scaron;velnum\u0105 ir &scaron;velnum\u0105. Naudojimas: nedidel\u012f kiek\u012f \u017eel\u0117 u\u017etepkite ant dr\u0117gnos odos, tolygiai paskirstykite ir masa\u017euokite, kol susidarys sodrios putos. Nuplaukite &scaron;iltu vandeniu. &nbsp;<\/p>\n","protected":false},"featured_media":88926,"template":"","meta":[],"product_cat":[1282],"product_tag":[],"class_list":{"0":"post-30975","1":"product","2":"type-product","3":"status-publish","4":"has-post-thumbnail","6":"product_brand-siberica_ee-lt","7":"product_cat-duso-geliai-ir-duso-aliejai","9":"first","10":"outofstock","11":"taxable","12":"shipping-taxable","13":"product-type-simple"},"_links":{"self":[{"href":"https:\/\/e.kosmolat.eu\/lt\/wp-json\/wp\/v2\/product\/30975","targetHints":{"allow":["GET"]}}],"collection":[{"href":"https:\/\/e.kosmolat.eu\/lt\/wp-json\/wp\/v2\/product"}],"about":[{"href":"https:\/\/e.kosmolat.eu\/lt\/wp-json\/wp\/v2\/types\/product"}],"wp:featuredmedia":[{"embeddable":true,"href":"https:\/\/e.kosmolat.eu\/lt\/wp-json\/wp\/v2\/media\/88926"}],"wp:attachment":[{"href":"https:\/\/e.kosmolat.eu\/lt\/wp-json\/wp\/v2\/media?parent=30975"}],"wp:term":[{"taxonomy":"product_cat","embeddable":true,"href":"https:\/\/e.kosmolat.eu\/lt\/wp-json\/wp\/v2\/product_cat?post=30975"},{"taxonomy":"product_tag","embeddable":true,"href":"https:\/\/e.kosmolat.eu\/lt\/wp-json\/wp\/v2\/product_tag?post=30975"}],"curies":[{"name":"wp","href":"https:\/\/api.w.org\/{rel}","templated":true}]}}