{"id":30959,"date":"2023-12-19T21:36:07","date_gmt":"2023-12-19T21:36:07","guid":{"rendered":"https:\/\/e.kosmolat.eu\/product\/ld-fleurs-de-france-vannas-putas-hiacintes-greznums-730-g\/"},"modified":"2025-09-20T01:13:04","modified_gmt":"2025-09-20T01:13:04","slug":"ld-fleurs-de-france-vannas-putas-hiacintes-greznums-730-g","status":"publish","type":"product","link":"https:\/\/e.kosmolat.eu\/lt\/produktas\/ld-fleurs-de-france-vannas-putas-hiacintes-greznums-730-g\/","title":{"rendered":"!LIV DELANO Fleurs de France Vonios putos Hiacint\u0173 prabanga, 730 g"},"content":{"rendered":"<p>Hiacintais kvepian\u010diose vonios putose yra hiacint\u0173 ir kvie\u010di\u0173 ekstrakt\u0173, kurie mink&scaron;tina ir tonizuoja od\u0105.<\/p>\n<p><strong>Naudojimas: <\/strong>nedidel\u012f kiek\u012f put\u0173 suputokite po tekan\u010diu vandeniu.<\/p>\n<p>Laikyti nuo 0 &deg;C iki +25 &deg;C temperat\u016broje.<br \/>\n&nbsp;<\/p>\n","protected":false},"excerpt":{"rendered":"<p>Hiacintais kvepian\u010diose vonios putose yra hiacint\u0173 ir kvie\u010di\u0173 ekstrakt\u0173, kurie mink&scaron;tina ir tonizuoja od\u0105. Naudojimas: nedidel\u012f kiek\u012f put\u0173 suputokite po tekan\u010diu vandeniu. Laikyti nuo 0 &deg;C iki +25 &deg;C temperat\u016broje. &nbsp;<\/p>\n","protected":false},"featured_media":88754,"template":"","meta":[],"product_cat":[1612],"product_tag":[],"class_list":{"0":"post-30959","1":"product","2":"type-product","3":"status-publish","4":"has-post-thumbnail","6":"product_brand-belgates_by-lt","7":"product_cat-putos-druska-vonios-bombos","9":"first","10":"outofstock","11":"taxable","12":"shipping-taxable","13":"product-type-simple"},"_links":{"self":[{"href":"https:\/\/e.kosmolat.eu\/lt\/wp-json\/wp\/v2\/product\/30959","targetHints":{"allow":["GET"]}}],"collection":[{"href":"https:\/\/e.kosmolat.eu\/lt\/wp-json\/wp\/v2\/product"}],"about":[{"href":"https:\/\/e.kosmolat.eu\/lt\/wp-json\/wp\/v2\/types\/product"}],"wp:featuredmedia":[{"embeddable":true,"href":"https:\/\/e.kosmolat.eu\/lt\/wp-json\/wp\/v2\/media\/88754"}],"wp:attachment":[{"href":"https:\/\/e.kosmolat.eu\/lt\/wp-json\/wp\/v2\/media?parent=30959"}],"wp:term":[{"taxonomy":"product_cat","embeddable":true,"href":"https:\/\/e.kosmolat.eu\/lt\/wp-json\/wp\/v2\/product_cat?post=30959"},{"taxonomy":"product_tag","embeddable":true,"href":"https:\/\/e.kosmolat.eu\/lt\/wp-json\/wp\/v2\/product_tag?post=30959"}],"curies":[{"name":"wp","href":"https:\/\/api.w.org\/{rel}","templated":true}]}}